{"id":498,"date":"2013-10-29T21:02:29","date_gmt":"2013-10-29T20:02:29","guid":{"rendered":"http:\/\/cursoswp.educacion.navarra.es\/revista\/?page_id=498"},"modified":"2013-10-29T21:02:29","modified_gmt":"2013-10-29T20:02:29","slug":"colaboraciones","status":"publish","type":"page","link":"https:\/\/cursoswp.educacion.navarra.es\/revista\/colaboraciones\/","title":{"rendered":"Colaboraciones"},"content":{"rendered":"<p>Si quieres publicar en nuestra revista, puedes enviarnos un art\u00edculo mediante el formulario que aparece a continuaci\u00f3n (todos los campos son obligatorios). Ten en cuenta que todos los art\u00edculos deben atenerse a lo establecido en las <a title=\"Normas de publicaci\u00f3n de la revista\" href=\"http:\/\/cursoswp.educacion.navarra.es\/revista\/normas-de-publicacion\/\" target=\"_blank\">normas de publicaci\u00f3n<\/a> de la revista. Adem\u00e1s, deben respetarse las siguientes condiciones:<\/p>\n<ul>\n<li>El fichero con el art\u00edculo no puede superar los 2 MB. de tama\u00f1o.<\/li>\n<li>Solo se admiten los siguientes formatos:<\/li>\n<ul>\n<li>DOC, DOCX y ODT, para ficheros de texto.<\/li>\n<li>ZIP y RAR, para ficheros comprimidos, que pueden contener a su vez texto, im\u00e1genes, etc.<\/li>\n<\/ul>\n<\/ul>\n<p>Una vez que el equipo de la redacci\u00f3n de la revista haya valorado tu art\u00edculo, se te enviar\u00e1 una respuesta por correo electr\u00f3nico, en el plazo m\u00e1s breve posible.<\/p>\n<div role=\"form\" class=\"wpcf7\" id=\"wpcf7-f495-o1\" lang=\"es-ES\" dir=\"ltr\">\n<div class=\"screen-reader-response\"><p role=\"status\" aria-live=\"polite\" aria-atomic=\"true\"><\/p> <ul><\/ul><\/div>\n<form action=\"\/revista\/wp-json\/wp\/v2\/pages\/498#wpcf7-f495-o1\" method=\"post\" class=\"wpcf7-form init\" enctype=\"multipart\/form-data\" novalidate=\"novalidate\" data-status=\"init\">\n<div style=\"display: none;\">\n<input type=\"hidden\" name=\"_wpcf7\" value=\"495\" \/>\n<input type=\"hidden\" name=\"_wpcf7_version\" value=\"5.6.4\" \/>\n<input type=\"hidden\" name=\"_wpcf7_locale\" value=\"es_ES\" \/>\n<input type=\"hidden\" name=\"_wpcf7_unit_tag\" value=\"wpcf7-f495-o1\" \/>\n<input type=\"hidden\" name=\"_wpcf7_container_post\" value=\"0\" \/>\n<input type=\"hidden\" name=\"_wpcf7_posted_data_hash\" value=\"\" \/>\n<\/div>\n<p>Nombre y apellidos<br \/>\n    <span class=\"wpcf7-form-control-wrap\" data-name=\"your-name\"><input type=\"text\" name=\"your-name\" value=\"\" size=\"40\" class=\"wpcf7-form-control wpcf7-text wpcf7-validates-as-required\" aria-required=\"true\" aria-invalid=\"false\" \/><\/span> <\/p>\n<p>Email<br \/>\n    <span class=\"wpcf7-form-control-wrap\" data-name=\"your-email\"><input type=\"email\" name=\"your-email\" value=\"\" size=\"40\" class=\"wpcf7-form-control wpcf7-text wpcf7-email wpcf7-validates-as-required wpcf7-validates-as-email\" aria-required=\"true\" aria-invalid=\"false\" \/><\/span> <\/p>\n<p>Asunto<br \/>\n    <span class=\"wpcf7-form-control-wrap\" data-name=\"your-subject\"><input type=\"text\" name=\"your-subject\" value=\"\" size=\"40\" class=\"wpcf7-form-control wpcf7-text wpcf7-validates-as-required\" aria-required=\"true\" aria-invalid=\"false\" \/><\/span> <\/p>\n<p>Mensaje<br \/>\n    <span class=\"wpcf7-form-control-wrap\" data-name=\"your-message\"><textarea name=\"your-message\" cols=\"80\" rows=\"10\" class=\"wpcf7-form-control wpcf7-textarea wpcf7-validates-as-required\" aria-required=\"true\" aria-invalid=\"false\"><\/textarea><\/span> <\/p>\n<p>Fichero para publicar<br \/>\n    <span class=\"wpcf7-form-control-wrap\" data-name=\"file-591\"><input type=\"file\" name=\"file-591\" size=\"40\" class=\"wpcf7-form-control wpcf7-file\" accept=\".doc,.odt,.docx,.zip,.rar\" aria-invalid=\"false\" \/><\/span> <\/p>\n<p>Pregunta de verificaci\u00f3n<br \/>\n<span class=\"wpcf7-form-control-wrap\" data-name=\"quiz-821\"><label><span class=\"wpcf7-quiz-label\">\u00bfCu\u00e1nto suman 15+25?<\/span> <input type=\"text\" name=\"quiz-821\" size=\"2\" maxlength=\"2\" class=\"wpcf7-form-control wpcf7-quiz\" autocomplete=\"off\" aria-required=\"true\" aria-invalid=\"false\" \/><\/label><input type=\"hidden\" name=\"_wpcf7_quiz_answer_quiz-821\" value=\"a2002ef7212efb1b4591bf72d4c99725\" \/><\/span><\/p>\n<p><input type=\"submit\" value=\"Enviar\" class=\"wpcf7-form-control has-spinner wpcf7-submit\" \/><\/p>\n<p style=\"display: none !important;\" class=\"akismet-fields-container\" data-prefix=\"_wpcf7_ak_\"><label>&#916;<textarea name=\"_wpcf7_ak_hp_textarea\" cols=\"45\" rows=\"8\" maxlength=\"100\"><\/textarea><\/label><input type=\"hidden\" id=\"ak_js_1\" name=\"_wpcf7_ak_js\" value=\"37\"\/><script>document.getElementById( \"ak_js_1\" ).setAttribute( \"value\", ( new Date() ).getTime() );<\/script><\/p><div class=\"wpcf7-response-output\" aria-hidden=\"true\"><\/div><\/form><\/div>\n","protected":false},"excerpt":{"rendered":"<p>Si quieres publicar en nuestra revista, puedes enviarnos un art\u00edculo mediante el formulario que aparece a continuaci\u00f3n (todos los campos son obligatorios). Ten en cuenta que todos los art\u00edculos deben atenerse a lo establecido en las normas de publicaci\u00f3n de la revista. Adem\u00e1s, deben respetarse las siguientes condiciones: El fichero con el art\u00edculo no puede &hellip; <\/p>\n<p><a class=\"more-link btn\" href=\"https:\/\/cursoswp.educacion.navarra.es\/revista\/colaboraciones\/\">Continue reading<\/a><\/p>\n","protected":false},"author":1,"featured_media":0,"parent":0,"menu_order":2,"comment_status":"closed","ping_status":"closed","template":"","meta":{"footnotes":""},"_links":{"self":[{"href":"https:\/\/cursoswp.educacion.navarra.es\/revista\/wp-json\/wp\/v2\/pages\/498"}],"collection":[{"href":"https:\/\/cursoswp.educacion.navarra.es\/revista\/wp-json\/wp\/v2\/pages"}],"about":[{"href":"https:\/\/cursoswp.educacion.navarra.es\/revista\/wp-json\/wp\/v2\/types\/page"}],"author":[{"embeddable":true,"href":"https:\/\/cursoswp.educacion.navarra.es\/revista\/wp-json\/wp\/v2\/users\/1"}],"replies":[{"embeddable":true,"href":"https:\/\/cursoswp.educacion.navarra.es\/revista\/wp-json\/wp\/v2\/comments?post=498"}],"version-history":[{"count":0,"href":"https:\/\/cursoswp.educacion.navarra.es\/revista\/wp-json\/wp\/v2\/pages\/498\/revisions"}],"wp:attachment":[{"href":"https:\/\/cursoswp.educacion.navarra.es\/revista\/wp-json\/wp\/v2\/media?parent=498"}],"curies":[{"name":"wp","href":"https:\/\/api.w.org\/{rel}","templated":true}]}}