{"id":484,"date":"2013-10-23T20:22:16","date_gmt":"2013-10-23T18:22:16","guid":{"rendered":"http:\/\/cursoswp.educacion.navarra.es\/revista\/?page_id=484"},"modified":"2017-11-20T08:19:42","modified_gmt":"2017-11-20T07:19:42","slug":"indice-de-todos-los-articulos","status":"publish","type":"page","link":"https:\/\/cursoswp.educacion.navarra.es\/revista\/indice-de-todos-los-articulos\/","title":{"rendered":"\u00cdndice de todos los art\u00edculos"},"content":{"rendered":"<p>A continuaci\u00f3n figura el \u00edndice de todos los art\u00edculos de la revista, en orden cronol\u00f3gico inverso de publicaci\u00f3n. El \u00edndice ha sido elaborado con el plugin\u00a0<a title=\"WordPress Plugins - List Category Posts\" href=\"https:\/\/wordpress.org\/plugins\/display-posts-shortcode\/\" target=\"_blank\" rel=\"noopener\">Display Posts Shortcode<\/a>.<\/p>\n<div style=\"margin-top:20px;>\n<ul class=\"display-posts-listing\"><li class=\"listing-item\"><a class=\"title\" href=\"https:\/\/cursoswp.educacion.navarra.es\/revista\/articulo\/curso-sobre-publicidad\/\">Curso sobre publicidad<\/a> <span class=\"date\">- 18 de octubre de 2013<\/span> <span class=\"author\">by Felipe Alonso Moro<\/span> <span class=\"excerpt-dash\">-<\/span> <span class=\"excerpt\">Curso de formaci\u00f3n del profesorado sobre \"Publicidad y nuevos medios\", abierto a la participaci\u00f3n de la comundidad educativa.<\/span><\/li><li class=\"listing-item\"><a class=\"title\" href=\"https:\/\/cursoswp.educacion.navarra.es\/revista\/articulo\/entrevista-con-el-geologo-aitor-calvo\/\">Entrevista con el ge\u00f3logo Aitor Calvo<\/a> <span class=\"date\">- 18 de octubre de 2013<\/span> <span class=\"author\">by Maider S\u00e1nchez Carrica<\/span> <span class=\"excerpt-dash\">-<\/span> <span class=\"excerpt\">Entrevista con el ge\u00f3logo Aitor Calvo Madinabeitia, miembro de la comunidad educativa de nuestro colegio y famoso ge\u00f3logo y mineralogista.<\/span><\/li><li class=\"listing-item\"><a class=\"title\" href=\"https:\/\/cursoswp.educacion.navarra.es\/revista\/articulo\/un-poco-de-investigacion\/\">Un poco de investigaci\u00f3n<\/a> <span class=\"date\">- 18 de octubre de 2013<\/span> <span class=\"author\">by Marta C\u00e1ceres Sagard\u00eda<\/span> <span class=\"excerpt-dash\">-<\/span> <span class=\"excerpt\">Actividad de investigaci\u00f3n a partir de la fotograf\u00eda de un hotel.<\/span><\/li><li class=\"listing-item\"><a class=\"title\" href=\"https:\/\/cursoswp.educacion.navarra.es\/revista\/articulo\/vida-de-marino\/\">Vida de marino<\/a> <span class=\"date\">- 18 de octubre de 2013<\/span> <span class=\"author\">by Felipe Alonso Moro<\/span> <span class=\"excerpt-dash\">-<\/span> <span class=\"excerpt\">Entrevista con Alejandro Go\u00f1i Carami\u00f1\u00e1n, capit\u00e1n de la marina mercante retirado.<\/span><\/li><li class=\"listing-item\"><a class=\"title\" href=\"https:\/\/cursoswp.educacion.navarra.es\/revista\/articulo\/rosa-blanca-cuarteada\/\">Rosa blanca cuarteada<\/a> <span class=\"date\">- 18 de octubre de 2013<\/span> <span class=\"author\">by Leyre Lezaun Barricarte<\/span> <span class=\"excerpt-dash\">-<\/span> <span class=\"excerpt\">Fotograf\u00eda ganadora del concurso de retoque fotogr\u00e1fico organizado por el Departamento de Pl\u00e1stica.<\/span><\/li><li class=\"listing-item\"><a class=\"title\" href=\"https:\/\/cursoswp.educacion.navarra.es\/revista\/articulo\/concurso-de-flores-cultivadas\/\">Concurso de flores cultivadas<\/a> <span class=\"date\">- 18 de octubre de 2013<\/span> <span class=\"author\">by Javier Sagardoy Altuna<\/span> <span class=\"excerpt-dash\">-<\/span> <span class=\"excerpt\">Resultados del concurso de flores cultivadas, celebrado durante el \u00faltimo mes.<\/span><\/li><li class=\"listing-item\"><a class=\"title\" href=\"https:\/\/cursoswp.educacion.navarra.es\/revista\/articulo\/levadas-en-madeira\/\">Levadas en Madeira<\/a> <span class=\"date\">- 18 de octubre de 2013<\/span> <span class=\"author\">by Felipe Alonso Moro<\/span> <span class=\"excerpt-dash\">-<\/span> <span class=\"excerpt\">Reportaje sobre las \"levadas\" o canales de irrigaci\u00f3n en la isla de Madeira<\/span><\/li><li class=\"listing-item\"><a class=\"title\" href=\"https:\/\/cursoswp.educacion.navarra.es\/revista\/articulo\/la-colaboracion-factor-esencial-para-la-calidad-educativa\/\">La colaboraci\u00f3n, factor esencial para la calidad educativa<\/a> <span class=\"date\">- 18 de octubre de 2013<\/span> <span class=\"author\">by Marta C\u00e1ceres Sagard\u00eda<\/span> <span class=\"excerpt-dash\">-<\/span> <span class=\"excerpt\">Editorial del tercer n\u00famero de la revista, sobre el concepto de cooperaci\u00f3n como factor clave para la calidad educativa.<\/span><\/li><li class=\"listing-item\"><a class=\"title\" href=\"https:\/\/cursoswp.educacion.navarra.es\/revista\/articulo\/exhibicion-de-coches-antiguos\/\">Exhibici\u00f3n de coches antiguos<\/a> <span class=\"date\">- 2 de septiembre de 2013<\/span> <span class=\"author\">by Maider S\u00e1nchez Carrica<\/span> <span class=\"excerpt-dash\">-<\/span> <span class=\"excerpt\">Rolls Royce fotografiado durante la exhibici\u00f3n de autom\u00f3viles antiguos.<\/span><\/li><li class=\"listing-item\"><a class=\"title\" href=\"https:\/\/cursoswp.educacion.navarra.es\/revista\/articulo\/la-experiencia-de-5o-de-eso-con-moodle\/\">La experiencia de 5\u00ba de ESO con Moodle<\/a> <span class=\"date\">- 2 de septiembre de 2013<\/span> <span class=\"author\">by Marta C\u00e1ceres Sagard\u00eda<\/span> <span class=\"excerpt-dash\">-<\/span> <span class=\"excerpt\">Un grupo de alumnos y alumnas de 5\u00ba A y B de ESO nos cuentan su experiencia con Moodle.<\/span><\/li><li class=\"listing-item\"><a class=\"title\" href=\"https:\/\/cursoswp.educacion.navarra.es\/revista\/articulo\/las-tic-en-el-colegio\/\">Las TIC en el colegio<\/a> <span class=\"date\">- 2 de septiembre de 2013<\/span> <span class=\"author\">by Leyre Lezaun Barricarte<\/span> <span class=\"excerpt-dash\">-<\/span> <span class=\"excerpt\">Organizaci\u00f3n en el colegio de las Tecnolog\u00edas de la Informaci\u00f3n y la Comunicaci\u00f3n.<\/span><\/li><li class=\"listing-item\"><a class=\"title\" href=\"https:\/\/cursoswp.educacion.navarra.es\/revista\/articulo\/ganador-del-concurso-de-tarjetas\/\">Ganador del concurso de tarjetas<\/a> <span class=\"date\">- 2 de septiembre de 2013<\/span> <span class=\"author\">by Javier Sagardoy Altuna<\/span> <span class=\"excerpt-dash\">-<\/span> <span class=\"excerpt\">Carlos \u00c1lvarez Santiago, alumno de 6\u00ba A de Primaria, es el ganador del Concurso de Postales Navide\u00f1as.<\/span><\/li><li class=\"listing-item\"><a class=\"title\" href=\"https:\/\/cursoswp.educacion.navarra.es\/revista\/articulo\/adios-a-la-presidenta-de-la-apyma\/\">Adi\u00f3s a la Presidenta de la APYMA<\/a> <span class=\"date\">- 2 de septiembre de 2013<\/span> <span class=\"author\">by Marta C\u00e1ceres Sagard\u00eda<\/span> <span class=\"excerpt-dash\">-<\/span> <span class=\"excerpt\">Despedida a Margarita Renedo Gurtubai, presidenta de la APYMA.<\/span><\/li><li class=\"listing-item\"><a class=\"title\" href=\"https:\/\/cursoswp.educacion.navarra.es\/revista\/articulo\/la-revista-online-se-consolida\/\">La revista online se consolida<\/a> <span class=\"date\">- 2 de septiembre de 2013<\/span> <span class=\"author\">by Maider S\u00e1nchez Carrica<\/span> <span class=\"excerpt-dash\">-<\/span> <span class=\"excerpt\">Editorial sobre el n\u00famero 2 de la revista del colegio, en el que se glosa su \u00e9xito y consolidaci\u00f3n.<\/span><\/li><li class=\"listing-item\"><a class=\"title\" href=\"https:\/\/cursoswp.educacion.navarra.es\/revista\/articulo\/premio-a-la-calidad-educativa\/\">Premio a la Calidad Educativa<\/a> <span class=\"date\">- 12 de abril de 2013<\/span> <span class=\"author\">by Marta C\u00e1ceres Sagard\u00eda<\/span> <span class=\"excerpt-dash\">-<\/span> <span class=\"excerpt\">El colegio ha ganado el II Premio Regional a la Calidad Educativa, concedido por el Departamento de Educaci\u00f3n. <\/span><\/li><li class=\"listing-item\"><a class=\"title\" href=\"https:\/\/cursoswp.educacion.navarra.es\/revista\/articulo\/la-capitana-del-equipo-de-futbol-se-desmelena\/\">La capitana del equipo de f\u00fatbol se desmelena<\/a> <span class=\"date\">- 12 de abril de 2013<\/span> <span class=\"author\">by Felipe Alonso Moro<\/span> <span class=\"excerpt-dash\">-<\/span> <span class=\"excerpt\">Entrevista con Marta Espejo Lizarrondo, con motivo de la final del campeonato de f\u00fatbol escolar mixto.<\/span><\/li><li class=\"listing-item\"><a class=\"title\" href=\"https:\/\/cursoswp.educacion.navarra.es\/revista\/articulo\/funchal-la-nuit\/\">Funchal la nuit<\/a> <span class=\"date\">- 12 de abril de 2013<\/span> <span class=\"author\">by Leyre Lezaun Barricarte<\/span> <span class=\"excerpt-dash\">-<\/span> <span class=\"excerpt\">Reportaje sobre las an\u00e9cdotas del intercambio escolar con un colegio de la isla portuguesa de Madeira.<\/span><\/li><li class=\"listing-item\"><a class=\"title\" href=\"https:\/\/cursoswp.educacion.navarra.es\/revista\/articulo\/intercambio-con-madeira\/\">Intercambio con Madeira<\/a> <span class=\"date\">- 12 de abril de 2013<\/span> <span class=\"author\">by Javier Sagardoy Altuna<\/span> <span class=\"excerpt-dash\">-<\/span> <span class=\"excerpt\">Cr\u00f3nica del intercambio de alumnos y profesores con un centro escolar de la isla portuguesa de Madeira.<\/span><\/li><li class=\"listing-item\"><a class=\"title\" href=\"https:\/\/cursoswp.educacion.navarra.es\/revista\/articulo\/nuevos-profesores\/\">Nuevos profesores<\/a> <span class=\"date\">- 12 de abril de 2013<\/span> <span class=\"author\">by Maider S\u00e1nchez Carrica<\/span> <span class=\"excerpt-dash\">-<\/span> <span class=\"excerpt\">Relaci\u00f3n de los nuevos profesores y profesoras que se han incorporado al colegio en el curso 2011-2012.<\/span><\/li><li class=\"listing-item\"><a class=\"title\" href=\"https:\/\/cursoswp.educacion.navarra.es\/revista\/articulo\/sudokus-divertidos\/\">Sudokus divertidos<\/a> <span class=\"date\">- 12 de abril de 2013<\/span> <span class=\"author\">by Javier Sagardoy Altuna<\/span> <span class=\"excerpt-dash\">-<\/span> <span class=\"excerpt\">Una recopilaci\u00f3n de los mejores sudokus elaborados por nuestro equipo de redacci\u00f3n, para ejercitar las habilidades matem\u00e1ticas y de razonamiento.<\/span><\/li><li class=\"listing-item\"><a class=\"title\" href=\"https:\/\/cursoswp.educacion.navarra.es\/revista\/articulo\/la-ampliacion-del-colegio\/\">La ampliaci\u00f3n del colegio<\/a> <span class=\"date\">- 12 de abril de 2013<\/span> <span class=\"author\">by Leyre Lezaun Barricarte<\/span> <span class=\"excerpt-dash\">-<\/span> <span class=\"excerpt\">Reportaje sobre la ampliaci\u00f3n del colegio y la reforma del patio, realizados en el verano de 2011.<\/span><\/li><li class=\"listing-item\"><a class=\"title\" href=\"https:\/\/cursoswp.educacion.navarra.es\/revista\/articulo\/entrevista-a-luis-reparaz\/\">Entrevista a Luis Rep\u00e1raz<\/a> <span class=\"date\">- 12 de abril de 2013<\/span> <span class=\"author\">by Felipe Alonso Moro<\/span> <span class=\"excerpt-dash\">-<\/span> <span class=\"excerpt\">Entrevista a Luis Rep\u00e1raz, conserje del Colegio, con motivo de su jubilaci\u00f3n.<\/span><\/li><li class=\"listing-item\"><a class=\"title\" href=\"https:\/\/cursoswp.educacion.navarra.es\/revista\/articulo\/cuento-ganador-del-concurso-de-redaccion\/\">Cuento ganador del concurso de redacci\u00f3n<\/a> <span class=\"date\">- 12 de abril de 2013<\/span> <span class=\"author\">by Leyre Lezaun Barricarte<\/span> <span class=\"excerpt-dash\">-<\/span> <span class=\"excerpt\">Jacinto P\u00e9rez Barricarte ha ganado con el cuento \"Todos eran hinchas del mismo equipo\" el primer premio del Quinto Concurso de Redacci\u00f3n Escolar de nuestro colegio.<\/span><\/li><li class=\"listing-item\"><a class=\"title\" href=\"https:\/\/cursoswp.educacion.navarra.es\/revista\/articulo\/el-nacimiento-de-una-revista-online\/\">El nacimiento de una revista online<\/a> <span class=\"date\">- 12 de abril de 2013<\/span> <span class=\"author\">by Eduardo Larequi Garc\u00eda<\/span> <span class=\"excerpt-dash\">-<\/span> <span class=\"excerpt\">Editorial del primer n\u00famero de la revista, en el que se celebra el inicio de la publicaci\u00f3n y se anima a la participaci\u00f3n de toda la comunidad escolar.<\/span><\/li><\/ul>\n<\/div>\n","protected":false},"excerpt":{"rendered":"<p>A continuaci\u00f3n figura el \u00edndice de todos los art\u00edculos de la revista, en orden cronol\u00f3gico inverso de publicaci\u00f3n. El \u00edndice ha sido elaborado con el plugin\u00a0Display Posts Shortcode.<\/p>\n","protected":false},"author":1,"featured_media":0,"parent":0,"menu_order":4,"comment_status":"closed","ping_status":"closed","template":"","meta":{"footnotes":""},"_links":{"self":[{"href":"https:\/\/cursoswp.educacion.navarra.es\/revista\/wp-json\/wp\/v2\/pages\/484"}],"collection":[{"href":"https:\/\/cursoswp.educacion.navarra.es\/revista\/wp-json\/wp\/v2\/pages"}],"about":[{"href":"https:\/\/cursoswp.educacion.navarra.es\/revista\/wp-json\/wp\/v2\/types\/page"}],"author":[{"embeddable":true,"href":"https:\/\/cursoswp.educacion.navarra.es\/revista\/wp-json\/wp\/v2\/users\/1"}],"replies":[{"embeddable":true,"href":"https:\/\/cursoswp.educacion.navarra.es\/revista\/wp-json\/wp\/v2\/comments?post=484"}],"version-history":[{"count":0,"href":"https:\/\/cursoswp.educacion.navarra.es\/revista\/wp-json\/wp\/v2\/pages\/484\/revisions"}],"wp:attachment":[{"href":"https:\/\/cursoswp.educacion.navarra.es\/revista\/wp-json\/wp\/v2\/media?parent=484"}],"curies":[{"name":"wp","href":"https:\/\/api.w.org\/{rel}","templated":true}]}}