{"id":461,"date":"2013-10-20T16:13:31","date_gmt":"2013-10-20T14:13:31","guid":{"rendered":"http:\/\/cursoswp.educacion.navarra.es\/revista\/?page_id=461"},"modified":"2013-10-30T22:12:54","modified_gmt":"2013-10-30T21:12:54","slug":"en-este-numero","status":"publish","type":"page","link":"https:\/\/cursoswp.educacion.navarra.es\/revista\/","title":{"rendered":"En este n\u00famero"},"content":{"rendered":"<p>Nuestra revista da la m\u00e1s cordial bienvenida a todos los lectores y lectoras de este reciente n\u00famero 3, publicado en el oto\u00f1o de 2013. A continuaci\u00f3n aparecen los res\u00famenes de todos los art\u00edculos que forman parte de este n\u00famero.<\/p>\n<p>Quien desee navegar por los dem\u00e1s n\u00fameros o por las secciones de la revista, puede hacer clic en los enlaces del men\u00fa de la izquierda.<\/p>\n","protected":false},"excerpt":{"rendered":"<p>Nuestra revista da la m\u00e1s cordial bienvenida a todos los lectores y lectoras de este reciente n\u00famero 3, publicado en el oto\u00f1o de 2013. A continuaci\u00f3n aparecen los res\u00famenes de todos los art\u00edculos que forman parte de este n\u00famero. Quien desee navegar por los dem\u00e1s n\u00fameros o por las secciones de la revista, puede hacer &hellip; <\/p>\n<p><a class=\"more-link btn\" href=\"https:\/\/cursoswp.educacion.navarra.es\/revista\/\">Continue reading<\/a><\/p>\n","protected":false},"author":1,"featured_media":0,"parent":0,"menu_order":5,"comment_status":"closed","ping_status":"closed","template":"","meta":{"footnotes":""},"_links":{"self":[{"href":"https:\/\/cursoswp.educacion.navarra.es\/revista\/wp-json\/wp\/v2\/pages\/461"}],"collection":[{"href":"https:\/\/cursoswp.educacion.navarra.es\/revista\/wp-json\/wp\/v2\/pages"}],"about":[{"href":"https:\/\/cursoswp.educacion.navarra.es\/revista\/wp-json\/wp\/v2\/types\/page"}],"author":[{"embeddable":true,"href":"https:\/\/cursoswp.educacion.navarra.es\/revista\/wp-json\/wp\/v2\/users\/1"}],"replies":[{"embeddable":true,"href":"https:\/\/cursoswp.educacion.navarra.es\/revista\/wp-json\/wp\/v2\/comments?post=461"}],"version-history":[{"count":0,"href":"https:\/\/cursoswp.educacion.navarra.es\/revista\/wp-json\/wp\/v2\/pages\/461\/revisions"}],"wp:attachment":[{"href":"https:\/\/cursoswp.educacion.navarra.es\/revista\/wp-json\/wp\/v2\/media?parent=461"}],"curies":[{"name":"wp","href":"https:\/\/api.w.org\/{rel}","templated":true}]}}