{"id":263,"date":"2012-02-24T22:22:40","date_gmt":"2012-02-24T21:22:40","guid":{"rendered":"http:\/\/cursoswp.educacion.navarra.es\/revista2\/?page_id=263"},"modified":"2016-05-22T16:50:33","modified_gmt":"2016-05-22T14:50:33","slug":"indice-por-secciones","status":"publish","type":"page","link":"https:\/\/cursoswp.educacion.navarra.es\/revista\/indice-por-secciones\/","title":{"rendered":"\u00cdndice por secciones"},"content":{"rendered":"<p>A continuaci\u00f3n figura el contenido de todas las secciones de la revista. En cada secci\u00f3n, los art\u00edculos est\u00e1n dispuestos por orden cronol\u00f3gico de publicaci\u00f3n. El \u00edndice ha sido elaborado con el plugin\u00a0<a title=\"WordPress Plugins - List Category Posts\" href=\"https:\/\/wordpress.org\/plugins\/display-posts-shortcode\/\" target=\"_blank\">Display Post Shortcode<\/a>.<\/p>\n<h2>Editoriales<\/h2>\n<ul class=\"display-posts-listing\"><li class=\"listing-item\"><a class=\"title\" href=\"https:\/\/cursoswp.educacion.navarra.es\/revista\/articulo\/la-colaboracion-factor-esencial-para-la-calidad-educativa\/\">La colaboraci\u00f3n, factor esencial para la calidad educativa<\/a> <span class=\"author\">by Marta C\u00e1ceres Sagard\u00eda<\/span> <span class=\"excerpt-dash\">-<\/span> <span class=\"excerpt\">Editorial del tercer n\u00famero de la revista, sobre el concepto de cooperaci\u00f3n como factor clave para la calidad educativa.<\/span><\/li><li class=\"listing-item\"><a class=\"title\" href=\"https:\/\/cursoswp.educacion.navarra.es\/revista\/articulo\/la-revista-online-se-consolida\/\">La revista online se consolida<\/a> <span class=\"author\">by Maider S\u00e1nchez Carrica<\/span> <span class=\"excerpt-dash\">-<\/span> <span class=\"excerpt\">Editorial sobre el n\u00famero 2 de la revista del colegio, en el que se glosa su \u00e9xito y consolidaci\u00f3n.<\/span><\/li><li class=\"listing-item\"><a class=\"title\" href=\"https:\/\/cursoswp.educacion.navarra.es\/revista\/articulo\/el-nacimiento-de-una-revista-online\/\">El nacimiento de una revista online<\/a> <span class=\"author\">by Eduardo Larequi Garc\u00eda<\/span> <span class=\"excerpt-dash\">-<\/span> <span class=\"excerpt\">Editorial del primer n\u00famero de la revista, en el que se celebra el inicio de la publicaci\u00f3n y se anima a la participaci\u00f3n de toda la comunidad escolar.<\/span><\/li><\/ul>\n<h2>Noticias<\/h2>\n<ul class=\"display-posts-listing\"><li class=\"listing-item\"><a class=\"title\" href=\"https:\/\/cursoswp.educacion.navarra.es\/revista\/articulo\/curso-sobre-publicidad\/\">Curso sobre publicidad<\/a> <span class=\"author\">by Felipe Alonso Moro<\/span> <span class=\"excerpt-dash\">-<\/span> <span class=\"excerpt\">Curso de formaci\u00f3n del profesorado sobre \"Publicidad y nuevos medios\", abierto a la participaci\u00f3n de la comundidad educativa.<\/span><\/li><li class=\"listing-item\"><a class=\"title\" href=\"https:\/\/cursoswp.educacion.navarra.es\/revista\/articulo\/concurso-de-flores-cultivadas\/\">Concurso de flores cultivadas<\/a> <span class=\"author\">by Javier Sagardoy Altuna<\/span> <span class=\"excerpt-dash\">-<\/span> <span class=\"excerpt\">Resultados del concurso de flores cultivadas, celebrado durante el \u00faltimo mes.<\/span><\/li><li class=\"listing-item\"><a class=\"title\" href=\"https:\/\/cursoswp.educacion.navarra.es\/revista\/articulo\/exhibicion-de-coches-antiguos\/\">Exhibici\u00f3n de coches antiguos<\/a> <span class=\"author\">by Maider S\u00e1nchez Carrica<\/span> <span class=\"excerpt-dash\">-<\/span> <span class=\"excerpt\">Rolls Royce fotografiado durante la exhibici\u00f3n de autom\u00f3viles antiguos.<\/span><\/li><li class=\"listing-item\"><a class=\"title\" href=\"https:\/\/cursoswp.educacion.navarra.es\/revista\/articulo\/la-experiencia-de-5o-de-eso-con-moodle\/\">La experiencia de 5\u00ba de ESO con Moodle<\/a> <span class=\"author\">by Marta C\u00e1ceres Sagard\u00eda<\/span> <span class=\"excerpt-dash\">-<\/span> <span class=\"excerpt\">Un grupo de alumnos y alumnas de 5\u00ba A y B de ESO nos cuentan su experiencia con Moodle.<\/span><\/li><li class=\"listing-item\"><a class=\"title\" href=\"https:\/\/cursoswp.educacion.navarra.es\/revista\/articulo\/adios-a-la-presidenta-de-la-apyma\/\">Adi\u00f3s a la Presidenta de la APYMA<\/a> <span class=\"author\">by Marta C\u00e1ceres Sagard\u00eda<\/span> <span class=\"excerpt-dash\">-<\/span> <span class=\"excerpt\">Despedida a Margarita Renedo Gurtubai, presidenta de la APYMA.<\/span><\/li><li class=\"listing-item\"><a class=\"title\" href=\"https:\/\/cursoswp.educacion.navarra.es\/revista\/articulo\/premio-a-la-calidad-educativa\/\">Premio a la Calidad Educativa<\/a> <span class=\"author\">by Marta C\u00e1ceres Sagard\u00eda<\/span> <span class=\"excerpt-dash\">-<\/span> <span class=\"excerpt\">El colegio ha ganado el II Premio Regional a la Calidad Educativa, concedido por el Departamento de Educaci\u00f3n. <\/span><\/li><li class=\"listing-item\"><a class=\"title\" href=\"https:\/\/cursoswp.educacion.navarra.es\/revista\/articulo\/intercambio-con-madeira\/\">Intercambio con Madeira<\/a> <span class=\"author\">by Javier Sagardoy Altuna<\/span> <span class=\"excerpt-dash\">-<\/span> <span class=\"excerpt\">Cr\u00f3nica del intercambio de alumnos y profesores con un centro escolar de la isla portuguesa de Madeira.<\/span><\/li><li class=\"listing-item\"><a class=\"title\" href=\"https:\/\/cursoswp.educacion.navarra.es\/revista\/articulo\/nuevos-profesores\/\">Nuevos profesores<\/a> <span class=\"author\">by Maider S\u00e1nchez Carrica<\/span> <span class=\"excerpt-dash\">-<\/span> <span class=\"excerpt\">Relaci\u00f3n de los nuevos profesores y profesoras que se han incorporado al colegio en el curso 2011-2012.<\/span><\/li><\/ul>\n<h2>Reportajes<\/h2>\n<ul class=\"display-posts-listing\"><li class=\"listing-item\"><a class=\"title\" href=\"https:\/\/cursoswp.educacion.navarra.es\/revista\/articulo\/levadas-en-madeira\/\">Levadas en Madeira<\/a> <span class=\"author\">by Felipe Alonso Moro<\/span> <span class=\"excerpt-dash\">-<\/span> <span class=\"excerpt\">Reportaje sobre las \"levadas\" o canales de irrigaci\u00f3n en la isla de Madeira<\/span><\/li><li class=\"listing-item\"><a class=\"title\" href=\"https:\/\/cursoswp.educacion.navarra.es\/revista\/articulo\/las-tic-en-el-colegio\/\">Las TIC en el colegio<\/a> <span class=\"author\">by Leyre Lezaun Barricarte<\/span> <span class=\"excerpt-dash\">-<\/span> <span class=\"excerpt\">Organizaci\u00f3n en el colegio de las Tecnolog\u00edas de la Informaci\u00f3n y la Comunicaci\u00f3n.<\/span><\/li><li class=\"listing-item\"><a class=\"title\" href=\"https:\/\/cursoswp.educacion.navarra.es\/revista\/articulo\/funchal-la-nuit\/\">Funchal la nuit<\/a> <span class=\"author\">by Leyre Lezaun Barricarte<\/span> <span class=\"excerpt-dash\">-<\/span> <span class=\"excerpt\">Reportaje sobre las an\u00e9cdotas del intercambio escolar con un colegio de la isla portuguesa de Madeira.<\/span><\/li><li class=\"listing-item\"><a class=\"title\" href=\"https:\/\/cursoswp.educacion.navarra.es\/revista\/articulo\/la-ampliacion-del-colegio\/\">La ampliaci\u00f3n del colegio<\/a> <span class=\"author\">by Leyre Lezaun Barricarte<\/span> <span class=\"excerpt-dash\">-<\/span> <span class=\"excerpt\">Reportaje sobre la ampliaci\u00f3n del colegio y la reforma del patio, realizados en el verano de 2011.<\/span><\/li><\/ul>\n<h2>Entrevistas<\/h2>\n<ul class=\"display-posts-listing\"><li class=\"listing-item\"><a class=\"title\" href=\"https:\/\/cursoswp.educacion.navarra.es\/revista\/articulo\/entrevista-con-el-geologo-aitor-calvo\/\">Entrevista con el ge\u00f3logo Aitor Calvo<\/a> <span class=\"author\">by Maider S\u00e1nchez Carrica<\/span> <span class=\"excerpt-dash\">-<\/span> <span class=\"excerpt\">Entrevista con el ge\u00f3logo Aitor Calvo Madinabeitia, miembro de la comunidad educativa de nuestro colegio y famoso ge\u00f3logo y mineralogista.<\/span><\/li><li class=\"listing-item\"><a class=\"title\" href=\"https:\/\/cursoswp.educacion.navarra.es\/revista\/articulo\/vida-de-marino\/\">Vida de marino<\/a> <span class=\"author\">by Felipe Alonso Moro<\/span> <span class=\"excerpt-dash\">-<\/span> <span class=\"excerpt\">Entrevista con Alejandro Go\u00f1i Carami\u00f1\u00e1n, capit\u00e1n de la marina mercante retirado.<\/span><\/li><li class=\"listing-item\"><a class=\"title\" href=\"https:\/\/cursoswp.educacion.navarra.es\/revista\/articulo\/la-capitana-del-equipo-de-futbol-se-desmelena\/\">La capitana del equipo de f\u00fatbol se desmelena<\/a> <span class=\"author\">by Felipe Alonso Moro<\/span> <span class=\"excerpt-dash\">-<\/span> <span class=\"excerpt\">Entrevista con Marta Espejo Lizarrondo, con motivo de la final del campeonato de f\u00fatbol escolar mixto.<\/span><\/li><li class=\"listing-item\"><a class=\"title\" href=\"https:\/\/cursoswp.educacion.navarra.es\/revista\/articulo\/entrevista-a-luis-reparaz\/\">Entrevista a Luis Rep\u00e1raz<\/a> <span class=\"author\">by Felipe Alonso Moro<\/span> <span class=\"excerpt-dash\">-<\/span> <span class=\"excerpt\">Entrevista a Luis Rep\u00e1raz, conserje del Colegio, con motivo de su jubilaci\u00f3n.<\/span><\/li><\/ul>\n<h2>Creaci\u00f3n<\/h2>\n<ul class=\"display-posts-listing\"><li class=\"listing-item\"><a class=\"title\" href=\"https:\/\/cursoswp.educacion.navarra.es\/revista\/articulo\/rosa-blanca-cuarteada\/\">Rosa blanca cuarteada<\/a> <span class=\"author\">by Leyre Lezaun Barricarte<\/span> <span class=\"excerpt-dash\">-<\/span> <span class=\"excerpt\">Fotograf\u00eda ganadora del concurso de retoque fotogr\u00e1fico organizado por el Departamento de Pl\u00e1stica.<\/span><\/li><li class=\"listing-item\"><a class=\"title\" href=\"https:\/\/cursoswp.educacion.navarra.es\/revista\/articulo\/ganador-del-concurso-de-tarjetas\/\">Ganador del concurso de tarjetas<\/a> <span class=\"author\">by Javier Sagardoy Altuna<\/span> <span class=\"excerpt-dash\">-<\/span> <span class=\"excerpt\">Carlos \u00c1lvarez Santiago, alumno de 6\u00ba A de Primaria, es el ganador del Concurso de Postales Navide\u00f1as.<\/span><\/li><li class=\"listing-item\"><a class=\"title\" href=\"https:\/\/cursoswp.educacion.navarra.es\/revista\/articulo\/cuento-ganador-del-concurso-de-redaccion\/\">Cuento ganador del concurso de redacci\u00f3n<\/a> <span class=\"author\">by Leyre Lezaun Barricarte<\/span> <span class=\"excerpt-dash\">-<\/span> <span class=\"excerpt\">Jacinto P\u00e9rez Barricarte ha ganado con el cuento \"Todos eran hinchas del mismo equipo\" el primer premio del Quinto Concurso de Redacci\u00f3n Escolar de nuestro colegio.<\/span><\/li><\/ul>\n<h2>Pasatiempos<\/h2>\n<ul class=\"display-posts-listing\"><li class=\"listing-item\"><a class=\"title\" href=\"https:\/\/cursoswp.educacion.navarra.es\/revista\/articulo\/un-poco-de-investigacion\/\">Un poco de investigaci\u00f3n<\/a> <span class=\"author\">by Marta C\u00e1ceres Sagard\u00eda<\/span> <span class=\"excerpt-dash\">-<\/span> <span class=\"excerpt\">Actividad de investigaci\u00f3n a partir de la fotograf\u00eda de un hotel.<\/span><\/li><li class=\"listing-item\"><a class=\"title\" href=\"https:\/\/cursoswp.educacion.navarra.es\/revista\/articulo\/sudokus-divertidos\/\">Sudokus divertidos<\/a> <span class=\"author\">by Javier Sagardoy Altuna<\/span> <span class=\"excerpt-dash\">-<\/span> <span class=\"excerpt\">Una recopilaci\u00f3n de los mejores sudokus elaborados por nuestro equipo de redacci\u00f3n, para ejercitar las habilidades matem\u00e1ticas y de razonamiento.<\/span><\/li><\/ul>\n","protected":false},"excerpt":{"rendered":"<p>A continuaci\u00f3n figura el contenido de todas las secciones de la revista. En cada secci\u00f3n, los art\u00edculos est\u00e1n dispuestos por orden cronol\u00f3gico de publicaci\u00f3n. El \u00edndice ha sido elaborado con el plugin\u00a0Display Post Shortcode. Editoriales Noticias Reportajes Entrevistas Creaci\u00f3n Pasatiempos<\/p>\n","protected":false},"author":1,"featured_media":0,"parent":0,"menu_order":6,"comment_status":"closed","ping_status":"closed","template":"","meta":{"footnotes":""},"_links":{"self":[{"href":"https:\/\/cursoswp.educacion.navarra.es\/revista\/wp-json\/wp\/v2\/pages\/263"}],"collection":[{"href":"https:\/\/cursoswp.educacion.navarra.es\/revista\/wp-json\/wp\/v2\/pages"}],"about":[{"href":"https:\/\/cursoswp.educacion.navarra.es\/revista\/wp-json\/wp\/v2\/types\/page"}],"author":[{"embeddable":true,"href":"https:\/\/cursoswp.educacion.navarra.es\/revista\/wp-json\/wp\/v2\/users\/1"}],"replies":[{"embeddable":true,"href":"https:\/\/cursoswp.educacion.navarra.es\/revista\/wp-json\/wp\/v2\/comments?post=263"}],"version-history":[{"count":0,"href":"https:\/\/cursoswp.educacion.navarra.es\/revista\/wp-json\/wp\/v2\/pages\/263\/revisions"}],"wp:attachment":[{"href":"https:\/\/cursoswp.educacion.navarra.es\/revista\/wp-json\/wp\/v2\/media?parent=263"}],"curies":[{"name":"wp","href":"https:\/\/api.w.org\/{rel}","templated":true}]}}