{"id":21,"date":"2012-02-01T12:15:59","date_gmt":"2012-02-01T11:15:59","guid":{"rendered":"http:\/\/cursoswp.educacion.navarra.es\/revista\/?page_id=21"},"modified":"2013-10-23T21:51:18","modified_gmt":"2013-10-23T19:51:18","slug":"normas-de-publicacion","status":"publish","type":"page","link":"https:\/\/cursoswp.educacion.navarra.es\/revista\/normas-de-publicacion\/","title":{"rendered":"Normas de publicaci\u00f3n"},"content":{"rendered":"<p>Normas para edici\u00f3n, publicaci\u00f3n, contribuciones y comentarios.<\/p>\n","protected":false},"excerpt":{"rendered":"<p>Normas para edici\u00f3n, publicaci\u00f3n, contribuciones y comentarios.<\/p>\n","protected":false},"author":1,"featured_media":0,"parent":0,"menu_order":8,"comment_status":"closed","ping_status":"closed","template":"","meta":{"footnotes":""},"_links":{"self":[{"href":"https:\/\/cursoswp.educacion.navarra.es\/revista\/wp-json\/wp\/v2\/pages\/21"}],"collection":[{"href":"https:\/\/cursoswp.educacion.navarra.es\/revista\/wp-json\/wp\/v2\/pages"}],"about":[{"href":"https:\/\/cursoswp.educacion.navarra.es\/revista\/wp-json\/wp\/v2\/types\/page"}],"author":[{"embeddable":true,"href":"https:\/\/cursoswp.educacion.navarra.es\/revista\/wp-json\/wp\/v2\/users\/1"}],"replies":[{"embeddable":true,"href":"https:\/\/cursoswp.educacion.navarra.es\/revista\/wp-json\/wp\/v2\/comments?post=21"}],"version-history":[{"count":0,"href":"https:\/\/cursoswp.educacion.navarra.es\/revista\/wp-json\/wp\/v2\/pages\/21\/revisions"}],"wp:attachment":[{"href":"https:\/\/cursoswp.educacion.navarra.es\/revista\/wp-json\/wp\/v2\/media?parent=21"}],"curies":[{"name":"wp","href":"https:\/\/api.w.org\/{rel}","templated":true}]}}