{"id":175,"date":"2012-02-01T12:11:00","date_gmt":"2012-02-01T11:11:00","guid":{"rendered":"http:\/\/cursoswp.educacion.navarra.es\/revista\/?page_id=10"},"modified":"2012-02-01T12:11:00","modified_gmt":"2012-02-01T11:11:00","slug":"la-revista-del-colegio","status":"publish","type":"page","link":"https:\/\/cursoswp.educacion.navarra.es\/revista\/la-revista-del-colegio\/","title":{"rendered":"La revista del colegio"},"content":{"rendered":"<p>P\u00e1gina de presentaci\u00f3n de la revista del colegio, en la que se detallan las circunstancias de su origen, la formaci\u00f3n del equipo de redactores, su funcionamiento, las entidades que le dan apoyo y soporte, etc.<\/p>\n","protected":false},"excerpt":{"rendered":"<p>P\u00e1gina de presentaci\u00f3n de la revista del colegio, en la que se detallan las circunstancias de su origen, la formaci\u00f3n del equipo de redactores, su funcionamiento, las entidades que le dan apoyo y soporte, etc.<\/p>\n","protected":false},"author":1,"featured_media":0,"parent":0,"menu_order":9,"comment_status":"closed","ping_status":"closed","template":"page-front-page.php","meta":{"footnotes":""},"_links":{"self":[{"href":"https:\/\/cursoswp.educacion.navarra.es\/revista\/wp-json\/wp\/v2\/pages\/175"}],"collection":[{"href":"https:\/\/cursoswp.educacion.navarra.es\/revista\/wp-json\/wp\/v2\/pages"}],"about":[{"href":"https:\/\/cursoswp.educacion.navarra.es\/revista\/wp-json\/wp\/v2\/types\/page"}],"author":[{"embeddable":true,"href":"https:\/\/cursoswp.educacion.navarra.es\/revista\/wp-json\/wp\/v2\/users\/1"}],"replies":[{"embeddable":true,"href":"https:\/\/cursoswp.educacion.navarra.es\/revista\/wp-json\/wp\/v2\/comments?post=175"}],"version-history":[{"count":0,"href":"https:\/\/cursoswp.educacion.navarra.es\/revista\/wp-json\/wp\/v2\/pages\/175\/revisions"}],"wp:attachment":[{"href":"https:\/\/cursoswp.educacion.navarra.es\/revista\/wp-json\/wp\/v2\/media?parent=175"}],"curies":[{"name":"wp","href":"https:\/\/api.w.org\/{rel}","templated":true}]}}