{"id":174,"date":"2012-02-01T12:10:22","date_gmt":"2012-02-01T11:10:22","guid":{"rendered":"http:\/\/cursoswp.educacion.navarra.es\/revista\/?page_id=8"},"modified":"2017-05-11T10:43:13","modified_gmt":"2017-05-11T08:43:13","slug":"redaccion","status":"publish","type":"page","link":"https:\/\/cursoswp.educacion.navarra.es\/revista\/redaccion\/","title":{"rendered":"Redacci\u00f3n"},"content":{"rendered":"<p>A continuaci\u00f3n figuran los miembros del equipo de redacci\u00f3n de la revista. Este listado ha sido elaborado mediante el plugin <a title=\"Creating a Short Code to Show a Detailed List of Blog Authors\" href=\"http:\/\/pippinsplugins.com\/creating-a-short-code-to-show-a-detailed-list-of-blog-authors\/\" target=\"_blank\" rel=\"noopener noreferrer\">Author Archive Short Code<\/a>.<\/p>\n<p>[authors]<\/p>\n","protected":false},"excerpt":{"rendered":"<p>A continuaci\u00f3n figuran los miembros del equipo de redacci\u00f3n de la revista. Este listado ha sido elaborado mediante el plugin Author Archive Short Code. [authors]<\/p>\n","protected":false},"author":1,"featured_media":0,"parent":0,"menu_order":10,"comment_status":"closed","ping_status":"closed","template":"","meta":{"footnotes":""},"_links":{"self":[{"href":"https:\/\/cursoswp.educacion.navarra.es\/revista\/wp-json\/wp\/v2\/pages\/174"}],"collection":[{"href":"https:\/\/cursoswp.educacion.navarra.es\/revista\/wp-json\/wp\/v2\/pages"}],"about":[{"href":"https:\/\/cursoswp.educacion.navarra.es\/revista\/wp-json\/wp\/v2\/types\/page"}],"author":[{"embeddable":true,"href":"https:\/\/cursoswp.educacion.navarra.es\/revista\/wp-json\/wp\/v2\/users\/1"}],"replies":[{"embeddable":true,"href":"https:\/\/cursoswp.educacion.navarra.es\/revista\/wp-json\/wp\/v2\/comments?post=174"}],"version-history":[{"count":0,"href":"https:\/\/cursoswp.educacion.navarra.es\/revista\/wp-json\/wp\/v2\/pages\/174\/revisions"}],"wp:attachment":[{"href":"https:\/\/cursoswp.educacion.navarra.es\/revista\/wp-json\/wp\/v2\/media?parent=174"}],"curies":[{"name":"wp","href":"https:\/\/api.w.org\/{rel}","templated":true}]}}