{"id":882,"date":"2020-02-05T14:01:07","date_gmt":"2020-02-05T13:01:07","guid":{"rendered":"https:\/\/cursoswp.educacion.navarra.es\/cursowp2020\/?page_id=882"},"modified":"2020-03-28T15:02:14","modified_gmt":"2020-03-28T14:02:14","slug":"instrucciones-del-curso","status":"publish","type":"page","link":"https:\/\/cursoswp.educacion.navarra.es\/cursowp2020\/instrucciones-del-curso\/","title":{"rendered":"Instrucciones del curso"},"content":{"rendered":"\n<p>A continuaci\u00f3n vamos a explicar algunos aspectos de la organizaci\u00f3n de esta actividad formativa que son fundamentales para poder seguir con aprovechamiento las explicaciones del profesor y para realizar las tareas y actividades previstas en su desarrollo. Rogamos a los asistentes que lean con la mayor atenci\u00f3n las instrucciones del curso.<\/p>\n\n\n\n<h2 class=\"wp-block-heading\">Escenarios en l\u00ednea del curso<\/h2>\n\n\n\n<p>El curso se desarrollar\u00e1 en dos escenarios en l\u00ednea diferentes y complementarios:<\/p>\n\n\n\n<ul><li>El sitio web instruccional (este mismo sitio web), en el que se ir\u00e1n publicados todos los materiales del curso, organizados por sesiones. Se trata de un sitio web p\u00fablico, que podr\u00e1 consultarse libremente no solo durante el periodo de realizaci\u00f3n del curso, sino tambi\u00e9n despu\u00e9s.<\/li><li>Los sitios web de pr\u00e1cticas, que describimos en el siguiente ep\u00edgrafe.<\/li><\/ul>\n\n\n\n<h2 class=\"wp-block-heading\">Sitios web de pr\u00e1cticas<\/h2>\n\n\n\n<h3 class=\"wp-block-heading\">Sitios individuales<\/h3>\n\n\n\n<p>Cada uno de los alumnos y alumnas del curso dispone de un sitio web de pr\u00e1cticas, alojado en la plataforma de\u00a0<a aria-label=\" (se abre en una nueva pesta\u00f1a)\" rel=\"noreferrer noopener\" href=\"https:\/\/blogsfad.educacion.navarra.es\/\" target=\"_blank\" class=\"ek-link\">blogs de formaci\u00f3n del PNTE<\/a>. Todos los asistentes han sido dados de alta en sus respectivos sitios con el rol de administrador, lo cual les permitir\u00e1 crear contenido, seleccionar y configurar los temas, modificar el dise\u00f1o, etc.<\/p>\n\n\n\n<h3 class=\"wp-block-heading\">Sitio compartido<\/h3>\n\n\n\n<p>Adem\u00e1s de los sitios individuales, se ha creado un sitio compartido, que se utilizar\u00e1 exclusivamente para las pr\u00e1cticas con el plugin Elementor Pro. El sitio y sus condiciones de acceso y uso est\u00e1n descritos en <a href=\"https:\/\/cursoswp.educacion.navarra.es\/cursowp2020\/practicas-con-elementor-pro\/\" class=\"ek-link\">Pr\u00e1cticas con Elementor Pro<\/a>.<\/p>\n\n\n\n<p style=\"background-color:#ff0000;color:#ffffff\" class=\"has-text-color has-background\"><strong>AVISO MUY IMPORTANTE<\/strong><br><br>Los sitios de pr\u00e1cticas&nbsp;<strong>NO deben utilizarse<\/strong>&nbsp;para albergar contenido que haya de ser publicado de forma permanente y definitiva. De acuerdo con esta norma,&nbsp;<strong>los sitios de pr\u00e1cticas creados para este curso ser\u00e1n eliminados antes de finalizar el mes de junio de 2020<\/strong>; hasta entonces, los participantes en esta actividad formativa podr\u00e1n realizar pr\u00e1cticas adicionales, exportar su contenido, comentar con el profesor aspectos de su inter\u00e9s, etc.<\/p>\n\n\n\n<h2 class=\"wp-block-heading\">Acceso a los sitios de pr\u00e1cticas<\/h2>\n\n\n\n<p>Antes de llevar a cabo las tareas y actividades propuestas, cada asistente tendr\u00e1 que verificar la existencia de su sitio web, cuya URL ser\u00e1&nbsp;<code>https:\/\/blogsfad.educacion.navarra.es\/xxxxxxxx<\/code>, siendo&nbsp;<code>xxxxxxxx<\/code>&nbsp;su nombre de usuario de&nbsp;<a rel=\"noreferrer noopener\" href=\"https:\/\/educages.navarra.es\/\" target=\"_blank\">Educa<\/a>. El t\u00edtulo de todos los sitios comienza por la secuencia \u201cSitio web de\u2026\u201d, y en cada caso los puntos suspensivos ser\u00e1n sustituidos por el nombre de pila y los dos apellidos de la persona, tal como est\u00e1 registrada en Educa. El t\u00edtulo del sitio, como casi cualquier otro aspecto de su configuraci\u00f3n, se puede cambiar a voluntad.<\/p>\n\n\n\n<p>Una vez que haya verificado que su sitio web est\u00e1 disponible y accesible en Internet, cada alumno o alumna tendr\u00e1 que iniciar sesi\u00f3n como administrador. Para ello, deber\u00e1 apuntar a la siguiente direcci\u00f3n:&nbsp;<code>https:\/\/blogsfad.educacion.navarra.es\/xxxxxxxx\/wp-admin<\/code>. Aparecer\u00e1 entonces el formulario de inicio de sesi\u00f3n de WordPress, que solicitar\u00e1 las credenciales de usuario. Estas credenciales son las siguientes:<\/p>\n\n\n\n<ul><li><strong>Nombre de usuario<\/strong>: el nombre de usuario \u00abbonito\u00bb de Educa, que en la mayor\u00eda de los casos (pero no en todos) coincide con lo que est\u00e1 delante de la arroba en la direcci\u00f3n de correo electr\u00f3nico del dominio&nbsp;<strong>educacion.navarra.es<\/strong>.<\/li><li><strong>Contrase\u00f1a<\/strong>: el NIF de cada participante (con letra), seguido de la secuencia&nbsp;<code>_WP2020<\/code>. Por tanto, para un usuario con el NIF&nbsp;<strong>12345678Z<\/strong>, la contrase\u00f1a ser\u00e1&nbsp;<code>12345678Z_WP2020<\/code>.<\/li><\/ul>\n\n\n\n<h2 class=\"wp-block-heading\">Realizaci\u00f3n de las tareas y actividades<\/h2>\n\n\n\n<p>Tras cada una de las sesiones, el profesor del curso propondr\u00e1 la realizaci\u00f3n de una o m\u00e1s actividades, que habr\u00e1n de ser enviadas mediante el&nbsp;<a href=\"https:\/\/cursoswp.educacion.navarra.es\/cursowp2020\/contacto\/\">formulario de contacto<\/a> de este sitio web.<\/p>\n\n\n\n<p>Si alg\u00fan alumno o alumna no puede acceder a su sitio web, o no recuerda sus credenciales de acceso, o tiene dudas y problemas para realizar las actividades, puede dirigirse al profesor del curso, bien mediante el ya citado&nbsp;formulario de contacto, bien escribiendo a la siguiente direcci\u00f3n de correo electr\u00f3nico:&nbsp;<code><strong>utnt2[arroba]educacion[punto]navarra[punto]es<\/strong><\/code>.<\/p>\n","protected":false},"excerpt":{"rendered":"<p>A continuaci\u00f3n vamos a explicar algunos aspectos de la organizaci\u00f3n de esta actividad formativa que son fundamentales para poder seguir con aprovechamiento las explicaciones del profesor y para realizar las tareas y actividades previstas en su desarrollo. Rogamos a los asistentes que lean con la mayor atenci\u00f3n las instrucciones del curso. Escenarios en l\u00ednea del [&hellip;]<\/p>\n","protected":false},"author":1,"featured_media":1135,"parent":0,"menu_order":1,"comment_status":"closed","ping_status":"closed","template":"","meta":{"_editorskit_title_hidden":false,"_editorskit_reading_time":2,"_editorskit_is_block_options_detached":false,"_editorskit_block_options_position":"{}","footnotes":""},"yoast_head":"<!-- This site is optimized with the Yoast SEO plugin v23.5 - https:\/\/yoast.com\/wordpress\/plugins\/seo\/ -->\n<title>Instrucciones del curso - Curso de WordPress 2020<\/title>\n<meta name=\"description\" content=\"Instrucciones del Curso de WordPress 2020: escenarios del curso, sitio instruccional, sitios de pr\u00e1cticas y env\u00edo de actividades.\" \/>\n<meta name=\"robots\" content=\"index, follow, max-snippet:-1, max-image-preview:large, max-video-preview:-1\" \/>\n<link rel=\"canonical\" href=\"https:\/\/cursoswp.educacion.navarra.es\/cursowp2020\/instrucciones-del-curso\/\" \/>\n<meta property=\"og:locale\" content=\"es_ES\" \/>\n<meta property=\"og:type\" content=\"article\" \/>\n<meta property=\"og:title\" content=\"Instrucciones del curso - Curso de WordPress 2020\" \/>\n<meta property=\"og:description\" content=\"Instrucciones del Curso de WordPress 2020: escenarios del curso, sitio instruccional, sitios de pr\u00e1cticas y env\u00edo de actividades.\" \/>\n<meta property=\"og:url\" content=\"https:\/\/cursoswp.educacion.navarra.es\/cursowp2020\/instrucciones-del-curso\/\" \/>\n<meta property=\"og:site_name\" content=\"Curso de WordPress 2020\" \/>\n<meta property=\"article:modified_time\" content=\"2020-03-28T14:02:14+00:00\" \/>\n<meta property=\"og:image\" content=\"https:\/\/cursoswp.educacion.navarra.es\/cursowp2020\/wp-content\/uploads\/2020\/02\/leyendo-mapa.jpg\" \/>\n\t<meta property=\"og:image:width\" content=\"1600\" \/>\n\t<meta property=\"og:image:height\" content=\"1067\" \/>\n\t<meta property=\"og:image:type\" content=\"image\/jpeg\" \/>\n<meta name=\"twitter:card\" content=\"summary_large_image\" \/>\n<meta name=\"twitter:label1\" content=\"Tiempo de lectura\" \/>\n\t<meta name=\"twitter:data1\" content=\"3 minutos\" \/>\n<script type=\"application\/ld+json\" class=\"yoast-schema-graph\">{\"@context\":\"https:\/\/schema.org\",\"@graph\":[{\"@type\":\"WebPage\",\"@id\":\"https:\/\/cursoswp.educacion.navarra.es\/cursowp2020\/instrucciones-del-curso\/\",\"url\":\"https:\/\/cursoswp.educacion.navarra.es\/cursowp2020\/instrucciones-del-curso\/\",\"name\":\"Instrucciones del curso - Curso de WordPress 2020\",\"isPartOf\":{\"@id\":\"https:\/\/cursoswp.educacion.navarra.es\/cursowp2020\/#website\"},\"primaryImageOfPage\":{\"@id\":\"https:\/\/cursoswp.educacion.navarra.es\/cursowp2020\/instrucciones-del-curso\/#primaryimage\"},\"image\":{\"@id\":\"https:\/\/cursoswp.educacion.navarra.es\/cursowp2020\/instrucciones-del-curso\/#primaryimage\"},\"thumbnailUrl\":\"https:\/\/cursoswp.educacion.navarra.es\/cursowp2020\/wp-content\/uploads\/2020\/02\/leyendo-mapa.jpg\",\"datePublished\":\"2020-02-05T13:01:07+00:00\",\"dateModified\":\"2020-03-28T14:02:14+00:00\",\"description\":\"Instrucciones del Curso de WordPress 2020: escenarios del curso, sitio instruccional, sitios de pr\u00e1cticas y env\u00edo de actividades.\",\"breadcrumb\":{\"@id\":\"https:\/\/cursoswp.educacion.navarra.es\/cursowp2020\/instrucciones-del-curso\/#breadcrumb\"},\"inLanguage\":\"es\",\"potentialAction\":[{\"@type\":\"ReadAction\",\"target\":[\"https:\/\/cursoswp.educacion.navarra.es\/cursowp2020\/instrucciones-del-curso\/\"]}]},{\"@type\":\"ImageObject\",\"inLanguage\":\"es\",\"@id\":\"https:\/\/cursoswp.educacion.navarra.es\/cursowp2020\/instrucciones-del-curso\/#primaryimage\",\"url\":\"https:\/\/cursoswp.educacion.navarra.es\/cursowp2020\/wp-content\/uploads\/2020\/02\/leyendo-mapa.jpg\",\"contentUrl\":\"https:\/\/cursoswp.educacion.navarra.es\/cursowp2020\/wp-content\/uploads\/2020\/02\/leyendo-mapa.jpg\",\"width\":1600,\"height\":1067,\"caption\":\"Instrucciones del curso\"},{\"@type\":\"BreadcrumbList\",\"@id\":\"https:\/\/cursoswp.educacion.navarra.es\/cursowp2020\/instrucciones-del-curso\/#breadcrumb\",\"itemListElement\":[{\"@type\":\"ListItem\",\"position\":1,\"name\":\"Inicio\",\"item\":\"https:\/\/cursoswp.educacion.navarra.es\/cursowp2020\/\"},{\"@type\":\"ListItem\",\"position\":2,\"name\":\"Instrucciones del curso\"}]},{\"@type\":\"WebSite\",\"@id\":\"https:\/\/cursoswp.educacion.navarra.es\/cursowp2020\/#website\",\"url\":\"https:\/\/cursoswp.educacion.navarra.es\/cursowp2020\/\",\"name\":\"Curso de WordPress 2020\",\"description\":\"Curso de dise\u00f1o web avanzado para docentes\",\"publisher\":{\"@id\":\"https:\/\/cursoswp.educacion.navarra.es\/cursowp2020\/#organization\"},\"potentialAction\":[{\"@type\":\"SearchAction\",\"target\":{\"@type\":\"EntryPoint\",\"urlTemplate\":\"https:\/\/cursoswp.educacion.navarra.es\/cursowp2020\/?s={search_term_string}\"},\"query-input\":{\"@type\":\"PropertyValueSpecification\",\"valueRequired\":true,\"valueName\":\"search_term_string\"}}],\"inLanguage\":\"es\"},{\"@type\":\"Organization\",\"@id\":\"https:\/\/cursoswp.educacion.navarra.es\/cursowp2020\/#organization\",\"name\":\"Departamento de Educaci\u00f3n, Gobierno de Navarra\",\"url\":\"https:\/\/cursoswp.educacion.navarra.es\/cursowp2020\/\",\"logo\":{\"@type\":\"ImageObject\",\"inLanguage\":\"es\",\"@id\":\"https:\/\/cursoswp.educacion.navarra.es\/cursowp2020\/#\/schema\/logo\/image\/\",\"url\":\"\",\"contentUrl\":\"\",\"caption\":\"Departamento de Educaci\u00f3n, Gobierno de Navarra\"},\"image\":{\"@id\":\"https:\/\/cursoswp.educacion.navarra.es\/cursowp2020\/#\/schema\/logo\/image\/\"}}]}<\/script>\n<!-- \/ Yoast SEO plugin. -->","yoast_head_json":{"title":"Instrucciones del curso - Curso de WordPress 2020","description":"Instrucciones del Curso de WordPress 2020: escenarios del curso, sitio instruccional, sitios de pr\u00e1cticas y env\u00edo de actividades.","robots":{"index":"index","follow":"follow","max-snippet":"max-snippet:-1","max-image-preview":"max-image-preview:large","max-video-preview":"max-video-preview:-1"},"canonical":"https:\/\/cursoswp.educacion.navarra.es\/cursowp2020\/instrucciones-del-curso\/","og_locale":"es_ES","og_type":"article","og_title":"Instrucciones del curso - Curso de WordPress 2020","og_description":"Instrucciones del Curso de WordPress 2020: escenarios del curso, sitio instruccional, sitios de pr\u00e1cticas y env\u00edo de actividades.","og_url":"https:\/\/cursoswp.educacion.navarra.es\/cursowp2020\/instrucciones-del-curso\/","og_site_name":"Curso de WordPress 2020","article_modified_time":"2020-03-28T14:02:14+00:00","og_image":[{"width":1600,"height":1067,"url":"https:\/\/cursoswp.educacion.navarra.es\/cursowp2020\/wp-content\/uploads\/2020\/02\/leyendo-mapa.jpg","type":"image\/jpeg"}],"twitter_card":"summary_large_image","twitter_misc":{"Tiempo de lectura":"3 minutos"},"schema":{"@context":"https:\/\/schema.org","@graph":[{"@type":"WebPage","@id":"https:\/\/cursoswp.educacion.navarra.es\/cursowp2020\/instrucciones-del-curso\/","url":"https:\/\/cursoswp.educacion.navarra.es\/cursowp2020\/instrucciones-del-curso\/","name":"Instrucciones del curso - Curso de WordPress 2020","isPartOf":{"@id":"https:\/\/cursoswp.educacion.navarra.es\/cursowp2020\/#website"},"primaryImageOfPage":{"@id":"https:\/\/cursoswp.educacion.navarra.es\/cursowp2020\/instrucciones-del-curso\/#primaryimage"},"image":{"@id":"https:\/\/cursoswp.educacion.navarra.es\/cursowp2020\/instrucciones-del-curso\/#primaryimage"},"thumbnailUrl":"https:\/\/cursoswp.educacion.navarra.es\/cursowp2020\/wp-content\/uploads\/2020\/02\/leyendo-mapa.jpg","datePublished":"2020-02-05T13:01:07+00:00","dateModified":"2020-03-28T14:02:14+00:00","description":"Instrucciones del Curso de WordPress 2020: escenarios del curso, sitio instruccional, sitios de pr\u00e1cticas y env\u00edo de actividades.","breadcrumb":{"@id":"https:\/\/cursoswp.educacion.navarra.es\/cursowp2020\/instrucciones-del-curso\/#breadcrumb"},"inLanguage":"es","potentialAction":[{"@type":"ReadAction","target":["https:\/\/cursoswp.educacion.navarra.es\/cursowp2020\/instrucciones-del-curso\/"]}]},{"@type":"ImageObject","inLanguage":"es","@id":"https:\/\/cursoswp.educacion.navarra.es\/cursowp2020\/instrucciones-del-curso\/#primaryimage","url":"https:\/\/cursoswp.educacion.navarra.es\/cursowp2020\/wp-content\/uploads\/2020\/02\/leyendo-mapa.jpg","contentUrl":"https:\/\/cursoswp.educacion.navarra.es\/cursowp2020\/wp-content\/uploads\/2020\/02\/leyendo-mapa.jpg","width":1600,"height":1067,"caption":"Instrucciones del curso"},{"@type":"BreadcrumbList","@id":"https:\/\/cursoswp.educacion.navarra.es\/cursowp2020\/instrucciones-del-curso\/#breadcrumb","itemListElement":[{"@type":"ListItem","position":1,"name":"Inicio","item":"https:\/\/cursoswp.educacion.navarra.es\/cursowp2020\/"},{"@type":"ListItem","position":2,"name":"Instrucciones del curso"}]},{"@type":"WebSite","@id":"https:\/\/cursoswp.educacion.navarra.es\/cursowp2020\/#website","url":"https:\/\/cursoswp.educacion.navarra.es\/cursowp2020\/","name":"Curso de WordPress 2020","description":"Curso de dise\u00f1o web avanzado para docentes","publisher":{"@id":"https:\/\/cursoswp.educacion.navarra.es\/cursowp2020\/#organization"},"potentialAction":[{"@type":"SearchAction","target":{"@type":"EntryPoint","urlTemplate":"https:\/\/cursoswp.educacion.navarra.es\/cursowp2020\/?s={search_term_string}"},"query-input":{"@type":"PropertyValueSpecification","valueRequired":true,"valueName":"search_term_string"}}],"inLanguage":"es"},{"@type":"Organization","@id":"https:\/\/cursoswp.educacion.navarra.es\/cursowp2020\/#organization","name":"Departamento de Educaci\u00f3n, Gobierno de Navarra","url":"https:\/\/cursoswp.educacion.navarra.es\/cursowp2020\/","logo":{"@type":"ImageObject","inLanguage":"es","@id":"https:\/\/cursoswp.educacion.navarra.es\/cursowp2020\/#\/schema\/logo\/image\/","url":"","contentUrl":"","caption":"Departamento de Educaci\u00f3n, Gobierno de Navarra"},"image":{"@id":"https:\/\/cursoswp.educacion.navarra.es\/cursowp2020\/#\/schema\/logo\/image\/"}}]}},"_links":{"self":[{"href":"https:\/\/cursoswp.educacion.navarra.es\/cursowp2020\/wp-json\/wp\/v2\/pages\/882"}],"collection":[{"href":"https:\/\/cursoswp.educacion.navarra.es\/cursowp2020\/wp-json\/wp\/v2\/pages"}],"about":[{"href":"https:\/\/cursoswp.educacion.navarra.es\/cursowp2020\/wp-json\/wp\/v2\/types\/page"}],"author":[{"embeddable":true,"href":"https:\/\/cursoswp.educacion.navarra.es\/cursowp2020\/wp-json\/wp\/v2\/users\/1"}],"replies":[{"embeddable":true,"href":"https:\/\/cursoswp.educacion.navarra.es\/cursowp2020\/wp-json\/wp\/v2\/comments?post=882"}],"version-history":[{"count":28,"href":"https:\/\/cursoswp.educacion.navarra.es\/cursowp2020\/wp-json\/wp\/v2\/pages\/882\/revisions"}],"predecessor-version":[{"id":2679,"href":"https:\/\/cursoswp.educacion.navarra.es\/cursowp2020\/wp-json\/wp\/v2\/pages\/882\/revisions\/2679"}],"wp:featuredmedia":[{"embeddable":true,"href":"https:\/\/cursoswp.educacion.navarra.es\/cursowp2020\/wp-json\/wp\/v2\/media\/1135"}],"wp:attachment":[{"href":"https:\/\/cursoswp.educacion.navarra.es\/cursowp2020\/wp-json\/wp\/v2\/media?parent=882"}],"curies":[{"name":"wp","href":"https:\/\/api.w.org\/{rel}","templated":true}]}}