{"id":885,"date":"2019-03-12T22:28:44","date_gmt":"2019-03-12T21:28:44","guid":{"rendered":"https:\/\/cursoswp.educacion.navarra.es\/cursowp2019\/?page_id=885"},"modified":"2019-03-13T13:20:14","modified_gmt":"2019-03-13T12:20:14","slug":"actividades","status":"publish","type":"page","link":"https:\/\/cursoswp.educacion.navarra.es\/cursowp2019\/actividades\/","title":{"rendered":"Actividades"},"content":{"rendered":"\n<p class=\"has-drop-cap\">Tras cada una de las sesiones, conviene que los alumnos y alumnas del curso realicen pr\u00e1cticas sobre los contenidos tratados y las t\u00e9cnicas practicadas, con el fin de repasar estos y afianzar el logro de aquellas. En esta edici\u00f3n de los cursos avanzados sobre WordPress, no vamos a asignarles ninguna actividad o tarea fija, pero sugerimos que lleven a cabo las pr\u00e1cticas que detallamos a continuaci\u00f3n.<\/p>\n\n\n\n<h2>1. Pr\u00e1cticas sugeridas<\/h2>\n\n\n\n<ul><li>Crear contenido y experimentar con las opciones de los diversos bloques.<\/li><li>Examinar a fondo las opciones de los bloques de texto (p\u00e1rrafo, encabezado, lista, cita, etc.), que son los que se utilizan con m\u00e1s frecuencia.<\/li><li>Experimentar con bloques poco utilizados o poco habituales.<\/li><li>Verificar los resultados de bloques que ofrecen m\u00e1s posibilidades en cuanto al dise\u00f1o de las p\u00e1ginas, como por ejemplo las im\u00e1genes de fondo, las columnas, los botones, el bloque de medios y texto, etc.<\/li><li>Insertar im\u00e1genes y probar sus diferentes opciones.<\/li><li>Crear galer\u00edas de im\u00e1genes. Elaborar distintas versiones de la misma galer\u00eda de im\u00e1genes y experimentar con las diversas anchuras de p\u00e1gina. <\/li><li>Realizar operaciones de conversi\u00f3n de bloques, especialmente de p\u00e1rrafo a encabezado y viceversa.<\/li><li>Utilizar contenido de servicios externos, para experimentar el uso y resultado de los bloques incrustados.<\/li><li>Verificar c\u00f3mo se modifican las opciones y los resultados de los bloques cuando se utilizan diferentes temas.  <\/li><li>Crear bloques reutilizables que puedan ser aprovechados en situaciones reales de los sitios web de los centros.<\/li><\/ul>\n\n\n\n<h2>2. Escenario de las pr\u00e1cticas<\/h2>\n\n\n\n<p>Para evitar posibles errores en los sitios web reales de los centros, sugerimos aprovechar los sitios de pr\u00e1cticas que se han creado en la plataforma de <a rel=\"noreferrer noopener\" aria-label=\"blogs de formaci\u00f3n del PNTE (abre en una nueva pesta\u00f1a)\" href=\"http:\/\/blogsfad.educacion.navarra.es\/\" target=\"_blank\">blogs de formaci\u00f3n del PNTE<\/a>. No obstante, los alumnos y alumnas que se sientan m\u00e1s seguros har\u00edan bien en editar contenido ya publicado con versiones anteriores de WordPress, para experimentar con las opciones de conversi\u00f3n del bloque cl\u00e1sico a los nuevos bloques de la aplicaci\u00f3n. Estamos seguros de que quedar\u00e1n muy complacidos por lo f\u00e1cil que resulta esta operaci\u00f3n y por la eficacia con que WordPress la lleva a cabo.<\/p>\n\n\n\n<h2>3. Anotaci\u00f3n de problemas y dificultades<\/h2>\n\n\n\n<p>Otra actividad que puede ser muy aprovechable, especialmente para la cuarta sesi\u00f3n del curso, es la siguiente: anotar cuidadosamente cualquier dificultad, problema o inconveniente que surja en el uso habitual del nuevo editor de WordPress. En la sesi\u00f3n final del curso, se examinar\u00e1n los problemas m\u00e1s habituales con Gutenberg y se propondr\u00e1n algunas soluciones. Naturalmente, la sesi\u00f3n resultar\u00e1 m\u00e1s provechosa si responde a las dificulatdes encontradas por los alumnos y alumnas de este curso en el uso del nuevo editor.<\/p>\n\n\n\n<h2>4. Contacto con el profesor del curso<\/h2>\n\n\n\n<p>Como en otros cursos anteriores, los asistentes pueden ponerse en contacto en todo momento con el profesor del curso, utilizando para ello <a href=\"https:\/\/cursoswp.educacion.navarra.es\/cursowp2019\/contacto\/\">el formulario creado a tal efecto<\/a>.<\/p>\n","protected":false},"excerpt":{"rendered":"<p>Tras cada una de las sesiones, conviene que los alumnos y alumnas del curso realicen pr\u00e1cticas sobre los contenidos tratados y las t\u00e9cnicas practicadas, con el fin de repasar estos y afianzar el logro de aquellas. En esta edici\u00f3n de los cursos avanzados sobre WordPress, no vamos a asignarles ninguna actividad o tarea fija, pero [&hellip;]<\/p>\n","protected":false},"author":1,"featured_media":886,"parent":0,"menu_order":0,"comment_status":"closed","ping_status":"closed","template":"","meta":{"_genesis_hide_title":false,"_genesis_hide_breadcrumbs":false,"_genesis_hide_singular_image":false,"_genesis_hide_footer_widgets":false,"_genesis_custom_body_class":"","_genesis_custom_post_class":"","_genesis_layout":""},"featured_image_urls":{"full":["https:\/\/cursoswp.educacion.navarra.es\/cursowp2019\/wp-content\/uploads\/2019\/03\/broca.jpg",1600,1048,false],"thumbnail":["https:\/\/cursoswp.educacion.navarra.es\/cursowp2019\/wp-content\/uploads\/2019\/03\/broca-150x150.jpg",150,150,true],"medium":["https:\/\/cursoswp.educacion.navarra.es\/cursowp2019\/wp-content\/uploads\/2019\/03\/broca-300x197.jpg",300,197,true],"medium_large":["https:\/\/cursoswp.educacion.navarra.es\/cursowp2019\/wp-content\/uploads\/2019\/03\/broca-768x503.jpg",768,503,true],"large":["https:\/\/cursoswp.educacion.navarra.es\/cursowp2019\/wp-content\/uploads\/2019\/03\/broca-1024x671.jpg",1024,671,true],"1536x1536":["https:\/\/cursoswp.educacion.navarra.es\/cursowp2019\/wp-content\/uploads\/2019\/03\/broca.jpg",1536,1006,false],"2048x2048":["https:\/\/cursoswp.educacion.navarra.es\/cursowp2019\/wp-content\/uploads\/2019\/03\/broca.jpg",1600,1048,false],"sidebar-featured-thumb":["https:\/\/cursoswp.educacion.navarra.es\/cursowp2019\/wp-content\/uploads\/2019\/03\/broca-70x60.jpg",70,60,true],"featured-image":["https:\/\/cursoswp.educacion.navarra.es\/cursowp2019\/wp-content\/uploads\/2019\/03\/broca-800x400.jpg",800,400,true],"header-hero":["https:\/\/cursoswp.educacion.navarra.es\/cursowp2019\/wp-content\/uploads\/2019\/03\/broca-1600x800.jpg",1600,800,true],"gb-block-post-grid-landscape":["https:\/\/cursoswp.educacion.navarra.es\/cursowp2019\/wp-content\/uploads\/2019\/03\/broca.jpg",600,393,false],"gb-block-post-grid-square":["https:\/\/cursoswp.educacion.navarra.es\/cursowp2019\/wp-content\/uploads\/2019\/03\/broca.jpg",600,393,false],"guten_post_layout_landscape_large":["https:\/\/cursoswp.educacion.navarra.es\/cursowp2019\/wp-content\/uploads\/2019\/03\/broca.jpg",1200,786,false],"guten_post_layout_portrait_large":["https:\/\/cursoswp.educacion.navarra.es\/cursowp2019\/wp-content\/uploads\/2019\/03\/broca.jpg",1200,786,false],"guten_post_layout_square_large":["https:\/\/cursoswp.educacion.navarra.es\/cursowp2019\/wp-content\/uploads\/2019\/03\/broca.jpg",1200,786,false],"guten_post_layout_landscape":["https:\/\/cursoswp.educacion.navarra.es\/cursowp2019\/wp-content\/uploads\/2019\/03\/broca.jpg",600,393,false],"guten_post_layout_portrait":["https:\/\/cursoswp.educacion.navarra.es\/cursowp2019\/wp-content\/uploads\/2019\/03\/broca.jpg",600,393,false],"guten_post_layout_square":["https:\/\/cursoswp.educacion.navarra.es\/cursowp2019\/wp-content\/uploads\/2019\/03\/broca.jpg",600,393,false]},"post_excerpt_stackable":"<p>Tras cada una de las sesiones, conviene que los alumnos y alumnas del curso realicen pr\u00e1cticas sobre los contenidos tratados y las t\u00e9cnicas practicadas, con el fin de repasar estos y afianzar el logro de aquellas. En esta edici\u00f3n de los cursos avanzados sobre WordPress, no vamos a asignarles ninguna actividad o tarea fija, pero sugerimos que lleven a cabo las pr\u00e1cticas que detallamos a continuaci\u00f3n. 1. Pr\u00e1cticas sugeridas Crear contenido y experimentar con las opciones de los diversos bloques.Examinar a fondo las opciones de los bloques de texto (p\u00e1rrafo, encabezado, lista, cita, etc.), que son los que se utilizan&hellip;<\/p>\n","category_list":"","author_info":{"name":"Administrador","url":"https:\/\/cursoswp.educacion.navarra.es\/cursowp2019\/author\/superadminpnte\/"},"comments_num":"0 comentarios","featured_image_urls_v2":{"full":["https:\/\/cursoswp.educacion.navarra.es\/cursowp2019\/wp-content\/uploads\/2019\/03\/broca.jpg",1600,1048,false],"thumbnail":["https:\/\/cursoswp.educacion.navarra.es\/cursowp2019\/wp-content\/uploads\/2019\/03\/broca-150x150.jpg",150,150,true],"medium":["https:\/\/cursoswp.educacion.navarra.es\/cursowp2019\/wp-content\/uploads\/2019\/03\/broca-300x197.jpg",300,197,true],"medium_large":["https:\/\/cursoswp.educacion.navarra.es\/cursowp2019\/wp-content\/uploads\/2019\/03\/broca-768x503.jpg",768,503,true],"large":["https:\/\/cursoswp.educacion.navarra.es\/cursowp2019\/wp-content\/uploads\/2019\/03\/broca-1024x671.jpg",1024,671,true],"1536x1536":["https:\/\/cursoswp.educacion.navarra.es\/cursowp2019\/wp-content\/uploads\/2019\/03\/broca.jpg",1536,1006,false],"2048x2048":["https:\/\/cursoswp.educacion.navarra.es\/cursowp2019\/wp-content\/uploads\/2019\/03\/broca.jpg",1600,1048,false],"sidebar-featured-thumb":["https:\/\/cursoswp.educacion.navarra.es\/cursowp2019\/wp-content\/uploads\/2019\/03\/broca-70x60.jpg",70,60,true],"featured-image":["https:\/\/cursoswp.educacion.navarra.es\/cursowp2019\/wp-content\/uploads\/2019\/03\/broca-800x400.jpg",800,400,true],"header-hero":["https:\/\/cursoswp.educacion.navarra.es\/cursowp2019\/wp-content\/uploads\/2019\/03\/broca-1600x800.jpg",1600,800,true],"gb-block-post-grid-landscape":["https:\/\/cursoswp.educacion.navarra.es\/cursowp2019\/wp-content\/uploads\/2019\/03\/broca.jpg",600,393,false],"gb-block-post-grid-square":["https:\/\/cursoswp.educacion.navarra.es\/cursowp2019\/wp-content\/uploads\/2019\/03\/broca.jpg",600,393,false],"guten_post_layout_landscape_large":["https:\/\/cursoswp.educacion.navarra.es\/cursowp2019\/wp-content\/uploads\/2019\/03\/broca.jpg",1200,786,false],"guten_post_layout_portrait_large":["https:\/\/cursoswp.educacion.navarra.es\/cursowp2019\/wp-content\/uploads\/2019\/03\/broca.jpg",1200,786,false],"guten_post_layout_square_large":["https:\/\/cursoswp.educacion.navarra.es\/cursowp2019\/wp-content\/uploads\/2019\/03\/broca.jpg",1200,786,false],"guten_post_layout_landscape":["https:\/\/cursoswp.educacion.navarra.es\/cursowp2019\/wp-content\/uploads\/2019\/03\/broca.jpg",600,393,false],"guten_post_layout_portrait":["https:\/\/cursoswp.educacion.navarra.es\/cursowp2019\/wp-content\/uploads\/2019\/03\/broca.jpg",600,393,false],"guten_post_layout_square":["https:\/\/cursoswp.educacion.navarra.es\/cursowp2019\/wp-content\/uploads\/2019\/03\/broca.jpg",600,393,false]},"post_excerpt_stackable_v2":"<p>Tras cada una de las sesiones, conviene que los alumnos y alumnas del curso realicen pr\u00e1cticas sobre los contenidos tratados y las t\u00e9cnicas practicadas, con el fin de repasar estos y afianzar el logro de aquellas. En esta edici\u00f3n de los cursos avanzados sobre WordPress, no vamos a asignarles ninguna actividad o tarea fija, pero sugerimos que lleven a cabo las pr\u00e1cticas que detallamos a continuaci\u00f3n. 1. Pr\u00e1cticas sugeridas Crear contenido y experimentar con las opciones de los diversos bloques.Examinar a fondo las opciones de los bloques de texto (p\u00e1rrafo, encabezado, lista, cita, etc.), que son los que se utilizan&hellip;<\/p>\n","category_list_v2":"","author_info_v2":{"name":"Administrador","url":"https:\/\/cursoswp.educacion.navarra.es\/cursowp2019\/author\/superadminpnte\/"},"comments_num_v2":"0 comentarios","yoast_head":"<!-- This site is optimized with the Yoast SEO plugin v19.13 - https:\/\/yoast.com\/wordpress\/plugins\/seo\/ -->\n<title>Actividades tras las sesiones del curso - Curso de WordPress 2019<\/title>\n<meta name=\"description\" content=\"Actividades propuestas para que se realicen despu\u00e9s de las sesiones del curso: pr\u00e1cticas con los bloques y anotaci\u00f3n de problemas con el nuevo editor.\" \/>\n<meta name=\"robots\" content=\"index, follow, max-snippet:-1, max-image-preview:large, max-video-preview:-1\" \/>\n<link rel=\"canonical\" href=\"https:\/\/cursoswp.educacion.navarra.es\/cursowp2019\/actividades\/\" \/>\n<meta property=\"og:locale\" content=\"es_ES\" \/>\n<meta property=\"og:type\" content=\"article\" \/>\n<meta property=\"og:title\" content=\"Actividades tras las sesiones del curso - Curso de WordPress 2019\" \/>\n<meta property=\"og:description\" content=\"Actividades propuestas para que se realicen despu\u00e9s de las sesiones del curso: pr\u00e1cticas con los bloques y anotaci\u00f3n de problemas con el nuevo editor.\" \/>\n<meta property=\"og:url\" content=\"https:\/\/cursoswp.educacion.navarra.es\/cursowp2019\/actividades\/\" \/>\n<meta property=\"og:site_name\" content=\"Curso de WordPress 2019\" \/>\n<meta property=\"article:modified_time\" content=\"2019-03-13T12:20:14+00:00\" \/>\n<meta property=\"og:image\" content=\"https:\/\/cursoswp.educacion.navarra.es\/cursowp2019\/wp-content\/uploads\/2019\/03\/broca.jpg\" \/>\n\t<meta property=\"og:image:width\" content=\"1600\" \/>\n\t<meta property=\"og:image:height\" content=\"1048\" \/>\n\t<meta property=\"og:image:type\" content=\"image\/jpeg\" \/>\n<meta name=\"twitter:card\" content=\"summary_large_image\" \/>\n<meta name=\"twitter:label1\" content=\"Tiempo de lectura\" \/>\n\t<meta name=\"twitter:data1\" content=\"2 minutos\" \/>\n<script type=\"application\/ld+json\" class=\"yoast-schema-graph\">{\"@context\":\"https:\/\/schema.org\",\"@graph\":[{\"@type\":\"WebPage\",\"@id\":\"https:\/\/cursoswp.educacion.navarra.es\/cursowp2019\/actividades\/\",\"url\":\"https:\/\/cursoswp.educacion.navarra.es\/cursowp2019\/actividades\/\",\"name\":\"Actividades tras las sesiones del curso - Curso de WordPress 2019\",\"isPartOf\":{\"@id\":\"https:\/\/cursoswp.educacion.navarra.es\/cursowp2019\/#website\"},\"datePublished\":\"2019-03-12T21:28:44+00:00\",\"dateModified\":\"2019-03-13T12:20:14+00:00\",\"description\":\"Actividades propuestas para que se realicen despu\u00e9s de las sesiones del curso: pr\u00e1cticas con los bloques y anotaci\u00f3n de problemas con el nuevo editor.\",\"breadcrumb\":{\"@id\":\"https:\/\/cursoswp.educacion.navarra.es\/cursowp2019\/actividades\/#breadcrumb\"},\"inLanguage\":\"es\",\"potentialAction\":[{\"@type\":\"ReadAction\",\"target\":[\"https:\/\/cursoswp.educacion.navarra.es\/cursowp2019\/actividades\/\"]}]},{\"@type\":\"BreadcrumbList\",\"@id\":\"https:\/\/cursoswp.educacion.navarra.es\/cursowp2019\/actividades\/#breadcrumb\",\"itemListElement\":[{\"@type\":\"ListItem\",\"position\":1,\"name\":\"Portada\",\"item\":\"https:\/\/cursoswp.educacion.navarra.es\/cursowp2019\/\"},{\"@type\":\"ListItem\",\"position\":2,\"name\":\"Actividades\"}]},{\"@type\":\"WebSite\",\"@id\":\"https:\/\/cursoswp.educacion.navarra.es\/cursowp2019\/#website\",\"url\":\"https:\/\/cursoswp.educacion.navarra.es\/cursowp2019\/\",\"name\":\"Curso de WordPress 2019\",\"description\":\"Curso sobre WordPress en el CAP de Pamplona\",\"publisher\":{\"@id\":\"https:\/\/cursoswp.educacion.navarra.es\/cursowp2019\/#organization\"},\"potentialAction\":[{\"@type\":\"SearchAction\",\"target\":{\"@type\":\"EntryPoint\",\"urlTemplate\":\"https:\/\/cursoswp.educacion.navarra.es\/cursowp2019\/?s={search_term_string}\"},\"query-input\":\"required name=search_term_string\"}],\"inLanguage\":\"es\"},{\"@type\":\"Organization\",\"@id\":\"https:\/\/cursoswp.educacion.navarra.es\/cursowp2019\/#organization\",\"name\":\"Departamento de Educaci\u00f3n, Gobierno de Navarra\",\"url\":\"https:\/\/cursoswp.educacion.navarra.es\/cursowp2019\/\",\"logo\":{\"@type\":\"ImageObject\",\"inLanguage\":\"es\",\"@id\":\"https:\/\/cursoswp.educacion.navarra.es\/cursowp2019\/#\/schema\/logo\/image\/\",\"url\":\"https:\/\/cursoswp.educacion.navarra.es\/cursowp2019\/wp-content\/uploads\/2019\/02\/logotipo_educacion_bilingue_rojo_800px.png\",\"contentUrl\":\"https:\/\/cursoswp.educacion.navarra.es\/cursowp2019\/wp-content\/uploads\/2019\/02\/logotipo_educacion_bilingue_rojo_800px.png\",\"width\":800,\"height\":92,\"caption\":\"Departamento de Educaci\u00f3n, Gobierno de Navarra\"},\"image\":{\"@id\":\"https:\/\/cursoswp.educacion.navarra.es\/cursowp2019\/#\/schema\/logo\/image\/\"}}]}<\/script>\n<!-- \/ Yoast SEO plugin. -->","yoast_head_json":{"title":"Actividades tras las sesiones del curso - Curso de WordPress 2019","description":"Actividades propuestas para que se realicen despu\u00e9s de las sesiones del curso: pr\u00e1cticas con los bloques y anotaci\u00f3n de problemas con el nuevo editor.","robots":{"index":"index","follow":"follow","max-snippet":"max-snippet:-1","max-image-preview":"max-image-preview:large","max-video-preview":"max-video-preview:-1"},"canonical":"https:\/\/cursoswp.educacion.navarra.es\/cursowp2019\/actividades\/","og_locale":"es_ES","og_type":"article","og_title":"Actividades tras las sesiones del curso - Curso de WordPress 2019","og_description":"Actividades propuestas para que se realicen despu\u00e9s de las sesiones del curso: pr\u00e1cticas con los bloques y anotaci\u00f3n de problemas con el nuevo editor.","og_url":"https:\/\/cursoswp.educacion.navarra.es\/cursowp2019\/actividades\/","og_site_name":"Curso de WordPress 2019","article_modified_time":"2019-03-13T12:20:14+00:00","og_image":[{"width":1600,"height":1048,"url":"https:\/\/cursoswp.educacion.navarra.es\/cursowp2019\/wp-content\/uploads\/2019\/03\/broca.jpg","type":"image\/jpeg"}],"twitter_card":"summary_large_image","twitter_misc":{"Tiempo de lectura":"2 minutos"},"schema":{"@context":"https:\/\/schema.org","@graph":[{"@type":"WebPage","@id":"https:\/\/cursoswp.educacion.navarra.es\/cursowp2019\/actividades\/","url":"https:\/\/cursoswp.educacion.navarra.es\/cursowp2019\/actividades\/","name":"Actividades tras las sesiones del curso - Curso de WordPress 2019","isPartOf":{"@id":"https:\/\/cursoswp.educacion.navarra.es\/cursowp2019\/#website"},"datePublished":"2019-03-12T21:28:44+00:00","dateModified":"2019-03-13T12:20:14+00:00","description":"Actividades propuestas para que se realicen despu\u00e9s de las sesiones del curso: pr\u00e1cticas con los bloques y anotaci\u00f3n de problemas con el nuevo editor.","breadcrumb":{"@id":"https:\/\/cursoswp.educacion.navarra.es\/cursowp2019\/actividades\/#breadcrumb"},"inLanguage":"es","potentialAction":[{"@type":"ReadAction","target":["https:\/\/cursoswp.educacion.navarra.es\/cursowp2019\/actividades\/"]}]},{"@type":"BreadcrumbList","@id":"https:\/\/cursoswp.educacion.navarra.es\/cursowp2019\/actividades\/#breadcrumb","itemListElement":[{"@type":"ListItem","position":1,"name":"Portada","item":"https:\/\/cursoswp.educacion.navarra.es\/cursowp2019\/"},{"@type":"ListItem","position":2,"name":"Actividades"}]},{"@type":"WebSite","@id":"https:\/\/cursoswp.educacion.navarra.es\/cursowp2019\/#website","url":"https:\/\/cursoswp.educacion.navarra.es\/cursowp2019\/","name":"Curso de WordPress 2019","description":"Curso sobre WordPress en el CAP de Pamplona","publisher":{"@id":"https:\/\/cursoswp.educacion.navarra.es\/cursowp2019\/#organization"},"potentialAction":[{"@type":"SearchAction","target":{"@type":"EntryPoint","urlTemplate":"https:\/\/cursoswp.educacion.navarra.es\/cursowp2019\/?s={search_term_string}"},"query-input":"required name=search_term_string"}],"inLanguage":"es"},{"@type":"Organization","@id":"https:\/\/cursoswp.educacion.navarra.es\/cursowp2019\/#organization","name":"Departamento de Educaci\u00f3n, Gobierno de Navarra","url":"https:\/\/cursoswp.educacion.navarra.es\/cursowp2019\/","logo":{"@type":"ImageObject","inLanguage":"es","@id":"https:\/\/cursoswp.educacion.navarra.es\/cursowp2019\/#\/schema\/logo\/image\/","url":"https:\/\/cursoswp.educacion.navarra.es\/cursowp2019\/wp-content\/uploads\/2019\/02\/logotipo_educacion_bilingue_rojo_800px.png","contentUrl":"https:\/\/cursoswp.educacion.navarra.es\/cursowp2019\/wp-content\/uploads\/2019\/02\/logotipo_educacion_bilingue_rojo_800px.png","width":800,"height":92,"caption":"Departamento de Educaci\u00f3n, Gobierno de Navarra"},"image":{"@id":"https:\/\/cursoswp.educacion.navarra.es\/cursowp2019\/#\/schema\/logo\/image\/"}}]}},"featured_image_src":"https:\/\/cursoswp.educacion.navarra.es\/cursowp2019\/wp-content\/uploads\/2019\/03\/broca.jpg","featured_image_src_square":"https:\/\/cursoswp.educacion.navarra.es\/cursowp2019\/wp-content\/uploads\/2019\/03\/broca.jpg","guten_post_layout_featured_media_urls":{"full":["https:\/\/cursoswp.educacion.navarra.es\/cursowp2019\/wp-content\/uploads\/2019\/03\/broca.jpg",1600,1048,false],"thumbnail":["https:\/\/cursoswp.educacion.navarra.es\/cursowp2019\/wp-content\/uploads\/2019\/03\/broca-150x150.jpg",150,150,true],"medium":["https:\/\/cursoswp.educacion.navarra.es\/cursowp2019\/wp-content\/uploads\/2019\/03\/broca-300x197.jpg",300,197,true],"medium_large":["https:\/\/cursoswp.educacion.navarra.es\/cursowp2019\/wp-content\/uploads\/2019\/03\/broca-768x503.jpg",768,503,true],"large":["https:\/\/cursoswp.educacion.navarra.es\/cursowp2019\/wp-content\/uploads\/2019\/03\/broca-1024x671.jpg",1024,671,true],"1536x1536":["https:\/\/cursoswp.educacion.navarra.es\/cursowp2019\/wp-content\/uploads\/2019\/03\/broca.jpg",1536,1006,false],"2048x2048":["https:\/\/cursoswp.educacion.navarra.es\/cursowp2019\/wp-content\/uploads\/2019\/03\/broca.jpg",1600,1048,false],"sidebar-featured-thumb":["https:\/\/cursoswp.educacion.navarra.es\/cursowp2019\/wp-content\/uploads\/2019\/03\/broca-70x60.jpg",70,60,true],"featured-image":["https:\/\/cursoswp.educacion.navarra.es\/cursowp2019\/wp-content\/uploads\/2019\/03\/broca-800x400.jpg",800,400,true],"header-hero":["https:\/\/cursoswp.educacion.navarra.es\/cursowp2019\/wp-content\/uploads\/2019\/03\/broca-1600x800.jpg",1600,800,true],"gb-block-post-grid-landscape":["https:\/\/cursoswp.educacion.navarra.es\/cursowp2019\/wp-content\/uploads\/2019\/03\/broca.jpg",600,393,false],"gb-block-post-grid-square":["https:\/\/cursoswp.educacion.navarra.es\/cursowp2019\/wp-content\/uploads\/2019\/03\/broca.jpg",600,393,false],"guten_post_layout_landscape_large":["https:\/\/cursoswp.educacion.navarra.es\/cursowp2019\/wp-content\/uploads\/2019\/03\/broca.jpg",1200,786,false],"guten_post_layout_portrait_large":["https:\/\/cursoswp.educacion.navarra.es\/cursowp2019\/wp-content\/uploads\/2019\/03\/broca.jpg",1200,786,false],"guten_post_layout_square_large":["https:\/\/cursoswp.educacion.navarra.es\/cursowp2019\/wp-content\/uploads\/2019\/03\/broca.jpg",1200,786,false],"guten_post_layout_landscape":["https:\/\/cursoswp.educacion.navarra.es\/cursowp2019\/wp-content\/uploads\/2019\/03\/broca.jpg",600,393,false],"guten_post_layout_portrait":["https:\/\/cursoswp.educacion.navarra.es\/cursowp2019\/wp-content\/uploads\/2019\/03\/broca.jpg",600,393,false],"guten_post_layout_square":["https:\/\/cursoswp.educacion.navarra.es\/cursowp2019\/wp-content\/uploads\/2019\/03\/broca.jpg",600,393,false]},"_links":{"self":[{"href":"https:\/\/cursoswp.educacion.navarra.es\/cursowp2019\/wp-json\/wp\/v2\/pages\/885"}],"collection":[{"href":"https:\/\/cursoswp.educacion.navarra.es\/cursowp2019\/wp-json\/wp\/v2\/pages"}],"about":[{"href":"https:\/\/cursoswp.educacion.navarra.es\/cursowp2019\/wp-json\/wp\/v2\/types\/page"}],"author":[{"embeddable":true,"href":"https:\/\/cursoswp.educacion.navarra.es\/cursowp2019\/wp-json\/wp\/v2\/users\/1"}],"replies":[{"embeddable":true,"href":"https:\/\/cursoswp.educacion.navarra.es\/cursowp2019\/wp-json\/wp\/v2\/comments?post=885"}],"version-history":[{"count":5,"href":"https:\/\/cursoswp.educacion.navarra.es\/cursowp2019\/wp-json\/wp\/v2\/pages\/885\/revisions"}],"predecessor-version":[{"id":915,"href":"https:\/\/cursoswp.educacion.navarra.es\/cursowp2019\/wp-json\/wp\/v2\/pages\/885\/revisions\/915"}],"wp:featuredmedia":[{"embeddable":true,"href":"https:\/\/cursoswp.educacion.navarra.es\/cursowp2019\/wp-json\/wp\/v2\/media\/886"}],"wp:attachment":[{"href":"https:\/\/cursoswp.educacion.navarra.es\/cursowp2019\/wp-json\/wp\/v2\/media?parent=885"}],"curies":[{"name":"wp","href":"https:\/\/api.w.org\/{rel}","templated":true}]}}