{"id":758,"date":"2019-03-11T20:34:47","date_gmt":"2019-03-11T19:34:47","guid":{"rendered":"https:\/\/cursoswp.educacion.navarra.es\/cursowp2019\/?page_id=758"},"modified":"2020-02-07T09:47:13","modified_gmt":"2020-02-07T08:47:13","slug":"instrucciones","status":"publish","type":"page","link":"https:\/\/cursoswp.educacion.navarra.es\/cursowp2019\/instrucciones\/","title":{"rendered":"Instrucciones"},"content":{"rendered":"\n<p class=\"has-drop-cap\">A continuaci\u00f3n vamos a explicar algunos aspectos de la organizaci\u00f3n del curso que son fundamentales para poder seguir las explicaciones del profesor y para realizar las tareas y actividades previstas en su desarrollo. Rogamos a los asistentes que lean los siguientes ep\u00edgrafes con la mayor atenci\u00f3n.<\/p>\n\n\n\n<h2>1. Sitios web de pr\u00e1cticas<\/h2>\n\n\n\n<p>Cada uno de los alumnos y alumnas del curso dispone de un sitio web de pr\u00e1cticas, alojado en la plataforma de <a rel=\"noreferrer noopener\" href=\"http:\/\/blogsfad.educacion.navarra.es\/\" target=\"_blank\">blogs de formaci\u00f3n del PNTE<\/a>, Todos los asistentes han sido dados de alta en sus respectivos sitios con el rol de administrador, lo cual les permitir\u00e1 crear contenido, seleccionar y configurar los temas, modificar el dise\u00f1o, etc.<\/p>\n\n\n\n<p style=\"background-color:#d7032a;color:#fefefe\" class=\"has-text-color has-background\">Los sitios de pr\u00e1cticas <strong><u>no deben utilizarse<\/u><\/strong> para albergar contenido que haya de ser publicado de forma permanente y definitiva. De acuerdo con este principio, <strong><u>los sitios de pr\u00e1cticas creados para este curso ser\u00e1n eliminados antes de finalizar el mes de junio de 2019<\/u><\/strong>; hasta entonces, los participantes en esta actividad formativa podr\u00e1n realizar pr\u00e1cticas adicionales, exportar su contenido, comentar con el profesor aspectos de su inter\u00e9s, etc.<\/p>\n\n\n\n<h2>2. Acceso a los sitios de pr\u00e1cticas<\/h2>\n\n\n\n<p>Antes de llevar a cabo las tareas y actividades propuestas, cada asistente tendr\u00e1 que verificar la existencia de su sitio web, cuya URL ser\u00e1 <code>http:\/\/blogsfad.educacion.navarra.es\/xxxxxxxx<\/code>, siendo <code>xxxxxxxx<\/code> su nombre de usuario de <a rel=\"noreferrer noopener\" aria-label=\"Educa (abre en una nueva pesta\u00f1a)\" href=\"https:\/\/educages.navarra.es\/\" target=\"_blank\">Educa<\/a>. El t\u00edtulo de todos los sitios comienza por la secuencia \u201cSitio web de\u2026\u201d, y en cada caso los puntos suspensivos equivalen al nombre de pila y los dos apellidos de la persona, tal como est\u00e1 registrada en Educa. El t\u00edtulo del sitio, como casi cualquier otro aspecto de su configuraci\u00f3n, se puede cambiar a voluntad.<\/p>\n\n\n\n<p>Una vez que haya verificado que su sitio web est\u00e1 disponible y accesible en Internet, cada alumno o alumna tendr\u00e1 que iniciar sesi\u00f3n como administrador. Para ello, deber\u00e1 apuntar a la siguiente direcci\u00f3n: <code>http:\/\/blogsfad.educacion.navarra.es\/xxxxxxxx\/wp-admin<\/code>. Aparecer\u00e1 entonces el formulario de inicio de sesi\u00f3n de WordPress, que solicitar\u00e1 las credenciales de usuario. Estas credenciales son las siguientes:<\/p>\n\n\n\n<ul><li><strong>Nombre de usuario<\/strong>: el nombre de usuario \u00abbonito\u00bb de Educa, que en la mayor\u00eda de los casos (pero no en todos) coincide con lo que est\u00e1 delante de la arroba en la direcci\u00f3n de coreo electr\u00f3nico del dominio <strong>educacion.navarra.es<\/strong>.<\/li><li><strong>Contrase\u00f1a<\/strong>: el NIF de cada participante (con letra), seguido de la secuencia <code>_WP2019<\/code>. Por tanto, para un usuario con el NIF&nbsp;<strong>12345678Z<\/strong>, la contrase\u00f1a ser\u00e1&nbsp;<code>12345678Z_WP2019<\/code>.<\/li><\/ul>\n\n\n\n<h2>3. Realizaci\u00f3n de las tareas y actividades<\/h2>\n\n\n\n<p>Tras cada una de las sesiones, el profesor del curso podr\u00e1 proponer la realizaci\u00f3n de una o m\u00e1s actividades, que en su caso habr\u00e1n de ser enviadas mediante el <a href=\"https:\/\/cursoswp.educacion.navarra.es\/cursowp2019\/contacto\/\">formulario de contacto del Curso de WordPress 2019<\/a>. <\/p>\n\n\n\n<p>Si alg\u00fan alumno o alumna no puede acceder a su sitio web, o no recuerda sus credenciales de acceso, o tiene dudas y problemas para realizar las actividades, puede dirigirse al profesor del curso, bien mediante el ya citado <a href=\"https:\/\/cursoswp.educacion.navarra.es\/cursowp2019\/contacto\/\">formulario de contacto<\/a>, bien escribiendo a la siguiente direcci\u00f3n de correo electr\u00f3nico:\n<code>utnt2[arroba]educacion[punto]navarra[punto]es<\/code>.<\/p>\n","protected":false},"excerpt":{"rendered":"<p>A continuaci\u00f3n vamos a explicar algunos aspectos de la organizaci\u00f3n del curso que son fundamentales para poder seguir las explicaciones del profesor y para realizar las tareas y actividades previstas en su desarrollo. Rogamos a los asistentes que lean los siguientes ep\u00edgrafes con la mayor atenci\u00f3n. 1. Sitios web de pr\u00e1cticas Cada uno de los [&hellip;]<\/p>\n","protected":false},"author":1,"featured_media":760,"parent":0,"menu_order":0,"comment_status":"closed","ping_status":"closed","template":"","meta":{"_genesis_hide_title":false,"_genesis_hide_breadcrumbs":false,"_genesis_hide_singular_image":false,"_genesis_hide_footer_widgets":false,"_genesis_custom_body_class":"","_genesis_custom_post_class":"","_genesis_layout":""},"featured_image_urls":{"full":["https:\/\/cursoswp.educacion.navarra.es\/cursowp2019\/wp-content\/uploads\/2019\/03\/senal-de-trafico.jpg",1600,1064,false],"thumbnail":["https:\/\/cursoswp.educacion.navarra.es\/cursowp2019\/wp-content\/uploads\/2019\/03\/senal-de-trafico-150x150.jpg",150,150,true],"medium":["https:\/\/cursoswp.educacion.navarra.es\/cursowp2019\/wp-content\/uploads\/2019\/03\/senal-de-trafico-300x200.jpg",300,200,true],"medium_large":["https:\/\/cursoswp.educacion.navarra.es\/cursowp2019\/wp-content\/uploads\/2019\/03\/senal-de-trafico-768x511.jpg",768,511,true],"large":["https:\/\/cursoswp.educacion.navarra.es\/cursowp2019\/wp-content\/uploads\/2019\/03\/senal-de-trafico-1024x681.jpg",1024,681,true],"1536x1536":["https:\/\/cursoswp.educacion.navarra.es\/cursowp2019\/wp-content\/uploads\/2019\/03\/senal-de-trafico.jpg",1536,1021,false],"2048x2048":["https:\/\/cursoswp.educacion.navarra.es\/cursowp2019\/wp-content\/uploads\/2019\/03\/senal-de-trafico.jpg",1600,1064,false],"sidebar-featured-thumb":["https:\/\/cursoswp.educacion.navarra.es\/cursowp2019\/wp-content\/uploads\/2019\/03\/senal-de-trafico-70x60.jpg",70,60,true],"featured-image":["https:\/\/cursoswp.educacion.navarra.es\/cursowp2019\/wp-content\/uploads\/2019\/03\/senal-de-trafico-800x400.jpg",800,400,true],"header-hero":["https:\/\/cursoswp.educacion.navarra.es\/cursowp2019\/wp-content\/uploads\/2019\/03\/senal-de-trafico-1600x800.jpg",1600,800,true],"gb-block-post-grid-landscape":["https:\/\/cursoswp.educacion.navarra.es\/cursowp2019\/wp-content\/uploads\/2019\/03\/senal-de-trafico.jpg",600,400,false],"gb-block-post-grid-square":["https:\/\/cursoswp.educacion.navarra.es\/cursowp2019\/wp-content\/uploads\/2019\/03\/senal-de-trafico.jpg",600,399,false],"guten_post_layout_landscape_large":["https:\/\/cursoswp.educacion.navarra.es\/cursowp2019\/wp-content\/uploads\/2019\/03\/senal-de-trafico.jpg",1200,798,false],"guten_post_layout_portrait_large":["https:\/\/cursoswp.educacion.navarra.es\/cursowp2019\/wp-content\/uploads\/2019\/03\/senal-de-trafico.jpg",1200,798,false],"guten_post_layout_square_large":["https:\/\/cursoswp.educacion.navarra.es\/cursowp2019\/wp-content\/uploads\/2019\/03\/senal-de-trafico.jpg",1200,798,false],"guten_post_layout_landscape":["https:\/\/cursoswp.educacion.navarra.es\/cursowp2019\/wp-content\/uploads\/2019\/03\/senal-de-trafico.jpg",600,400,false],"guten_post_layout_portrait":["https:\/\/cursoswp.educacion.navarra.es\/cursowp2019\/wp-content\/uploads\/2019\/03\/senal-de-trafico.jpg",600,399,false],"guten_post_layout_square":["https:\/\/cursoswp.educacion.navarra.es\/cursowp2019\/wp-content\/uploads\/2019\/03\/senal-de-trafico.jpg",600,399,false]},"post_excerpt_stackable":"<p>A continuaci\u00f3n vamos a explicar algunos aspectos de la organizaci\u00f3n del curso que son fundamentales para poder seguir las explicaciones del profesor y para realizar las tareas y actividades previstas en su desarrollo. Rogamos a los asistentes que lean los siguientes ep\u00edgrafes con la mayor atenci\u00f3n. 1. Sitios web de pr\u00e1cticas Cada uno de los alumnos y alumnas del curso dispone de un sitio web de pr\u00e1cticas, alojado en la plataforma de blogs de formaci\u00f3n del PNTE, Todos los asistentes han sido dados de alta en sus respectivos sitios con el rol de administrador, lo cual les permitir\u00e1 crear contenido,&hellip;<\/p>\n","category_list":"","author_info":{"name":"Administrador","url":"https:\/\/cursoswp.educacion.navarra.es\/cursowp2019\/author\/superadminpnte\/"},"comments_num":"0 comentarios","featured_image_urls_v2":{"full":["https:\/\/cursoswp.educacion.navarra.es\/cursowp2019\/wp-content\/uploads\/2019\/03\/senal-de-trafico.jpg",1600,1064,false],"thumbnail":["https:\/\/cursoswp.educacion.navarra.es\/cursowp2019\/wp-content\/uploads\/2019\/03\/senal-de-trafico-150x150.jpg",150,150,true],"medium":["https:\/\/cursoswp.educacion.navarra.es\/cursowp2019\/wp-content\/uploads\/2019\/03\/senal-de-trafico-300x200.jpg",300,200,true],"medium_large":["https:\/\/cursoswp.educacion.navarra.es\/cursowp2019\/wp-content\/uploads\/2019\/03\/senal-de-trafico-768x511.jpg",768,511,true],"large":["https:\/\/cursoswp.educacion.navarra.es\/cursowp2019\/wp-content\/uploads\/2019\/03\/senal-de-trafico-1024x681.jpg",1024,681,true],"1536x1536":["https:\/\/cursoswp.educacion.navarra.es\/cursowp2019\/wp-content\/uploads\/2019\/03\/senal-de-trafico.jpg",1536,1021,false],"2048x2048":["https:\/\/cursoswp.educacion.navarra.es\/cursowp2019\/wp-content\/uploads\/2019\/03\/senal-de-trafico.jpg",1600,1064,false],"sidebar-featured-thumb":["https:\/\/cursoswp.educacion.navarra.es\/cursowp2019\/wp-content\/uploads\/2019\/03\/senal-de-trafico-70x60.jpg",70,60,true],"featured-image":["https:\/\/cursoswp.educacion.navarra.es\/cursowp2019\/wp-content\/uploads\/2019\/03\/senal-de-trafico-800x400.jpg",800,400,true],"header-hero":["https:\/\/cursoswp.educacion.navarra.es\/cursowp2019\/wp-content\/uploads\/2019\/03\/senal-de-trafico-1600x800.jpg",1600,800,true],"gb-block-post-grid-landscape":["https:\/\/cursoswp.educacion.navarra.es\/cursowp2019\/wp-content\/uploads\/2019\/03\/senal-de-trafico.jpg",600,400,false],"gb-block-post-grid-square":["https:\/\/cursoswp.educacion.navarra.es\/cursowp2019\/wp-content\/uploads\/2019\/03\/senal-de-trafico.jpg",600,399,false],"guten_post_layout_landscape_large":["https:\/\/cursoswp.educacion.navarra.es\/cursowp2019\/wp-content\/uploads\/2019\/03\/senal-de-trafico.jpg",1200,798,false],"guten_post_layout_portrait_large":["https:\/\/cursoswp.educacion.navarra.es\/cursowp2019\/wp-content\/uploads\/2019\/03\/senal-de-trafico.jpg",1200,798,false],"guten_post_layout_square_large":["https:\/\/cursoswp.educacion.navarra.es\/cursowp2019\/wp-content\/uploads\/2019\/03\/senal-de-trafico.jpg",1200,798,false],"guten_post_layout_landscape":["https:\/\/cursoswp.educacion.navarra.es\/cursowp2019\/wp-content\/uploads\/2019\/03\/senal-de-trafico.jpg",600,400,false],"guten_post_layout_portrait":["https:\/\/cursoswp.educacion.navarra.es\/cursowp2019\/wp-content\/uploads\/2019\/03\/senal-de-trafico.jpg",600,399,false],"guten_post_layout_square":["https:\/\/cursoswp.educacion.navarra.es\/cursowp2019\/wp-content\/uploads\/2019\/03\/senal-de-trafico.jpg",600,399,false]},"post_excerpt_stackable_v2":"<p>A continuaci\u00f3n vamos a explicar algunos aspectos de la organizaci\u00f3n del curso que son fundamentales para poder seguir las explicaciones del profesor y para realizar las tareas y actividades previstas en su desarrollo. Rogamos a los asistentes que lean los siguientes ep\u00edgrafes con la mayor atenci\u00f3n. 1. Sitios web de pr\u00e1cticas Cada uno de los alumnos y alumnas del curso dispone de un sitio web de pr\u00e1cticas, alojado en la plataforma de blogs de formaci\u00f3n del PNTE, Todos los asistentes han sido dados de alta en sus respectivos sitios con el rol de administrador, lo cual les permitir\u00e1 crear contenido,&hellip;<\/p>\n","category_list_v2":"","author_info_v2":{"name":"Administrador","url":"https:\/\/cursoswp.educacion.navarra.es\/cursowp2019\/author\/superadminpnte\/"},"comments_num_v2":"0 comentarios","yoast_head":"<!-- This site is optimized with the Yoast SEO plugin v19.13 - https:\/\/yoast.com\/wordpress\/plugins\/seo\/ -->\n<title>Instrucciones - Curso de WordPress 2019<\/title>\n<meta name=\"description\" content=\"Instrucciones del curso: descripci\u00f3n y prop\u00f3sito de los sitios de pr\u00e1ctica, inicio de sesi\u00f3n en los sitios y realizaci\u00f3n de tareas y actividades.\" \/>\n<meta name=\"robots\" content=\"index, follow, max-snippet:-1, max-image-preview:large, max-video-preview:-1\" \/>\n<link rel=\"canonical\" href=\"https:\/\/cursoswp.educacion.navarra.es\/cursowp2019\/instrucciones\/\" \/>\n<meta property=\"og:locale\" content=\"es_ES\" \/>\n<meta property=\"og:type\" content=\"article\" \/>\n<meta property=\"og:title\" content=\"Instrucciones - Curso de WordPress 2019\" \/>\n<meta property=\"og:description\" content=\"Instrucciones del curso: descripci\u00f3n y prop\u00f3sito de los sitios de pr\u00e1ctica, inicio de sesi\u00f3n en los sitios y realizaci\u00f3n de tareas y actividades.\" \/>\n<meta property=\"og:url\" content=\"https:\/\/cursoswp.educacion.navarra.es\/cursowp2019\/instrucciones\/\" \/>\n<meta property=\"og:site_name\" content=\"Curso de WordPress 2019\" \/>\n<meta property=\"article:modified_time\" content=\"2020-02-07T08:47:13+00:00\" \/>\n<meta property=\"og:image\" content=\"https:\/\/cursoswp.educacion.navarra.es\/cursowp2019\/wp-content\/uploads\/2019\/03\/senal-de-trafico.jpg\" \/>\n\t<meta property=\"og:image:width\" content=\"1600\" \/>\n\t<meta property=\"og:image:height\" content=\"1064\" \/>\n\t<meta property=\"og:image:type\" content=\"image\/jpeg\" \/>\n<meta name=\"twitter:card\" content=\"summary_large_image\" \/>\n<meta name=\"twitter:label1\" content=\"Tiempo de lectura\" \/>\n\t<meta name=\"twitter:data1\" content=\"3 minutos\" \/>\n<script type=\"application\/ld+json\" class=\"yoast-schema-graph\">{\"@context\":\"https:\/\/schema.org\",\"@graph\":[{\"@type\":\"WebPage\",\"@id\":\"https:\/\/cursoswp.educacion.navarra.es\/cursowp2019\/instrucciones\/\",\"url\":\"https:\/\/cursoswp.educacion.navarra.es\/cursowp2019\/instrucciones\/\",\"name\":\"Instrucciones - Curso de WordPress 2019\",\"isPartOf\":{\"@id\":\"https:\/\/cursoswp.educacion.navarra.es\/cursowp2019\/#website\"},\"datePublished\":\"2019-03-11T19:34:47+00:00\",\"dateModified\":\"2020-02-07T08:47:13+00:00\",\"description\":\"Instrucciones del curso: descripci\u00f3n y prop\u00f3sito de los sitios de pr\u00e1ctica, inicio de sesi\u00f3n en los sitios y realizaci\u00f3n de tareas y actividades.\",\"breadcrumb\":{\"@id\":\"https:\/\/cursoswp.educacion.navarra.es\/cursowp2019\/instrucciones\/#breadcrumb\"},\"inLanguage\":\"es\",\"potentialAction\":[{\"@type\":\"ReadAction\",\"target\":[\"https:\/\/cursoswp.educacion.navarra.es\/cursowp2019\/instrucciones\/\"]}]},{\"@type\":\"BreadcrumbList\",\"@id\":\"https:\/\/cursoswp.educacion.navarra.es\/cursowp2019\/instrucciones\/#breadcrumb\",\"itemListElement\":[{\"@type\":\"ListItem\",\"position\":1,\"name\":\"Portada\",\"item\":\"https:\/\/cursoswp.educacion.navarra.es\/cursowp2019\/\"},{\"@type\":\"ListItem\",\"position\":2,\"name\":\"Instrucciones\"}]},{\"@type\":\"WebSite\",\"@id\":\"https:\/\/cursoswp.educacion.navarra.es\/cursowp2019\/#website\",\"url\":\"https:\/\/cursoswp.educacion.navarra.es\/cursowp2019\/\",\"name\":\"Curso de WordPress 2019\",\"description\":\"Curso sobre WordPress en el CAP de Pamplona\",\"publisher\":{\"@id\":\"https:\/\/cursoswp.educacion.navarra.es\/cursowp2019\/#organization\"},\"potentialAction\":[{\"@type\":\"SearchAction\",\"target\":{\"@type\":\"EntryPoint\",\"urlTemplate\":\"https:\/\/cursoswp.educacion.navarra.es\/cursowp2019\/?s={search_term_string}\"},\"query-input\":\"required name=search_term_string\"}],\"inLanguage\":\"es\"},{\"@type\":\"Organization\",\"@id\":\"https:\/\/cursoswp.educacion.navarra.es\/cursowp2019\/#organization\",\"name\":\"Departamento de Educaci\u00f3n, Gobierno de Navarra\",\"url\":\"https:\/\/cursoswp.educacion.navarra.es\/cursowp2019\/\",\"logo\":{\"@type\":\"ImageObject\",\"inLanguage\":\"es\",\"@id\":\"https:\/\/cursoswp.educacion.navarra.es\/cursowp2019\/#\/schema\/logo\/image\/\",\"url\":\"https:\/\/cursoswp.educacion.navarra.es\/cursowp2019\/wp-content\/uploads\/2019\/02\/logotipo_educacion_bilingue_rojo_800px.png\",\"contentUrl\":\"https:\/\/cursoswp.educacion.navarra.es\/cursowp2019\/wp-content\/uploads\/2019\/02\/logotipo_educacion_bilingue_rojo_800px.png\",\"width\":800,\"height\":92,\"caption\":\"Departamento de Educaci\u00f3n, Gobierno de Navarra\"},\"image\":{\"@id\":\"https:\/\/cursoswp.educacion.navarra.es\/cursowp2019\/#\/schema\/logo\/image\/\"}}]}<\/script>\n<!-- \/ Yoast SEO plugin. -->","yoast_head_json":{"title":"Instrucciones - Curso de WordPress 2019","description":"Instrucciones del curso: descripci\u00f3n y prop\u00f3sito de los sitios de pr\u00e1ctica, inicio de sesi\u00f3n en los sitios y realizaci\u00f3n de tareas y actividades.","robots":{"index":"index","follow":"follow","max-snippet":"max-snippet:-1","max-image-preview":"max-image-preview:large","max-video-preview":"max-video-preview:-1"},"canonical":"https:\/\/cursoswp.educacion.navarra.es\/cursowp2019\/instrucciones\/","og_locale":"es_ES","og_type":"article","og_title":"Instrucciones - Curso de WordPress 2019","og_description":"Instrucciones del curso: descripci\u00f3n y prop\u00f3sito de los sitios de pr\u00e1ctica, inicio de sesi\u00f3n en los sitios y realizaci\u00f3n de tareas y actividades.","og_url":"https:\/\/cursoswp.educacion.navarra.es\/cursowp2019\/instrucciones\/","og_site_name":"Curso de WordPress 2019","article_modified_time":"2020-02-07T08:47:13+00:00","og_image":[{"width":1600,"height":1064,"url":"https:\/\/cursoswp.educacion.navarra.es\/cursowp2019\/wp-content\/uploads\/2019\/03\/senal-de-trafico.jpg","type":"image\/jpeg"}],"twitter_card":"summary_large_image","twitter_misc":{"Tiempo de lectura":"3 minutos"},"schema":{"@context":"https:\/\/schema.org","@graph":[{"@type":"WebPage","@id":"https:\/\/cursoswp.educacion.navarra.es\/cursowp2019\/instrucciones\/","url":"https:\/\/cursoswp.educacion.navarra.es\/cursowp2019\/instrucciones\/","name":"Instrucciones - Curso de WordPress 2019","isPartOf":{"@id":"https:\/\/cursoswp.educacion.navarra.es\/cursowp2019\/#website"},"datePublished":"2019-03-11T19:34:47+00:00","dateModified":"2020-02-07T08:47:13+00:00","description":"Instrucciones del curso: descripci\u00f3n y prop\u00f3sito de los sitios de pr\u00e1ctica, inicio de sesi\u00f3n en los sitios y realizaci\u00f3n de tareas y actividades.","breadcrumb":{"@id":"https:\/\/cursoswp.educacion.navarra.es\/cursowp2019\/instrucciones\/#breadcrumb"},"inLanguage":"es","potentialAction":[{"@type":"ReadAction","target":["https:\/\/cursoswp.educacion.navarra.es\/cursowp2019\/instrucciones\/"]}]},{"@type":"BreadcrumbList","@id":"https:\/\/cursoswp.educacion.navarra.es\/cursowp2019\/instrucciones\/#breadcrumb","itemListElement":[{"@type":"ListItem","position":1,"name":"Portada","item":"https:\/\/cursoswp.educacion.navarra.es\/cursowp2019\/"},{"@type":"ListItem","position":2,"name":"Instrucciones"}]},{"@type":"WebSite","@id":"https:\/\/cursoswp.educacion.navarra.es\/cursowp2019\/#website","url":"https:\/\/cursoswp.educacion.navarra.es\/cursowp2019\/","name":"Curso de WordPress 2019","description":"Curso sobre WordPress en el CAP de Pamplona","publisher":{"@id":"https:\/\/cursoswp.educacion.navarra.es\/cursowp2019\/#organization"},"potentialAction":[{"@type":"SearchAction","target":{"@type":"EntryPoint","urlTemplate":"https:\/\/cursoswp.educacion.navarra.es\/cursowp2019\/?s={search_term_string}"},"query-input":"required name=search_term_string"}],"inLanguage":"es"},{"@type":"Organization","@id":"https:\/\/cursoswp.educacion.navarra.es\/cursowp2019\/#organization","name":"Departamento de Educaci\u00f3n, Gobierno de Navarra","url":"https:\/\/cursoswp.educacion.navarra.es\/cursowp2019\/","logo":{"@type":"ImageObject","inLanguage":"es","@id":"https:\/\/cursoswp.educacion.navarra.es\/cursowp2019\/#\/schema\/logo\/image\/","url":"https:\/\/cursoswp.educacion.navarra.es\/cursowp2019\/wp-content\/uploads\/2019\/02\/logotipo_educacion_bilingue_rojo_800px.png","contentUrl":"https:\/\/cursoswp.educacion.navarra.es\/cursowp2019\/wp-content\/uploads\/2019\/02\/logotipo_educacion_bilingue_rojo_800px.png","width":800,"height":92,"caption":"Departamento de Educaci\u00f3n, Gobierno de Navarra"},"image":{"@id":"https:\/\/cursoswp.educacion.navarra.es\/cursowp2019\/#\/schema\/logo\/image\/"}}]}},"featured_image_src":"https:\/\/cursoswp.educacion.navarra.es\/cursowp2019\/wp-content\/uploads\/2019\/03\/senal-de-trafico.jpg","featured_image_src_square":"https:\/\/cursoswp.educacion.navarra.es\/cursowp2019\/wp-content\/uploads\/2019\/03\/senal-de-trafico.jpg","guten_post_layout_featured_media_urls":{"full":["https:\/\/cursoswp.educacion.navarra.es\/cursowp2019\/wp-content\/uploads\/2019\/03\/senal-de-trafico.jpg",1600,1064,false],"thumbnail":["https:\/\/cursoswp.educacion.navarra.es\/cursowp2019\/wp-content\/uploads\/2019\/03\/senal-de-trafico-150x150.jpg",150,150,true],"medium":["https:\/\/cursoswp.educacion.navarra.es\/cursowp2019\/wp-content\/uploads\/2019\/03\/senal-de-trafico-300x200.jpg",300,200,true],"medium_large":["https:\/\/cursoswp.educacion.navarra.es\/cursowp2019\/wp-content\/uploads\/2019\/03\/senal-de-trafico-768x511.jpg",768,511,true],"large":["https:\/\/cursoswp.educacion.navarra.es\/cursowp2019\/wp-content\/uploads\/2019\/03\/senal-de-trafico-1024x681.jpg",1024,681,true],"1536x1536":["https:\/\/cursoswp.educacion.navarra.es\/cursowp2019\/wp-content\/uploads\/2019\/03\/senal-de-trafico.jpg",1536,1021,false],"2048x2048":["https:\/\/cursoswp.educacion.navarra.es\/cursowp2019\/wp-content\/uploads\/2019\/03\/senal-de-trafico.jpg",1600,1064,false],"sidebar-featured-thumb":["https:\/\/cursoswp.educacion.navarra.es\/cursowp2019\/wp-content\/uploads\/2019\/03\/senal-de-trafico-70x60.jpg",70,60,true],"featured-image":["https:\/\/cursoswp.educacion.navarra.es\/cursowp2019\/wp-content\/uploads\/2019\/03\/senal-de-trafico-800x400.jpg",800,400,true],"header-hero":["https:\/\/cursoswp.educacion.navarra.es\/cursowp2019\/wp-content\/uploads\/2019\/03\/senal-de-trafico-1600x800.jpg",1600,800,true],"gb-block-post-grid-landscape":["https:\/\/cursoswp.educacion.navarra.es\/cursowp2019\/wp-content\/uploads\/2019\/03\/senal-de-trafico.jpg",600,400,false],"gb-block-post-grid-square":["https:\/\/cursoswp.educacion.navarra.es\/cursowp2019\/wp-content\/uploads\/2019\/03\/senal-de-trafico.jpg",600,399,false],"guten_post_layout_landscape_large":["https:\/\/cursoswp.educacion.navarra.es\/cursowp2019\/wp-content\/uploads\/2019\/03\/senal-de-trafico.jpg",1200,798,false],"guten_post_layout_portrait_large":["https:\/\/cursoswp.educacion.navarra.es\/cursowp2019\/wp-content\/uploads\/2019\/03\/senal-de-trafico.jpg",1200,798,false],"guten_post_layout_square_large":["https:\/\/cursoswp.educacion.navarra.es\/cursowp2019\/wp-content\/uploads\/2019\/03\/senal-de-trafico.jpg",1200,798,false],"guten_post_layout_landscape":["https:\/\/cursoswp.educacion.navarra.es\/cursowp2019\/wp-content\/uploads\/2019\/03\/senal-de-trafico.jpg",600,400,false],"guten_post_layout_portrait":["https:\/\/cursoswp.educacion.navarra.es\/cursowp2019\/wp-content\/uploads\/2019\/03\/senal-de-trafico.jpg",600,399,false],"guten_post_layout_square":["https:\/\/cursoswp.educacion.navarra.es\/cursowp2019\/wp-content\/uploads\/2019\/03\/senal-de-trafico.jpg",600,399,false]},"_links":{"self":[{"href":"https:\/\/cursoswp.educacion.navarra.es\/cursowp2019\/wp-json\/wp\/v2\/pages\/758"}],"collection":[{"href":"https:\/\/cursoswp.educacion.navarra.es\/cursowp2019\/wp-json\/wp\/v2\/pages"}],"about":[{"href":"https:\/\/cursoswp.educacion.navarra.es\/cursowp2019\/wp-json\/wp\/v2\/types\/page"}],"author":[{"embeddable":true,"href":"https:\/\/cursoswp.educacion.navarra.es\/cursowp2019\/wp-json\/wp\/v2\/users\/1"}],"replies":[{"embeddable":true,"href":"https:\/\/cursoswp.educacion.navarra.es\/cursowp2019\/wp-json\/wp\/v2\/comments?post=758"}],"version-history":[{"count":10,"href":"https:\/\/cursoswp.educacion.navarra.es\/cursowp2019\/wp-json\/wp\/v2\/pages\/758\/revisions"}],"predecessor-version":[{"id":914,"href":"https:\/\/cursoswp.educacion.navarra.es\/cursowp2019\/wp-json\/wp\/v2\/pages\/758\/revisions\/914"}],"wp:featuredmedia":[{"embeddable":true,"href":"https:\/\/cursoswp.educacion.navarra.es\/cursowp2019\/wp-json\/wp\/v2\/media\/760"}],"wp:attachment":[{"href":"https:\/\/cursoswp.educacion.navarra.es\/cursowp2019\/wp-json\/wp\/v2\/media?parent=758"}],"curies":[{"name":"wp","href":"https:\/\/api.w.org\/{rel}","templated":true}]}}