{"id":28,"date":"2018-01-23T14:31:44","date_gmt":"2018-01-23T13:31:44","guid":{"rendered":"https:\/\/cursoswp.educacion.navarra.es\/cursowp2018\/?page_id=28"},"modified":"2018-03-08T12:56:03","modified_gmt":"2018-03-08T11:56:03","slug":"sobre-este-sitio","status":"publish","type":"page","link":"https:\/\/cursoswp.educacion.navarra.es\/cursowp2018\/sobre-este-sitio\/","title":{"rendered":"Sobre este sitio"},"content":{"rendered":"<p>Este sitio web es el escenario de un curso sobre uso avanzado de WordPress que ser\u00e1 impartido en el CAP de Pamplona por parte de Eduardo-Mart\u00edn Larequi Garc\u00eda, asesor de la Secci\u00f3n\u00a0de Integraci\u00f3n y Explotaci\u00f3n de las Tecnolog\u00edas\u00a0Educativas, del Departamento de Educaci\u00f3n del Gobierno de Navarra. El sitio web recoge, presenta y ordena los materiales did\u00e1cticos del curso, y adem\u00e1s propone una serie de actividades, que los participantes realizar\u00e1n por su cuenta, una vez terminadas cada una de las sesiones. El escenario de estas pr\u00e1cticas ser\u00e1n los blogs personales creados a tal efecto es la plataforma <a href=\"http:\/\/blogsfad.educacion.navarra.es\/\" target=\"_blank\" rel=\"noopener\">Blogs para la formaci\u00f3n a distancia<\/a>.<\/p>\n<p>El curso est\u00e1 destinado a profesores y profesoras de\u00a0<span style=\"font-weight: 400;\">centros p\u00fablicos, que administren una instalaci\u00f3n multisitio de WordPress y que cuenten con cierta experiencia\u00a0<\/span>en el manejo de este gestor de contenidos.\u00a0Dado que se trata de un curso avanzado, el planteamiento y desarrollo de esta actividad formativa dar\u00e1n por supuesto que los participantes dominan los procedimientos b\u00e1sicos de creaci\u00f3n y gesti\u00f3n de contenido con WordPress, la configuraci\u00f3n b\u00e1sica de la aplicaci\u00f3n y sus t\u00e9cnicas m\u00e1s habituales.<\/p>\n<p>El contenido del curso se distribuye en seis sesiones, a saber:<\/p>\n<ul>\n<li style=\"font-weight: 400;\"><span style=\"font-weight: 400;\"><strong>Primera sesi\u00f3n (19 de febrero)<\/strong>. Uso avanzado de WordPress: diez aspectos poco conocidos de la aplicaci\u00f3n.<\/span><\/li>\n<li style=\"font-weight: 400;\"><span style=\"font-weight: 400;\"><strong>Segunda sesi\u00f3n (26 de febrero)<\/strong>. Profundizaci\u00f3n en la configuraci\u00f3n del aspecto visual del sitio web, uso de los nuevos widgets de WordPress, uso de los men\u00fas y de los widgets de men\u00fa de navegaci\u00f3n, widgets y men\u00fas condicionales, mega men\u00fas.<\/span><\/li>\n<li style=\"font-weight: 400;\"><span style=\"font-weight: 400;\"><strong>Tercera sesi\u00f3n (5 de marzo)<\/strong>. Anatom\u00eda de los temas de WordPress. Configuraci\u00f3n avanzada de los temas de la familia Genesis.\u00a0Los cambios de temas y su problem\u00e1tica.<\/span><\/li>\n<li style=\"font-weight: 400;\"><span style=\"font-weight: 400;\"><strong>Cuarta sesi\u00f3n (12 de marzo)<\/strong>. Activaci\u00f3n de funciones mediante scripts y plugins de activaci\u00f3n autom\u00e1tica; creaci\u00f3n de contenido mediante taxonom\u00edas y tipos de contenido personalizados.<\/span><\/li>\n<li style=\"font-weight: 400;\"><span style=\"font-weight: 400;\"><strong>Quinta sesi\u00f3n (19 de marzo)<\/strong>. Edici\u00f3n en WordPress desde fuera de la aplicaci\u00f3n. El uso de apps y clientes de escritorio para WordPress.<\/span><\/li>\n<li style=\"font-weight: 400;\"><span style=\"font-weight: 400;\"><strong>Sexta sesi\u00f3n (26 de marzo)<\/strong>. El futuro de la edici\u00f3n mediante WordPress. Los constructores de p\u00e1ginas y editores visuales. Panor\u00e1mica de Gutenberg, el futuro editor de WordPress.<\/span><\/li>\n<\/ul>\n","protected":false},"excerpt":{"rendered":"<p>Contenido y prop\u00f3sito del sitio web, correspondiente al Curso avanzado sobre WordPress que el profesor Eduardo Larequi impartir\u00e1 en el CAP de Pamplona a partir del 19 de febrero de 2018.<\/p>\n","protected":false},"author":1,"featured_media":99,"parent":0,"menu_order":0,"comment_status":"closed","ping_status":"closed","template":"","meta":{"_genesis_hide_title":false,"_genesis_hide_breadcrumbs":false,"_genesis_hide_singular_image":false,"_genesis_hide_footer_widgets":false,"_genesis_custom_body_class":"","_genesis_custom_post_class":"","_genesis_layout":"content-sidebar"},"yoast_head":"<!-- This site is optimized with the Yoast SEO plugin v19.13 - https:\/\/yoast.com\/wordpress\/plugins\/seo\/ -->\n<title>Sobre este sitio - Curso de WordPress 2018<\/title>\n<meta name=\"description\" content=\"Sobre este sitio. Contenido y prop\u00f3sito del sitio web, correspondiente al Curso avanzado sobre WordPress que el profesor Eduardo Larequi impartir\u00e1 en el CAP de Pamplona a partir del 19 de febrero de 2018.\" \/>\n<meta name=\"robots\" content=\"index, follow, max-snippet:-1, max-image-preview:large, max-video-preview:-1\" \/>\n<link rel=\"canonical\" href=\"https:\/\/cursoswp.educacion.navarra.es\/cursowp2018\/sobre-este-sitio\/\" \/>\n<meta property=\"og:locale\" content=\"es_ES\" \/>\n<meta property=\"og:type\" content=\"article\" \/>\n<meta property=\"og:title\" content=\"Sobre este sitio - Curso de WordPress 2018\" \/>\n<meta property=\"og:description\" content=\"Sobre este sitio. Contenido y prop\u00f3sito del sitio web, correspondiente al Curso avanzado sobre WordPress que el profesor Eduardo Larequi impartir\u00e1 en el CAP de Pamplona a partir del 19 de febrero de 2018.\" \/>\n<meta property=\"og:url\" content=\"https:\/\/cursoswp.educacion.navarra.es\/cursowp2018\/sobre-este-sitio\/\" \/>\n<meta property=\"og:site_name\" content=\"Curso de WordPress 2018\" \/>\n<meta property=\"article:modified_time\" content=\"2018-03-08T11:56:03+00:00\" \/>\n<meta property=\"og:image\" content=\"https:\/\/cursoswp.educacion.navarra.es\/cursowp2018\/wp-content\/uploads\/2018\/01\/hombre-y-mujer-con-portatiles.jpg\" \/>\n\t<meta property=\"og:image:width\" content=\"1600\" \/>\n\t<meta property=\"og:image:height\" content=\"1068\" \/>\n\t<meta property=\"og:image:type\" content=\"image\/jpeg\" \/>\n<meta name=\"twitter:card\" content=\"summary_large_image\" \/>\n<meta name=\"twitter:label1\" content=\"Tiempo de lectura\" \/>\n\t<meta name=\"twitter:data1\" content=\"2 minutos\" \/>\n<script type=\"application\/ld+json\" class=\"yoast-schema-graph\">{\"@context\":\"https:\/\/schema.org\",\"@graph\":[{\"@type\":\"WebPage\",\"@id\":\"https:\/\/cursoswp.educacion.navarra.es\/cursowp2018\/sobre-este-sitio\/\",\"url\":\"https:\/\/cursoswp.educacion.navarra.es\/cursowp2018\/sobre-este-sitio\/\",\"name\":\"Sobre este sitio - Curso de WordPress 2018\",\"isPartOf\":{\"@id\":\"https:\/\/cursoswp.educacion.navarra.es\/cursowp2018\/#website\"},\"datePublished\":\"2018-01-23T13:31:44+00:00\",\"dateModified\":\"2018-03-08T11:56:03+00:00\",\"description\":\"Sobre este sitio. Contenido y prop\u00f3sito del sitio web, correspondiente al Curso avanzado sobre WordPress que el profesor Eduardo Larequi impartir\u00e1 en el CAP de Pamplona a partir del 19 de febrero de 2018.\",\"breadcrumb\":{\"@id\":\"https:\/\/cursoswp.educacion.navarra.es\/cursowp2018\/sobre-este-sitio\/#breadcrumb\"},\"inLanguage\":\"es\",\"potentialAction\":[{\"@type\":\"ReadAction\",\"target\":[\"https:\/\/cursoswp.educacion.navarra.es\/cursowp2018\/sobre-este-sitio\/\"]}]},{\"@type\":\"BreadcrumbList\",\"@id\":\"https:\/\/cursoswp.educacion.navarra.es\/cursowp2018\/sobre-este-sitio\/#breadcrumb\",\"itemListElement\":[{\"@type\":\"ListItem\",\"position\":1,\"name\":\"Home\",\"item\":\"https:\/\/cursoswp.educacion.navarra.es\/cursowp2018\/\"},{\"@type\":\"ListItem\",\"position\":2,\"name\":\"Sobre este sitio\"}]},{\"@type\":\"WebSite\",\"@id\":\"https:\/\/cursoswp.educacion.navarra.es\/cursowp2018\/#website\",\"url\":\"https:\/\/cursoswp.educacion.navarra.es\/cursowp2018\/\",\"name\":\"Curso de WordPress 2018\",\"description\":\"Curso avanzado sobre WordPress en el CAP de Pamplona\",\"potentialAction\":[{\"@type\":\"SearchAction\",\"target\":{\"@type\":\"EntryPoint\",\"urlTemplate\":\"https:\/\/cursoswp.educacion.navarra.es\/cursowp2018\/?s={search_term_string}\"},\"query-input\":\"required name=search_term_string\"}],\"inLanguage\":\"es\"}]}<\/script>\n<!-- \/ Yoast SEO plugin. -->","yoast_head_json":{"title":"Sobre este sitio - Curso de WordPress 2018","description":"Sobre este sitio. Contenido y prop\u00f3sito del sitio web, correspondiente al Curso avanzado sobre WordPress que el profesor Eduardo Larequi impartir\u00e1 en el CAP de Pamplona a partir del 19 de febrero de 2018.","robots":{"index":"index","follow":"follow","max-snippet":"max-snippet:-1","max-image-preview":"max-image-preview:large","max-video-preview":"max-video-preview:-1"},"canonical":"https:\/\/cursoswp.educacion.navarra.es\/cursowp2018\/sobre-este-sitio\/","og_locale":"es_ES","og_type":"article","og_title":"Sobre este sitio - Curso de WordPress 2018","og_description":"Sobre este sitio. Contenido y prop\u00f3sito del sitio web, correspondiente al Curso avanzado sobre WordPress que el profesor Eduardo Larequi impartir\u00e1 en el CAP de Pamplona a partir del 19 de febrero de 2018.","og_url":"https:\/\/cursoswp.educacion.navarra.es\/cursowp2018\/sobre-este-sitio\/","og_site_name":"Curso de WordPress 2018","article_modified_time":"2018-03-08T11:56:03+00:00","og_image":[{"width":1600,"height":1068,"url":"https:\/\/cursoswp.educacion.navarra.es\/cursowp2018\/wp-content\/uploads\/2018\/01\/hombre-y-mujer-con-portatiles.jpg","type":"image\/jpeg"}],"twitter_card":"summary_large_image","twitter_misc":{"Tiempo de lectura":"2 minutos"},"schema":{"@context":"https:\/\/schema.org","@graph":[{"@type":"WebPage","@id":"https:\/\/cursoswp.educacion.navarra.es\/cursowp2018\/sobre-este-sitio\/","url":"https:\/\/cursoswp.educacion.navarra.es\/cursowp2018\/sobre-este-sitio\/","name":"Sobre este sitio - Curso de WordPress 2018","isPartOf":{"@id":"https:\/\/cursoswp.educacion.navarra.es\/cursowp2018\/#website"},"datePublished":"2018-01-23T13:31:44+00:00","dateModified":"2018-03-08T11:56:03+00:00","description":"Sobre este sitio. Contenido y prop\u00f3sito del sitio web, correspondiente al Curso avanzado sobre WordPress que el profesor Eduardo Larequi impartir\u00e1 en el CAP de Pamplona a partir del 19 de febrero de 2018.","breadcrumb":{"@id":"https:\/\/cursoswp.educacion.navarra.es\/cursowp2018\/sobre-este-sitio\/#breadcrumb"},"inLanguage":"es","potentialAction":[{"@type":"ReadAction","target":["https:\/\/cursoswp.educacion.navarra.es\/cursowp2018\/sobre-este-sitio\/"]}]},{"@type":"BreadcrumbList","@id":"https:\/\/cursoswp.educacion.navarra.es\/cursowp2018\/sobre-este-sitio\/#breadcrumb","itemListElement":[{"@type":"ListItem","position":1,"name":"Home","item":"https:\/\/cursoswp.educacion.navarra.es\/cursowp2018\/"},{"@type":"ListItem","position":2,"name":"Sobre este sitio"}]},{"@type":"WebSite","@id":"https:\/\/cursoswp.educacion.navarra.es\/cursowp2018\/#website","url":"https:\/\/cursoswp.educacion.navarra.es\/cursowp2018\/","name":"Curso de WordPress 2018","description":"Curso avanzado sobre WordPress en el CAP de Pamplona","potentialAction":[{"@type":"SearchAction","target":{"@type":"EntryPoint","urlTemplate":"https:\/\/cursoswp.educacion.navarra.es\/cursowp2018\/?s={search_term_string}"},"query-input":"required name=search_term_string"}],"inLanguage":"es"}]}},"_links":{"self":[{"href":"https:\/\/cursoswp.educacion.navarra.es\/cursowp2018\/wp-json\/wp\/v2\/pages\/28"}],"collection":[{"href":"https:\/\/cursoswp.educacion.navarra.es\/cursowp2018\/wp-json\/wp\/v2\/pages"}],"about":[{"href":"https:\/\/cursoswp.educacion.navarra.es\/cursowp2018\/wp-json\/wp\/v2\/types\/page"}],"author":[{"embeddable":true,"href":"https:\/\/cursoswp.educacion.navarra.es\/cursowp2018\/wp-json\/wp\/v2\/users\/1"}],"replies":[{"embeddable":true,"href":"https:\/\/cursoswp.educacion.navarra.es\/cursowp2018\/wp-json\/wp\/v2\/comments?post=28"}],"version-history":[{"count":0,"href":"https:\/\/cursoswp.educacion.navarra.es\/cursowp2018\/wp-json\/wp\/v2\/pages\/28\/revisions"}],"wp:featuredmedia":[{"embeddable":true,"href":"https:\/\/cursoswp.educacion.navarra.es\/cursowp2018\/wp-json\/wp\/v2\/media\/99"}],"wp:attachment":[{"href":"https:\/\/cursoswp.educacion.navarra.es\/cursowp2018\/wp-json\/wp\/v2\/media?parent=28"}],"curies":[{"name":"wp","href":"https:\/\/api.w.org\/{rel}","templated":true}]}}