{"id":2,"date":"2018-01-23T10:22:01","date_gmt":"2018-01-23T09:22:01","guid":{"rendered":"https:\/\/cursoswp.educacion.navarra.es\/cursowp2018\/?page_id=2"},"modified":"2019-02-20T07:50:43","modified_gmt":"2019-02-20T06:50:43","slug":"formulario-de-contacto","status":"publish","type":"page","link":"https:\/\/cursoswp.educacion.navarra.es\/cursowp2018\/formulario-de-contacto\/","title":{"rendered":"Formulario de contacto"},"content":{"rendered":"<p>Este formulario de contacto tiene dos prop\u00f3sitos diferentes y complementarios. En primer lugar, ha sido dise\u00f1ado para que los alumnos y alumnas del curso puedan enviar al profesor la respuesta a las <a href=\"https:\/\/cursoswp.educacion.navarra.es\/cursowp2018\/categoria\/actividades\/\">actividades<\/a> propuestas tras cada una de sus sesiones. En segundo lugar, el formulario se puede utilizar para ponerse en contacto con el autor del sitio web y plantear problemas, dudas, sugerencias, etc.<\/p>\n<p>Antes de enviar el formulario, hay que cerciorarse de que todos los campos han sido cumplimentados correctamente.<\/p>\n<div role=\"form\" class=\"wpcf7\" id=\"wpcf7-f4-o1\" lang=\"es-ES\" dir=\"ltr\">\n<div class=\"screen-reader-response\"><p role=\"status\" aria-live=\"polite\" aria-atomic=\"true\"><\/p> <ul><\/ul><\/div>\n<form action=\"\/cursowp2018\/wp-json\/wp\/v2\/pages\/2#wpcf7-f4-o1\" method=\"post\" class=\"wpcf7-form init\" novalidate=\"novalidate\" data-status=\"init\">\n<div style=\"display: none;\">\n<input type=\"hidden\" name=\"_wpcf7\" value=\"4\" \/>\n<input type=\"hidden\" name=\"_wpcf7_version\" value=\"5.6.4\" \/>\n<input type=\"hidden\" name=\"_wpcf7_locale\" value=\"es_ES\" \/>\n<input type=\"hidden\" name=\"_wpcf7_unit_tag\" value=\"wpcf7-f4-o1\" \/>\n<input type=\"hidden\" name=\"_wpcf7_container_post\" value=\"0\" \/>\n<input type=\"hidden\" name=\"_wpcf7_posted_data_hash\" value=\"\" \/>\n<\/div>\n<p><label> Nombre y apellidos<br \/>\n    <span class=\"wpcf7-form-control-wrap\" data-name=\"your-name\"><input type=\"text\" name=\"your-name\" value=\"\" size=\"40\" class=\"wpcf7-form-control wpcf7-text wpcf7-validates-as-required\" aria-required=\"true\" aria-invalid=\"false\" \/><\/span> <\/label><\/p>\n<p><label> Email<br \/>\n    <span class=\"wpcf7-form-control-wrap\" data-name=\"your-email\"><input type=\"email\" name=\"your-email\" value=\"\" size=\"40\" class=\"wpcf7-form-control wpcf7-text wpcf7-email wpcf7-validates-as-required wpcf7-validates-as-email\" aria-required=\"true\" aria-invalid=\"false\" \/><\/span> <\/label><\/p>\n<p><label> Asunto<br \/>\n    <span class=\"wpcf7-form-control-wrap\" data-name=\"your-subject\"><input type=\"text\" name=\"your-subject\" value=\"\" size=\"40\" class=\"wpcf7-form-control wpcf7-text wpcf7-validates-as-required\" aria-required=\"true\" aria-invalid=\"false\" \/><\/span> <\/label><\/p>\n<p><label> Mensaje<br \/>\n    <span class=\"wpcf7-form-control-wrap\" data-name=\"your-message\"><textarea name=\"your-message\" cols=\"40\" rows=\"10\" class=\"wpcf7-form-control wpcf7-textarea wpcf7-validates-as-required\" aria-required=\"true\" aria-invalid=\"false\"><\/textarea><\/span> <\/label><\/p>\n<p><label> Mensaje<br \/>\n    <span class=\"wpcf7-form-control-wrap\" data-name=\"quiz-275\"><label><span class=\"wpcf7-quiz-label\">\u00bfCu\u00e1nto suman 12+48?<\/span> <input type=\"text\" name=\"quiz-275\" size=\"40\" class=\"wpcf7-form-control wpcf7-quiz\" autocomplete=\"off\" aria-required=\"true\" aria-invalid=\"false\" \/><\/label><input type=\"hidden\" name=\"_wpcf7_quiz_answer_quiz-275\" value=\"d4af714fd310507160ff4d7f94f81c30\" \/><\/span> <\/label><\/p>\n<p><input type=\"submit\" value=\"Enviar\" class=\"wpcf7-form-control has-spinner wpcf7-submit\" \/><\/p>\n<p style=\"display: none !important;\" class=\"akismet-fields-container\" data-prefix=\"_wpcf7_ak_\"><label>&#916;<textarea name=\"_wpcf7_ak_hp_textarea\" cols=\"45\" rows=\"8\" maxlength=\"100\"><\/textarea><\/label><input type=\"hidden\" id=\"ak_js_1\" name=\"_wpcf7_ak_js\" value=\"236\"\/><script>document.getElementById( \"ak_js_1\" ).setAttribute( \"value\", ( new Date() ).getTime() );<\/script><\/p><div class=\"wpcf7-response-output\" aria-hidden=\"true\"><\/div><\/form><\/div>\n<p style=\"text-align: center;\">**********************<\/p>\n<p>Los interesados en contactar con la sede de esta actividad formativa, pueden dirigirse a la direcci\u00f3n, tel\u00e9fono y mapa de ubicaci\u00f3n que figuran a continuaci\u00f3n:<\/p>\n<p>Calle Tajonar, 14, 31006 Pamplona, Navarra, tel\u00e9fono: 848-430390.<\/p>\n<p><iframe loading=\"lazy\" style=\"border: 0;\" src=\"https:\/\/www.google.com\/maps\/embed?pb=!1m18!1m12!1m3!1d2385.7905247016415!2d-1.636709071251742!3d42.805159050634956!2m3!1f0!2f0!3f0!3m2!1i1024!2i768!4f13.1!3m3!1m2!1s0x0%3A0x400a5c7f4640417a!2sCAP+de+Pamplona!5e1!3m2!1ses!2ses!4v1518182232656\" width=\"920\" height=\"600\" frameborder=\"0\" allowfullscreen=\"allowfullscreen\"><\/iframe><\/p>\n<p>Por su parte, quienes tengan inter\u00e9s en ponerse en contacto con el ponente del curso y autor de este sitio web, Eduardo Larequi Garc\u00eda, pueden hacerlo en la sede del Departamento de Educaci\u00f3n del Gobierno de Navarra, calle Santo Domingo, s\/n, 31001 Pamplona, Navarra, tel\u00e9fono\u00a0848-423255.<\/p>\n<p><iframe loading=\"lazy\" style=\"border: 0;\" src=\"https:\/\/www.google.com\/maps\/embed?pb=!1m18!1m12!1m3!1d996.5349635757694!2d-1.6459649272941468!3d42.8191155001329!2m3!1f0!2f0!3f0!3m2!1i1024!2i768!4f13.1!3m3!1m2!1s0xd5092fa38cd3203%3A0xd643432c399eb695!2sDepartamento+De+Educaci%C3%B3n+Del+Gobierno+De+Navarra!5e1!3m2!1ses!2ses!4v1518182712438\" width=\"920\" height=\"600\" frameborder=\"0\" allowfullscreen=\"allowfullscreen\"><\/iframe><\/p>\n","protected":false},"excerpt":{"rendered":"<p>Formulario de contacto del <em>Curso de WordPress 2018<\/em>.<\/p>\n","protected":false},"author":1,"featured_media":65,"parent":0,"menu_order":0,"comment_status":"closed","ping_status":"closed","template":"templates\/page-service.php","meta":{"_genesis_hide_title":false,"_genesis_hide_breadcrumbs":false,"_genesis_hide_singular_image":false,"_genesis_hide_footer_widgets":false,"_genesis_custom_body_class":"","_genesis_custom_post_class":"","_genesis_layout":"content-sidebar"},"yoast_head":"<!-- This site is optimized with the Yoast SEO plugin v19.13 - https:\/\/yoast.com\/wordpress\/plugins\/seo\/ -->\n<title>Formulario de contacto - Curso de WordPress 2018<\/title>\n<meta name=\"description\" content=\"Formulario de contacto. P\u00e1gina de contacto del Curso de WordPress 2018, para enviar las respuestas a las actividades del curso y plantear dudas, problemas, sugerencias, etc.\" \/>\n<meta name=\"robots\" content=\"index, follow, max-snippet:-1, max-image-preview:large, max-video-preview:-1\" \/>\n<link rel=\"canonical\" href=\"https:\/\/cursoswp.educacion.navarra.es\/cursowp2018\/formulario-de-contacto\/\" \/>\n<meta property=\"og:locale\" content=\"es_ES\" \/>\n<meta property=\"og:type\" content=\"article\" \/>\n<meta property=\"og:title\" content=\"Formulario de contacto - Curso de WordPress 2018\" \/>\n<meta property=\"og:description\" content=\"Formulario de contacto. P\u00e1gina de contacto del Curso de WordPress 2018, para enviar las respuestas a las actividades del curso y plantear dudas, problemas, sugerencias, etc.\" \/>\n<meta property=\"og:url\" content=\"https:\/\/cursoswp.educacion.navarra.es\/cursowp2018\/formulario-de-contacto\/\" \/>\n<meta property=\"og:site_name\" content=\"Curso de WordPress 2018\" \/>\n<meta property=\"article:modified_time\" content=\"2019-02-20T06:50:43+00:00\" \/>\n<meta property=\"og:image\" content=\"https:\/\/cursoswp.educacion.navarra.es\/cursowp2018\/wp-content\/uploads\/2018\/01\/buzon-de-correos.jpg\" \/>\n\t<meta property=\"og:image:width\" content=\"1600\" \/>\n\t<meta property=\"og:image:height\" content=\"1143\" \/>\n\t<meta property=\"og:image:type\" content=\"image\/jpeg\" \/>\n<meta name=\"twitter:card\" content=\"summary_large_image\" \/>\n<meta name=\"twitter:label1\" content=\"Tiempo de lectura\" \/>\n\t<meta name=\"twitter:data1\" content=\"1 minuto\" \/>\n<script type=\"application\/ld+json\" class=\"yoast-schema-graph\">{\"@context\":\"https:\/\/schema.org\",\"@graph\":[{\"@type\":\"WebPage\",\"@id\":\"https:\/\/cursoswp.educacion.navarra.es\/cursowp2018\/formulario-de-contacto\/\",\"url\":\"https:\/\/cursoswp.educacion.navarra.es\/cursowp2018\/formulario-de-contacto\/\",\"name\":\"Formulario de contacto - Curso de WordPress 2018\",\"isPartOf\":{\"@id\":\"https:\/\/cursoswp.educacion.navarra.es\/cursowp2018\/#website\"},\"datePublished\":\"2018-01-23T09:22:01+00:00\",\"dateModified\":\"2019-02-20T06:50:43+00:00\",\"description\":\"Formulario de contacto. P\u00e1gina de contacto del Curso de WordPress 2018, para enviar las respuestas a las actividades del curso y plantear dudas, problemas, sugerencias, etc.\",\"breadcrumb\":{\"@id\":\"https:\/\/cursoswp.educacion.navarra.es\/cursowp2018\/formulario-de-contacto\/#breadcrumb\"},\"inLanguage\":\"es\",\"potentialAction\":[{\"@type\":\"ReadAction\",\"target\":[\"https:\/\/cursoswp.educacion.navarra.es\/cursowp2018\/formulario-de-contacto\/\"]}]},{\"@type\":\"BreadcrumbList\",\"@id\":\"https:\/\/cursoswp.educacion.navarra.es\/cursowp2018\/formulario-de-contacto\/#breadcrumb\",\"itemListElement\":[{\"@type\":\"ListItem\",\"position\":1,\"name\":\"Home\",\"item\":\"https:\/\/cursoswp.educacion.navarra.es\/cursowp2018\/\"},{\"@type\":\"ListItem\",\"position\":2,\"name\":\"Formulario de contacto\"}]},{\"@type\":\"WebSite\",\"@id\":\"https:\/\/cursoswp.educacion.navarra.es\/cursowp2018\/#website\",\"url\":\"https:\/\/cursoswp.educacion.navarra.es\/cursowp2018\/\",\"name\":\"Curso de WordPress 2018\",\"description\":\"Curso avanzado sobre WordPress en el CAP de Pamplona\",\"potentialAction\":[{\"@type\":\"SearchAction\",\"target\":{\"@type\":\"EntryPoint\",\"urlTemplate\":\"https:\/\/cursoswp.educacion.navarra.es\/cursowp2018\/?s={search_term_string}\"},\"query-input\":\"required name=search_term_string\"}],\"inLanguage\":\"es\"}]}<\/script>\n<!-- \/ Yoast SEO plugin. -->","yoast_head_json":{"title":"Formulario de contacto - Curso de WordPress 2018","description":"Formulario de contacto. P\u00e1gina de contacto del Curso de WordPress 2018, para enviar las respuestas a las actividades del curso y plantear dudas, problemas, sugerencias, etc.","robots":{"index":"index","follow":"follow","max-snippet":"max-snippet:-1","max-image-preview":"max-image-preview:large","max-video-preview":"max-video-preview:-1"},"canonical":"https:\/\/cursoswp.educacion.navarra.es\/cursowp2018\/formulario-de-contacto\/","og_locale":"es_ES","og_type":"article","og_title":"Formulario de contacto - Curso de WordPress 2018","og_description":"Formulario de contacto. P\u00e1gina de contacto del Curso de WordPress 2018, para enviar las respuestas a las actividades del curso y plantear dudas, problemas, sugerencias, etc.","og_url":"https:\/\/cursoswp.educacion.navarra.es\/cursowp2018\/formulario-de-contacto\/","og_site_name":"Curso de WordPress 2018","article_modified_time":"2019-02-20T06:50:43+00:00","og_image":[{"width":1600,"height":1143,"url":"https:\/\/cursoswp.educacion.navarra.es\/cursowp2018\/wp-content\/uploads\/2018\/01\/buzon-de-correos.jpg","type":"image\/jpeg"}],"twitter_card":"summary_large_image","twitter_misc":{"Tiempo de lectura":"1 minuto"},"schema":{"@context":"https:\/\/schema.org","@graph":[{"@type":"WebPage","@id":"https:\/\/cursoswp.educacion.navarra.es\/cursowp2018\/formulario-de-contacto\/","url":"https:\/\/cursoswp.educacion.navarra.es\/cursowp2018\/formulario-de-contacto\/","name":"Formulario de contacto - Curso de WordPress 2018","isPartOf":{"@id":"https:\/\/cursoswp.educacion.navarra.es\/cursowp2018\/#website"},"datePublished":"2018-01-23T09:22:01+00:00","dateModified":"2019-02-20T06:50:43+00:00","description":"Formulario de contacto. P\u00e1gina de contacto del Curso de WordPress 2018, para enviar las respuestas a las actividades del curso y plantear dudas, problemas, sugerencias, etc.","breadcrumb":{"@id":"https:\/\/cursoswp.educacion.navarra.es\/cursowp2018\/formulario-de-contacto\/#breadcrumb"},"inLanguage":"es","potentialAction":[{"@type":"ReadAction","target":["https:\/\/cursoswp.educacion.navarra.es\/cursowp2018\/formulario-de-contacto\/"]}]},{"@type":"BreadcrumbList","@id":"https:\/\/cursoswp.educacion.navarra.es\/cursowp2018\/formulario-de-contacto\/#breadcrumb","itemListElement":[{"@type":"ListItem","position":1,"name":"Home","item":"https:\/\/cursoswp.educacion.navarra.es\/cursowp2018\/"},{"@type":"ListItem","position":2,"name":"Formulario de contacto"}]},{"@type":"WebSite","@id":"https:\/\/cursoswp.educacion.navarra.es\/cursowp2018\/#website","url":"https:\/\/cursoswp.educacion.navarra.es\/cursowp2018\/","name":"Curso de WordPress 2018","description":"Curso avanzado sobre WordPress en el CAP de Pamplona","potentialAction":[{"@type":"SearchAction","target":{"@type":"EntryPoint","urlTemplate":"https:\/\/cursoswp.educacion.navarra.es\/cursowp2018\/?s={search_term_string}"},"query-input":"required name=search_term_string"}],"inLanguage":"es"}]}},"_links":{"self":[{"href":"https:\/\/cursoswp.educacion.navarra.es\/cursowp2018\/wp-json\/wp\/v2\/pages\/2"}],"collection":[{"href":"https:\/\/cursoswp.educacion.navarra.es\/cursowp2018\/wp-json\/wp\/v2\/pages"}],"about":[{"href":"https:\/\/cursoswp.educacion.navarra.es\/cursowp2018\/wp-json\/wp\/v2\/types\/page"}],"author":[{"embeddable":true,"href":"https:\/\/cursoswp.educacion.navarra.es\/cursowp2018\/wp-json\/wp\/v2\/users\/1"}],"replies":[{"embeddable":true,"href":"https:\/\/cursoswp.educacion.navarra.es\/cursowp2018\/wp-json\/wp\/v2\/comments?post=2"}],"version-history":[{"count":0,"href":"https:\/\/cursoswp.educacion.navarra.es\/cursowp2018\/wp-json\/wp\/v2\/pages\/2\/revisions"}],"wp:featuredmedia":[{"embeddable":true,"href":"https:\/\/cursoswp.educacion.navarra.es\/cursowp2018\/wp-json\/wp\/v2\/media\/65"}],"wp:attachment":[{"href":"https:\/\/cursoswp.educacion.navarra.es\/cursowp2018\/wp-json\/wp\/v2\/media?parent=2"}],"curies":[{"name":"wp","href":"https:\/\/api.w.org\/{rel}","templated":true}]}}