{"id":44,"date":"2017-01-23T22:19:54","date_gmt":"2017-01-23T21:19:54","guid":{"rendered":"http:\/\/cursoswp.educacion.navarra.es\/cursowp2017\/?page_id=44"},"modified":"2017-02-06T16:17:13","modified_gmt":"2017-02-06T15:17:13","slug":"presentacion","status":"publish","type":"page","link":"https:\/\/cursoswp.educacion.navarra.es\/cursowp2017\/presentacion\/","title":{"rendered":"Sobre este curso"},"content":{"rendered":"<p>El Curso de WordPress 2017 tiene como objetivo profundizar en el uso de\u00a0<a title=\"WordPress\" href=\"http:\/\/wordpress.org\/\" target=\"_blank\">WordPress<\/a> como herramienta para elaborar y publicar sitios web de centros educativos, y est\u00e1 destinado a aquellos profesores y profesoras que re\u00fanen los siguientes requisitos:<\/p>\n<ul>\n<li>Prestan servicio en alg\u00fan centro educativo p\u00fablico dependiente del <a title=\"Departamento de Educaci\u00f3n, Gobierno de Navarra\" href=\"http:\/\/www.educacion.navarra.es\/\" target=\"_blank\">Departamento de Educaci\u00f3n del Gobierno Foral de Navarra<\/a>.<\/li>\n<li>Disponen en su centro de un sitio web alojado en los servidores del <a title=\"Programa de Nuevas Tecnolog\u00edas y Educaci\u00f3n (PNTE)\" href=\"http:\/\/www.educacion.navarra.es\/web\/pnte\" target=\"_blank\">Programa de Nuevas Tecnolog\u00edas y Educaci\u00f3n<\/a>.<\/li>\n<li>Son administradores de instalaciones multisitio de\u00a0WordPress.<\/li>\n<li>Disponen de <a title=\"PNTE Apps\" href=\"http:\/\/www.educacion.navarra.es\/web\/pnte\/pnte-apps\" target=\"_blank\">una cuenta de Google Apps del\u00a0dominio educacion.navarra.es<\/a>.<\/li>\n<\/ul>\n<h2>Contenido y programa<\/h2>\n<p>El curso se impartir\u00e1 durante seis\u00a0sesiones, que tendr\u00e1n lugar en el <a title=\"Informaci\u00f3n general CAP Pamplona\" href=\"http:\/\/formacionprofesorado.educacion.navarra.es\/web\/2014\/11\/14\/informacion-general-3\/\" target=\"_blank\">CAP de Pamplona<\/a>, los d\u00edas 6, 13 y 20 de febrero, y 6, 13 y 20 de marzo de 2017, de 17,30 a 20,00 horas, con la siguiente distribuci\u00f3n de contenidos:<\/p>\n<ul>\n<li>Primera sesi\u00f3n (6 de febrero): integraci\u00f3n en WordPress de contenido multimedia: im\u00e1genes, galer\u00edas de im\u00e1genes, audio, v\u00eddeo.<\/li>\n<li>Segunda sesi\u00f3n (13 de febrero): integraci\u00f3n en WordPress de contenido de terceros: documentos, formularios, presentaciones, etc.<\/li>\n<li>Tercera sesi\u00f3n (20 de febrero): integraci\u00f3n de WordPress con redes sociales, mediante los correspondientes m\u00f3dulos del megaplugin <a title=\"Jetpack\" href=\"https:\/\/jetpack.com\/\" target=\"_blank\">Jetpack<\/a>.<\/li>\n<li>Cuarta sesi\u00f3n (6 de marzo): creaci\u00f3n de sitios web privados o de contenido restringido.<\/li>\n<li>Quinta sesi\u00f3n (13 de marzo): gesti\u00f3n del <a title=\"Posicionamiento en buscadores - Wikpedia\" href=\"https:\/\/es.wikipedia.org\/wiki\/Posicionamiento_en_buscadores\" target=\"_blank\">SEO<\/a> e integraci\u00f3n de WordPress con servicios de an\u00e1lisis de visitas (<a title=\"Google Analytics\" href=\"https:\/\/www.google.es\/intl\/es\/analytics\/\" target=\"_blank\">Google Analytics<\/a>).<\/li>\n<li>Sexta sesi\u00f3n (20 de marzo): intercambio de experiencias entre los asistentes al curso y otros responsables de sitios web elaborados con WordPress.<\/li>\n<\/ul>\n<h2>Sobre este sitio<\/h2>\n<p style=\"text-align: left;\">Este sitio no solo presenta los contenidos del curso\u00a0sobre WordPress\u00a0celebrado en el CAP de Pamplona desde el 6 de febrero al 20 de marzo de 2017, sino que adem\u00e1s constituye el escenario de las actividades que llevar\u00e1n a cabo los asistentes.<\/p>\n<p style=\"text-align: left;\">El sitio ha sido elaborado por <a title=\"La Bit\u00e1cora del Tigre\" href=\"http:\/\/www.labitacoradeltigre.com\/\" target=\"_blank\">Eduardo Larequi Garc\u00eda<\/a>, asesor docente de la <a title=\"PNTE\" href=\"http:\/\/www.educacion.navarra.es\/web\/pnte\/\" target=\"_blank\">Secci\u00f3n de Tecnolog\u00edas Educativas<\/a> del <a title=\"Departamento de Educaci\u00f3n del Gobierno de Navarra\" href=\"http:\/\/www.educacion.navarra.es\/\" target=\"_blank\">Departamento de Educaci\u00f3n del Gobierno de Navarra<\/a>, con WordPress en configuraci\u00f3n multisitio y el tema <a title=\"Education Pro Theme by StudioPress\" href=\"http:\/\/my.studiopress.com\/themes\/education\/\" target=\"_blank\">Education Pro<\/a>, tema-hijo del <a title=\"StudioPress\" href=\"http:\/\/www.studiopress.com\/\" target=\"_blank\">framework Genesis<\/a>.<\/p>\n<p style=\"text-align: left;\">Tanto por su planteamiento como por su estructura, este sitio web debe considerarse como sucesor del <a title=\"Curso de WordPress 2012\" href=\"http:\/\/cursoswp.educacion.navarra.es\/cursowp2012\/\" target=\"_blank\">Curso de WordPress 2012<\/a>\u00a0y del <a href=\"http:\/\/cursoswp.educacion.navarra.es\/cursowp2016\/\" target=\"_blank\">Curso de WordPress 2016<\/a>.<\/p>\n","protected":false},"excerpt":{"rendered":"<p>El Curso de WordPress 2017 tiene como objetivo profundizar en el uso de\u00a0WordPress como herramienta para elaborar y publicar sitios web de centros educativos, y est\u00e1 destinado a aquellos profesores y profesoras que re\u00fanen los siguientes requisitos: Prestan servicio en alg\u00fan centro educativo p\u00fablico dependiente del Departamento de Educaci\u00f3n del Gobierno Foral de Navarra. Disponen [&hellip;]<\/p>\n","protected":false},"author":1,"featured_media":124,"parent":0,"menu_order":2,"comment_status":"closed","ping_status":"closed","template":"","meta":{"_genesis_hide_title":false,"_genesis_hide_breadcrumbs":false,"_genesis_hide_singular_image":false,"_genesis_hide_footer_widgets":false,"_genesis_custom_body_class":"","_genesis_custom_post_class":"","_genesis_layout":"","jetpack_post_was_ever_published":false},"yoast_head":"<!-- This site is optimized with the Yoast SEO plugin v19.13 - https:\/\/yoast.com\/wordpress\/plugins\/seo\/ -->\n<title>Sobre este curso - Curso de WordPress 2017<\/title>\n<meta name=\"description\" content=\"Sobre este curso. Presentaci\u00f3n del Curso sobre WordPres 2017: objetivos, requisitos para los participantes, contenido, programa y autor\u00eda.\" \/>\n<meta name=\"robots\" content=\"index, follow, max-snippet:-1, max-image-preview:large, max-video-preview:-1\" \/>\n<link rel=\"canonical\" href=\"https:\/\/cursoswp.educacion.navarra.es\/cursowp2017\/presentacion\/\" \/>\n<meta property=\"og:locale\" content=\"es_ES\" \/>\n<meta property=\"og:type\" content=\"article\" \/>\n<meta property=\"og:title\" content=\"Sobre este curso - Curso de WordPress 2017\" \/>\n<meta property=\"og:description\" content=\"Sobre este curso. Presentaci\u00f3n del Curso sobre WordPres 2017: objetivos, requisitos para los participantes, contenido, programa y autor\u00eda.\" \/>\n<meta property=\"og:url\" content=\"https:\/\/cursoswp.educacion.navarra.es\/cursowp2017\/presentacion\/\" \/>\n<meta property=\"og:site_name\" content=\"Curso de WordPress 2017\" \/>\n<meta property=\"article:modified_time\" content=\"2017-02-06T15:17:13+00:00\" \/>\n<meta property=\"og:image\" content=\"https:\/\/cursoswp.educacion.navarra.es\/cursowp2017\/wp-content\/uploads\/2017\/01\/escribiendo-en-un-mac.jpg\" \/>\n\t<meta property=\"og:image:width\" content=\"1600\" \/>\n\t<meta property=\"og:image:height\" content=\"1067\" \/>\n\t<meta property=\"og:image:type\" content=\"image\/jpeg\" \/>\n<meta name=\"twitter:card\" content=\"summary_large_image\" \/>\n<meta name=\"twitter:label1\" content=\"Tiempo de lectura\" \/>\n\t<meta name=\"twitter:data1\" content=\"2 minutos\" \/>\n<script type=\"application\/ld+json\" class=\"yoast-schema-graph\">{\"@context\":\"https:\/\/schema.org\",\"@graph\":[{\"@type\":\"WebPage\",\"@id\":\"https:\/\/cursoswp.educacion.navarra.es\/cursowp2017\/presentacion\/\",\"url\":\"https:\/\/cursoswp.educacion.navarra.es\/cursowp2017\/presentacion\/\",\"name\":\"Sobre este curso - Curso de WordPress 2017\",\"isPartOf\":{\"@id\":\"https:\/\/cursoswp.educacion.navarra.es\/cursowp2017\/#website\"},\"datePublished\":\"2017-01-23T21:19:54+00:00\",\"dateModified\":\"2017-02-06T15:17:13+00:00\",\"description\":\"Sobre este curso. Presentaci\u00f3n del Curso sobre WordPres 2017: objetivos, requisitos para los participantes, contenido, programa y autor\u00eda.\",\"breadcrumb\":{\"@id\":\"https:\/\/cursoswp.educacion.navarra.es\/cursowp2017\/presentacion\/#breadcrumb\"},\"inLanguage\":\"es\",\"potentialAction\":[{\"@type\":\"ReadAction\",\"target\":[\"https:\/\/cursoswp.educacion.navarra.es\/cursowp2017\/presentacion\/\"]}]},{\"@type\":\"BreadcrumbList\",\"@id\":\"https:\/\/cursoswp.educacion.navarra.es\/cursowp2017\/presentacion\/#breadcrumb\",\"itemListElement\":[{\"@type\":\"ListItem\",\"position\":1,\"name\":\"Home\",\"item\":\"https:\/\/cursoswp.educacion.navarra.es\/cursowp2017\/\"},{\"@type\":\"ListItem\",\"position\":2,\"name\":\"Sobre este curso\"}]},{\"@type\":\"WebSite\",\"@id\":\"https:\/\/cursoswp.educacion.navarra.es\/cursowp2017\/#website\",\"url\":\"https:\/\/cursoswp.educacion.navarra.es\/cursowp2017\/\",\"name\":\"Curso de WordPress 2017\",\"description\":\"Curso de WordPress en el CAP de Pamplona\",\"potentialAction\":[{\"@type\":\"SearchAction\",\"target\":{\"@type\":\"EntryPoint\",\"urlTemplate\":\"https:\/\/cursoswp.educacion.navarra.es\/cursowp2017\/?s={search_term_string}\"},\"query-input\":\"required name=search_term_string\"}],\"inLanguage\":\"es\"}]}<\/script>\n<!-- \/ Yoast SEO plugin. -->","yoast_head_json":{"title":"Sobre este curso - Curso de WordPress 2017","description":"Sobre este curso. Presentaci\u00f3n del Curso sobre WordPres 2017: objetivos, requisitos para los participantes, contenido, programa y autor\u00eda.","robots":{"index":"index","follow":"follow","max-snippet":"max-snippet:-1","max-image-preview":"max-image-preview:large","max-video-preview":"max-video-preview:-1"},"canonical":"https:\/\/cursoswp.educacion.navarra.es\/cursowp2017\/presentacion\/","og_locale":"es_ES","og_type":"article","og_title":"Sobre este curso - Curso de WordPress 2017","og_description":"Sobre este curso. Presentaci\u00f3n del Curso sobre WordPres 2017: objetivos, requisitos para los participantes, contenido, programa y autor\u00eda.","og_url":"https:\/\/cursoswp.educacion.navarra.es\/cursowp2017\/presentacion\/","og_site_name":"Curso de WordPress 2017","article_modified_time":"2017-02-06T15:17:13+00:00","og_image":[{"width":1600,"height":1067,"url":"https:\/\/cursoswp.educacion.navarra.es\/cursowp2017\/wp-content\/uploads\/2017\/01\/escribiendo-en-un-mac.jpg","type":"image\/jpeg"}],"twitter_card":"summary_large_image","twitter_misc":{"Tiempo de lectura":"2 minutos"},"schema":{"@context":"https:\/\/schema.org","@graph":[{"@type":"WebPage","@id":"https:\/\/cursoswp.educacion.navarra.es\/cursowp2017\/presentacion\/","url":"https:\/\/cursoswp.educacion.navarra.es\/cursowp2017\/presentacion\/","name":"Sobre este curso - Curso de WordPress 2017","isPartOf":{"@id":"https:\/\/cursoswp.educacion.navarra.es\/cursowp2017\/#website"},"datePublished":"2017-01-23T21:19:54+00:00","dateModified":"2017-02-06T15:17:13+00:00","description":"Sobre este curso. Presentaci\u00f3n del Curso sobre WordPres 2017: objetivos, requisitos para los participantes, contenido, programa y autor\u00eda.","breadcrumb":{"@id":"https:\/\/cursoswp.educacion.navarra.es\/cursowp2017\/presentacion\/#breadcrumb"},"inLanguage":"es","potentialAction":[{"@type":"ReadAction","target":["https:\/\/cursoswp.educacion.navarra.es\/cursowp2017\/presentacion\/"]}]},{"@type":"BreadcrumbList","@id":"https:\/\/cursoswp.educacion.navarra.es\/cursowp2017\/presentacion\/#breadcrumb","itemListElement":[{"@type":"ListItem","position":1,"name":"Home","item":"https:\/\/cursoswp.educacion.navarra.es\/cursowp2017\/"},{"@type":"ListItem","position":2,"name":"Sobre este curso"}]},{"@type":"WebSite","@id":"https:\/\/cursoswp.educacion.navarra.es\/cursowp2017\/#website","url":"https:\/\/cursoswp.educacion.navarra.es\/cursowp2017\/","name":"Curso de WordPress 2017","description":"Curso de WordPress en el CAP de Pamplona","potentialAction":[{"@type":"SearchAction","target":{"@type":"EntryPoint","urlTemplate":"https:\/\/cursoswp.educacion.navarra.es\/cursowp2017\/?s={search_term_string}"},"query-input":"required name=search_term_string"}],"inLanguage":"es"}]}},"jetpack_sharing_enabled":true,"jetpack_likes_enabled":true,"jetpack_shortlink":"https:\/\/wp.me\/P8lSgS-I","_links":{"self":[{"href":"https:\/\/cursoswp.educacion.navarra.es\/cursowp2017\/wp-json\/wp\/v2\/pages\/44"}],"collection":[{"href":"https:\/\/cursoswp.educacion.navarra.es\/cursowp2017\/wp-json\/wp\/v2\/pages"}],"about":[{"href":"https:\/\/cursoswp.educacion.navarra.es\/cursowp2017\/wp-json\/wp\/v2\/types\/page"}],"author":[{"embeddable":true,"href":"https:\/\/cursoswp.educacion.navarra.es\/cursowp2017\/wp-json\/wp\/v2\/users\/1"}],"replies":[{"embeddable":true,"href":"https:\/\/cursoswp.educacion.navarra.es\/cursowp2017\/wp-json\/wp\/v2\/comments?post=44"}],"version-history":[{"count":0,"href":"https:\/\/cursoswp.educacion.navarra.es\/cursowp2017\/wp-json\/wp\/v2\/pages\/44\/revisions"}],"wp:featuredmedia":[{"embeddable":true,"href":"https:\/\/cursoswp.educacion.navarra.es\/cursowp2017\/wp-json\/wp\/v2\/media\/124"}],"wp:attachment":[{"href":"https:\/\/cursoswp.educacion.navarra.es\/cursowp2017\/wp-json\/wp\/v2\/media?parent=44"}],"curies":[{"name":"wp","href":"https:\/\/api.w.org\/{rel}","templated":true}]}}