{"id":195,"date":"2016-03-01T00:12:57","date_gmt":"2016-02-29T23:12:57","guid":{"rendered":"http:\/\/cursoswp.educacion.navarra.es\/cursowp2016\/?page_id=195"},"modified":"2016-03-01T00:26:27","modified_gmt":"2016-02-29T23:26:27","slug":"sobre-este-sitio-web","status":"publish","type":"page","link":"https:\/\/cursoswp.educacion.navarra.es\/cursowp2016\/sobre-este-sitio-web\/","title":{"rendered":"Sobre este sitio web"},"content":{"rendered":"<p>Este sitio web re\u00fane, ordena y sistematiza los contenidos del curso\u00a0<em>Gesti\u00f3n de blogs educativos, multiblog y multiling\u00fce, con WordPress<\/em>, celebrado en el CAP de Pamplona desde el 16 de febrero al 15 de marzo de 2016. Adem\u00e1s, este sitio\u00a0constituye el escenario de las pr\u00e1cticas y actividades que llevar\u00e1n a cabo los asistentes. El sitio ha sido elaborado por <a title=\"La Bit\u00e1cora del Tigre\" href=\"http:\/\/www.labitacoradeltigre.com\" target=\"_blank\">Eduardo Larequi Garc\u00eda<\/a>, asesor docente de la <a title=\"PNTE\" href=\"http:\/\/www.educacion.navarra.es\/web\/pnte\/\" target=\"_blank\">Secci\u00f3n de Tecnolog\u00edas Educativas<\/a> del <a title=\"Departamento de Educaci\u00f3n del Gobierno de Navarra\" href=\"http:\/\/www.educacion.navarra.es\/\" target=\"_blank\">Departamento de Educaci\u00f3n del Gobierno de Navarra<\/a>, con WordPress en configuraci\u00f3n multisitio y el tema <a title=\"Daily Dish Pro Theme by Studio Press\" href=\"http:\/\/my.studiopress.com\/themes\/daily-dish\/\" target=\"_blank\">Daily Dish Pro<\/a>, tema-hijo del <a title=\"StudioPress\" href=\"http:\/\/www.studiopress.com\/\" target=\"_blank\">framework Genesis<\/a>. Tanto por su planteamiento como por su estructura, este sitio web debe considerarse como sucesor del <a title=\"Curso de WordPress 2012\" href=\"http:\/\/cursoswp.educacion.navarra.es\/cursowp2012\/\" target=\"_blank\">Curso de WordPress 2012<\/a>.<\/p>\n<p>La cabecera de este sitio, junto con la mayor\u00eda de sus im\u00e1genes, han sido tomadas del repositorio <a title=\"Unsplash\" href=\"http:\/\/cursoswp.educacion.navarra.es\/cursowp2016\/Unplash\" target=\"_blank\">Unsplash<\/a>, con licencia <a title=\"Creative Commons - CC0 1.0 Universal\" href=\"http:\/\/creativecommons.org\/publicdomain\/zero\/1.0\/\" target=\"_blank\">Creative Commons Zero<\/a>.\u00a0La imagen de fondo es de <a title=\"ListVetra.ru\" href=\"http:\/\/listvetra.ru\/\" target=\"_blank\">Listvetra<\/a>, publicada en <a title=\"Subtle Patterns - Black Thread\" href=\"http:\/\/subtlepatterns.com\/?p=970\" target=\"_blank\">Black Thread, de Subtle Patterns<\/a>, por recomendaci\u00f3n de <a title=\"Finding Background Patterns - Weblog Tools Collection\" href=\"http:\/\/weblogtoolscollection.com\/archives\/2012\/01\/05\/finding-background-patterns\/\" target=\"_blank\">Weblog Tools Collection<\/a>. La imagen original se distribuye de acuerdo con\u00a0una licencia <a title=\"Creative Commons Attribution 3.0 Unported (CC BY 3.0)\" href=\"http:\/\/creativecommons.org\/licenses\/by\/3.0\/\" target=\"_blank\">CC BY 3.0<\/a>.<\/p>\n<p><a title=\"Licencia Creative Commons Reconocimiento-NoComercial-CompartirIgual 3.0 Espa\u00f1a\" href=\"http:\/\/creativecommons.org\/licenses\/by-nc-sa\/3.0\/es\/\" target=\"_blank\" rel=\"license\"><img loading=\"lazy\" class=\"alignright\" style=\"border-width: 0;\" title=\"Licencia Creative Commons Reconocimiento-NoComercial-CompartirIgual 3.0 Espa\u00f1a\" src=\"http:\/\/i.creativecommons.org\/l\/by-nc-sa\/3.0\/es\/88x31.png\" alt=\"Licencia Creative Commons Reconocimiento-NoComercial-CompartirIgual 3.0 Espa\u00f1a\" width=\"88\" height=\"31\" \/><\/a><\/p>\n<p>Los materiales y recursos de este sitio se publican, y pueden ser distribuidos, de acuerdo con los t\u00e9rminos de una licencia <a title=\"Creative Commons Reconocimiento-NoComercial-CompartirIgual 3.0 Espa\u00f1a\" href=\"http:\/\/creativecommons.org\/licenses\/by-nc-sa\/3.0\/es\/\" rel=\"license\">Creative Commons Reconocimiento-NoComercial-CompartirIgual 3.0 Espa\u00f1a<\/a>.<\/p>\n","protected":false},"excerpt":{"rendered":"<p>Este sitio web re\u00fane, ordena y sistematiza los contenidos del curso\u00a0Gesti\u00f3n de blogs educativos, multiblog y multiling\u00fce, con WordPress, celebrado en el CAP de Pamplona desde el 16 de febrero al 15 de marzo de 2016. Adem\u00e1s, este sitio\u00a0constituye el escenario de las pr\u00e1cticas y actividades que llevar\u00e1n a cabo los asistentes. El sitio ha [&hellip;]<\/p>\n","protected":false},"author":1,"featured_media":197,"parent":0,"menu_order":0,"comment_status":"closed","ping_status":"closed","template":"","meta":{"_genesis_hide_title":false,"_genesis_hide_breadcrumbs":false,"_genesis_hide_singular_image":false,"_genesis_hide_footer_widgets":false,"_genesis_custom_body_class":"","_genesis_custom_post_class":"","_genesis_layout":"","jetpack_post_was_ever_published":false},"yoast_head":"<!-- This site is optimized with the Yoast SEO plugin v19.13 - https:\/\/yoast.com\/wordpress\/plugins\/seo\/ -->\n<title>Sobre este sitio web - Curso de WordPress 2016<\/title>\n<meta name=\"description\" content=\"Sobre este sitio web. Identificaci\u00f3n, prop\u00f3sito, autor\u00eda y licencia del Curso de WordPress 2016.\" \/>\n<meta name=\"robots\" content=\"index, follow, max-snippet:-1, max-image-preview:large, max-video-preview:-1\" \/>\n<link rel=\"canonical\" href=\"https:\/\/cursoswp.educacion.navarra.es\/cursowp2016\/sobre-este-sitio-web\/\" \/>\n<meta property=\"og:locale\" content=\"es_ES\" \/>\n<meta property=\"og:type\" content=\"article\" \/>\n<meta property=\"og:title\" content=\"Sobre este sitio web - Curso de WordPress 2016\" \/>\n<meta property=\"og:description\" content=\"Sobre este sitio web. Identificaci\u00f3n, prop\u00f3sito, autor\u00eda y licencia del Curso de WordPress 2016.\" \/>\n<meta property=\"og:url\" content=\"https:\/\/cursoswp.educacion.navarra.es\/cursowp2016\/sobre-este-sitio-web\/\" \/>\n<meta property=\"og:site_name\" content=\"Curso de WordPress 2016\" \/>\n<meta property=\"article:modified_time\" content=\"2016-02-29T23:26:27+00:00\" \/>\n<meta property=\"og:image\" content=\"https:\/\/cursoswp.educacion.navarra.es\/cursowp2016\/wp-content\/uploads\/2016\/03\/estanteria_con_libros.jpg\" \/>\n\t<meta property=\"og:image:width\" content=\"1200\" \/>\n\t<meta property=\"og:image:height\" content=\"800\" \/>\n\t<meta property=\"og:image:type\" content=\"image\/jpeg\" \/>\n<meta name=\"twitter:card\" content=\"summary_large_image\" \/>\n<meta name=\"twitter:label1\" content=\"Tiempo de lectura\" \/>\n\t<meta name=\"twitter:data1\" content=\"1 minuto\" \/>\n<script type=\"application\/ld+json\" class=\"yoast-schema-graph\">{\"@context\":\"https:\/\/schema.org\",\"@graph\":[{\"@type\":\"WebPage\",\"@id\":\"https:\/\/cursoswp.educacion.navarra.es\/cursowp2016\/sobre-este-sitio-web\/\",\"url\":\"https:\/\/cursoswp.educacion.navarra.es\/cursowp2016\/sobre-este-sitio-web\/\",\"name\":\"Sobre este sitio web - Curso de WordPress 2016\",\"isPartOf\":{\"@id\":\"https:\/\/cursoswp.educacion.navarra.es\/cursowp2016\/#website\"},\"datePublished\":\"2016-02-29T23:12:57+00:00\",\"dateModified\":\"2016-02-29T23:26:27+00:00\",\"description\":\"Sobre este sitio web. Identificaci\u00f3n, prop\u00f3sito, autor\u00eda y licencia del Curso de WordPress 2016.\",\"breadcrumb\":{\"@id\":\"https:\/\/cursoswp.educacion.navarra.es\/cursowp2016\/sobre-este-sitio-web\/#breadcrumb\"},\"inLanguage\":\"es\",\"potentialAction\":[{\"@type\":\"ReadAction\",\"target\":[\"https:\/\/cursoswp.educacion.navarra.es\/cursowp2016\/sobre-este-sitio-web\/\"]}]},{\"@type\":\"BreadcrumbList\",\"@id\":\"https:\/\/cursoswp.educacion.navarra.es\/cursowp2016\/sobre-este-sitio-web\/#breadcrumb\",\"itemListElement\":[{\"@type\":\"ListItem\",\"position\":1,\"name\":\"Portada\",\"item\":\"https:\/\/cursoswp.educacion.navarra.es\/cursowp2016\/\"},{\"@type\":\"ListItem\",\"position\":2,\"name\":\"Sobre este sitio web\"}]},{\"@type\":\"WebSite\",\"@id\":\"https:\/\/cursoswp.educacion.navarra.es\/cursowp2016\/#website\",\"url\":\"https:\/\/cursoswp.educacion.navarra.es\/cursowp2016\/\",\"name\":\"Curso de WordPress 2016\",\"description\":\"Curso sobre WordPress en el CAP de Pamplona\",\"potentialAction\":[{\"@type\":\"SearchAction\",\"target\":{\"@type\":\"EntryPoint\",\"urlTemplate\":\"https:\/\/cursoswp.educacion.navarra.es\/cursowp2016\/?s={search_term_string}\"},\"query-input\":\"required name=search_term_string\"}],\"inLanguage\":\"es\"}]}<\/script>\n<!-- \/ Yoast SEO plugin. -->","yoast_head_json":{"title":"Sobre este sitio web - Curso de WordPress 2016","description":"Sobre este sitio web. Identificaci\u00f3n, prop\u00f3sito, autor\u00eda y licencia del Curso de WordPress 2016.","robots":{"index":"index","follow":"follow","max-snippet":"max-snippet:-1","max-image-preview":"max-image-preview:large","max-video-preview":"max-video-preview:-1"},"canonical":"https:\/\/cursoswp.educacion.navarra.es\/cursowp2016\/sobre-este-sitio-web\/","og_locale":"es_ES","og_type":"article","og_title":"Sobre este sitio web - Curso de WordPress 2016","og_description":"Sobre este sitio web. Identificaci\u00f3n, prop\u00f3sito, autor\u00eda y licencia del Curso de WordPress 2016.","og_url":"https:\/\/cursoswp.educacion.navarra.es\/cursowp2016\/sobre-este-sitio-web\/","og_site_name":"Curso de WordPress 2016","article_modified_time":"2016-02-29T23:26:27+00:00","og_image":[{"width":1200,"height":800,"url":"https:\/\/cursoswp.educacion.navarra.es\/cursowp2016\/wp-content\/uploads\/2016\/03\/estanteria_con_libros.jpg","type":"image\/jpeg"}],"twitter_card":"summary_large_image","twitter_misc":{"Tiempo de lectura":"1 minuto"},"schema":{"@context":"https:\/\/schema.org","@graph":[{"@type":"WebPage","@id":"https:\/\/cursoswp.educacion.navarra.es\/cursowp2016\/sobre-este-sitio-web\/","url":"https:\/\/cursoswp.educacion.navarra.es\/cursowp2016\/sobre-este-sitio-web\/","name":"Sobre este sitio web - Curso de WordPress 2016","isPartOf":{"@id":"https:\/\/cursoswp.educacion.navarra.es\/cursowp2016\/#website"},"datePublished":"2016-02-29T23:12:57+00:00","dateModified":"2016-02-29T23:26:27+00:00","description":"Sobre este sitio web. Identificaci\u00f3n, prop\u00f3sito, autor\u00eda y licencia del Curso de WordPress 2016.","breadcrumb":{"@id":"https:\/\/cursoswp.educacion.navarra.es\/cursowp2016\/sobre-este-sitio-web\/#breadcrumb"},"inLanguage":"es","potentialAction":[{"@type":"ReadAction","target":["https:\/\/cursoswp.educacion.navarra.es\/cursowp2016\/sobre-este-sitio-web\/"]}]},{"@type":"BreadcrumbList","@id":"https:\/\/cursoswp.educacion.navarra.es\/cursowp2016\/sobre-este-sitio-web\/#breadcrumb","itemListElement":[{"@type":"ListItem","position":1,"name":"Portada","item":"https:\/\/cursoswp.educacion.navarra.es\/cursowp2016\/"},{"@type":"ListItem","position":2,"name":"Sobre este sitio web"}]},{"@type":"WebSite","@id":"https:\/\/cursoswp.educacion.navarra.es\/cursowp2016\/#website","url":"https:\/\/cursoswp.educacion.navarra.es\/cursowp2016\/","name":"Curso de WordPress 2016","description":"Curso sobre WordPress en el CAP de Pamplona","potentialAction":[{"@type":"SearchAction","target":{"@type":"EntryPoint","urlTemplate":"https:\/\/cursoswp.educacion.navarra.es\/cursowp2016\/?s={search_term_string}"},"query-input":"required name=search_term_string"}],"inLanguage":"es"}]}},"jetpack_sharing_enabled":true,"jetpack_shortlink":"https:\/\/wp.me\/P78Xmu-39","jetpack_likes_enabled":true,"_links":{"self":[{"href":"https:\/\/cursoswp.educacion.navarra.es\/cursowp2016\/wp-json\/wp\/v2\/pages\/195"}],"collection":[{"href":"https:\/\/cursoswp.educacion.navarra.es\/cursowp2016\/wp-json\/wp\/v2\/pages"}],"about":[{"href":"https:\/\/cursoswp.educacion.navarra.es\/cursowp2016\/wp-json\/wp\/v2\/types\/page"}],"author":[{"embeddable":true,"href":"https:\/\/cursoswp.educacion.navarra.es\/cursowp2016\/wp-json\/wp\/v2\/users\/1"}],"replies":[{"embeddable":true,"href":"https:\/\/cursoswp.educacion.navarra.es\/cursowp2016\/wp-json\/wp\/v2\/comments?post=195"}],"version-history":[{"count":0,"href":"https:\/\/cursoswp.educacion.navarra.es\/cursowp2016\/wp-json\/wp\/v2\/pages\/195\/revisions"}],"wp:featuredmedia":[{"embeddable":true,"href":"https:\/\/cursoswp.educacion.navarra.es\/cursowp2016\/wp-json\/wp\/v2\/media\/197"}],"wp:attachment":[{"href":"https:\/\/cursoswp.educacion.navarra.es\/cursowp2016\/wp-json\/wp\/v2\/media?parent=195"}],"curies":[{"name":"wp","href":"https:\/\/api.w.org\/{rel}","templated":true}]}}