{"id":13,"date":"2016-01-19T14:25:28","date_gmt":"2016-01-19T13:25:28","guid":{"rendered":"http:\/\/cursoswp.educacion.navarra.es\/cursowp2016\/?page_id=13"},"modified":"2019-01-17T12:22:53","modified_gmt":"2019-01-17T11:22:53","slug":"presentacion-del-curso","status":"publish","type":"page","link":"https:\/\/cursoswp.educacion.navarra.es\/cursowp2016\/presentacion-del-curso\/","title":{"rendered":"Presentaci\u00f3n del curso"},"content":{"rendered":"<p>El curso <em>Gesti\u00f3n de blogs educativos, multiblog y multiling\u00fce, con WordPress<\/em> tiene como objetivo profundizar en el uso del gesto de contenidos <a title=\"WordPress\" href=\"http:\/\/wordpress.org\" target=\"_blank\" rel=\"noopener\">WordPress<\/a> como herramienta para elaborar y publicar sitios web educativos de car\u00e1cter biling\u00fce o multiling\u00fce. Esta actividad formativa est\u00e1 destinada a aquellos profesores y profesoras que re\u00fanen los siguientes requisitos:<\/p>\n<ul>\n<li>Son docentes en activo que prestan servicio en alg\u00fan centro educativo p\u00fablico dependiente del <a title=\"Departamento de Educaci\u00f3n, Gobierno de Navarra\" href=\"http:\/\/www.educacion.navarra.es\/\" target=\"_blank\" rel=\"noopener\">Departamento de Educaci\u00f3n del Gobierno Foral de Navarra<\/a>.<\/li>\n<li>Son usuarios de\u00a0sitios web de un centro educativo, alojado en los servidores del <a title=\"Programa de Nuevas Tecnolog\u00edas y Educaci\u00f3n (PNTE)\" href=\"http:\/\/www.educacion.navarra.es\/web\/pnte\" target=\"_blank\" rel=\"noopener\">Programa de Nuevas Tecnolog\u00edas y Educaci\u00f3n<\/a> (en adelante, PNTE).<\/li>\n<li>Tienen experiencia previa con blogs elaborados con WordPress o\/y <a title=\"WordPress.com\" href=\"http:\/\/wordpress.com\" target=\"_blank\" rel=\"noopener\">WordPress.com<\/a>.<\/li>\n<li>Son administradores de instalaciones de WordPress en configuraci\u00f3n multisitio.<\/li>\n<li>Disponen de <a title=\"PNTE Apps\" href=\"http:\/\/www.educacion.navarra.es\/web\/pnte\/pnte-apps\" target=\"_blank\" rel=\"noopener\">una cuenta de Google Apps\u00a0en el\u00a0dominio educacion.navarra.es<\/a>. Esta circunstancia es esencial para configurar correctamente el sitio web y sacar partido de todas sus funcionalidades y caracter\u00edsticas.<\/li>\n<\/ul>\n<h2>Contenido y programa<\/h2>\n<p>El curso se impartir\u00e1 en cinco\u00a0sesiones vespertinas, que tendr\u00e1n lugar en el <a title=\"Informaci\u00f3n general CAP Pamplona\" href=\"http:\/\/formacionprofesorado.educacion.navarra.es\/web\/2014\/11\/14\/informacion-general-3\/\" target=\"_blank\" rel=\"noopener\">CAP de Pamplona<\/a>, todos los martes a partir del d\u00eda 16 de febrero de 2016, de 17,00 a 20,00 horas, con la siguiente distribuci\u00f3n de contenidos:<\/p>\n<ul>\n<li><a title=\"Primera sesi\u00f3n: 16 de febrero\" href=\"http:\/\/cursoswp.educacion.navarra.es\/cursowp2016\/blog\/primera-sesion-16-de-febrero\/\">16 de febrero<\/a>. El concepto de sitio web multiling\u00fce con WordPress. La familia de plugins WPML, para la creaci\u00f3n de sitios multiling\u00fces. Configuraci\u00f3n de la familia de plugins WPML. Principios b\u00e1sicos del trabajo con WPML. Orientaciones sobre usos ling\u00fc\u00edsticos.<\/li>\n<li><a title=\"Segunda sesi\u00f3n: 23 de febrero\" href=\"http:\/\/cursoswp.educacion.navarra.es\/cursowp2016\/segunda-sesion-23-de-febrero\/\">23 de febrero<\/a>. Creaci\u00f3n de un sitio web multiling\u00fce con el plugin WPML. Traducci\u00f3n de entradas y p\u00e1ginas, categor\u00edas, men\u00fas y widgets. Traducci\u00f3n de los elementos internos de WordPress.<\/li>\n<li><a title=\"Tercera sesi\u00f3n: 1 de marzo\" href=\"http:\/\/cursoswp.educacion.navarra.es\/cursowp2016\/tercera-sesion-1-de-marzo\/\">1 de marzo<\/a>. El framework Genesis y sus funcionalidades m\u00e1s importantes.\u00a0Los temas-hijo. Plugins para el framework Genesis.\u00a0Configuraci\u00f3n de los men\u00fas y las \u00e1reas de widgets del framework Genesis.<\/li>\n<li><a title=\"Cuarta sesi\u00f3n: 8 de marzo\" href=\"http:\/\/cursoswp.educacion.navarra.es\/cursowp2016\/cuarta-sesion-8-de-marzo\/\">8 de marzo<\/a>. Uso avanzado de los temas de la familia Genesis: configuraci\u00f3n avanzada, uso de men\u00fas y widgets, configuraci\u00f3n avanzada mediante plugins, modificaci\u00f3n de los temas mediante funciones y estilos personalizados.<\/li>\n<li><a title=\"Quinta sesi\u00f3n: 15 de marzo\" href=\"http:\/\/cursoswp.educacion.navarra.es\/cursowp2016\/quinta-sesion-15-de-marzo\/\">15 de marzo<\/a>. Intercambio de experiencias entre los asistentes al curso\u00a0sobre elaboraci\u00f3n de sitios web y administraci\u00f3n de instalaciones multisitio con\u00a0WordPress .<\/li>\n<\/ul>\n<p>Como puede inferirse de su contenido, se trata de una actividad formativa concebidad para usuarios que ya tienen un conocimiento b\u00e1sico de WordPress y se hallan familiarizados con los procedimientos y t\u00e9cnicas de creaci\u00f3n y administraci\u00f3n de contenido propios de dicha aplicaci\u00f3n. Por tanto, tiene car\u00e1cter de curso avanzado, y no es recomendable para principiantes o personas que se inicien en WordPress. Para ellas aconsejamos la consulta del <a title=\"Curso de WordPress 2012\" href=\"http:\/\/cursoswp.educacion.navarra.es\/cursowp2012\/\" target=\"_blank\" rel=\"noopener\">Curso de WordPress 2012<\/a>, cuyo formato y estructura de contenidos es muy parecido al de este.<\/p>\n<p>Adem\u00e1s de asistir a las cinco sesiones presenciales ya descritas, los asistentes al curso\u00a0tendr\u00e1n que realizar las tareas propuestas por el ponente del curso, con un total estimado de nuevas horas adicionales de trabajo personal.<\/p>\n<h2>Sobre este sitio web<\/h2>\n<p>Este sitio web re\u00fane, ordena y sistematiza los contenidos del curso\u00a0<em>Gesti\u00f3n de blogs educativos, multiblog y multiling\u00fce, con WordPress<\/em>, celebrado en el CAP de Pamplona desde el 16 de febrero al 15 de marzo de 2016. Adem\u00e1s, este sitio\u00a0constituye el escenario de las pr\u00e1cticas y actividades que llevar\u00e1n a cabo los asistentes. El sitio ha sido elaborado por <a title=\"La Bit\u00e1cora del Tigre\" href=\"http:\/\/www.labitacoradeltigre.com\" target=\"_blank\" rel=\"noopener\">Eduardo Larequi Garc\u00eda<\/a>, asesor docente de la <a title=\"PNTE\" href=\"http:\/\/www.educacion.navarra.es\/web\/pnte\/\" target=\"_blank\" rel=\"noopener\">Secci\u00f3n de Tecnolog\u00edas Educativas<\/a> del <a title=\"Departamento de Educaci\u00f3n del Gobierno de Navarra\" href=\"http:\/\/www.educacion.navarra.es\/\" target=\"_blank\" rel=\"noopener\">Departamento de Educaci\u00f3n del Gobierno de Navarra<\/a>, con WordPress en configuraci\u00f3n multisitio y el tema <a title=\"Daily Dish Pro Theme by Studio Press\" href=\"http:\/\/my.studiopress.com\/themes\/daily-dish\/\" target=\"_blank\" rel=\"noopener\">Daily Dish Pro<\/a>, tema-hijo del <a title=\"StudioPress\" href=\"http:\/\/www.studiopress.com\/\" target=\"_blank\" rel=\"noopener\">framework Genesis<\/a>. Tanto por su planteamiento como por su estructura, este sitio web debe considerarse como sucesor del <a title=\"Curso de WordPress 2012\" href=\"http:\/\/cursoswp.educacion.navarra.es\/cursowp2012\/\" target=\"_blank\" rel=\"noopener\">Curso de WordPress 2012<\/a>.<\/p>\n","protected":false},"excerpt":{"rendered":"<p>El curso Gesti\u00f3n de blogs educativos, multiblog y multiling\u00fce, con WordPress tiene como objetivo profundizar en el uso del gesto de contenidos WordPress como herramienta para elaborar y publicar sitios web educativos de car\u00e1cter biling\u00fce o multiling\u00fce. Esta actividad formativa est\u00e1 destinada a aquellos profesores y profesoras que re\u00fanen los siguientes requisitos: Son docentes en [&hellip;]<\/p>\n","protected":false},"author":1,"featured_media":59,"parent":0,"menu_order":2,"comment_status":"closed","ping_status":"closed","template":"","meta":{"_genesis_hide_title":false,"_genesis_hide_breadcrumbs":false,"_genesis_hide_singular_image":false,"_genesis_hide_footer_widgets":false,"_genesis_custom_body_class":"","_genesis_custom_post_class":"","_genesis_layout":"","jetpack_post_was_ever_published":false},"yoast_head":"<!-- This site is optimized with the Yoast SEO plugin v19.13 - https:\/\/yoast.com\/wordpress\/plugins\/seo\/ -->\n<title>Presentaci\u00f3n del curso - Curso de WordPress 2016<\/title>\n<meta name=\"description\" content=\"Presentaci\u00f3n del curso: objetivos y contenidos del Curso de WordPress 2016\" \/>\n<meta name=\"robots\" content=\"index, follow, max-snippet:-1, max-image-preview:large, max-video-preview:-1\" \/>\n<link rel=\"canonical\" href=\"https:\/\/cursoswp.educacion.navarra.es\/cursowp2016\/presentacion-del-curso\/\" \/>\n<meta property=\"og:locale\" content=\"es_ES\" \/>\n<meta property=\"og:type\" content=\"article\" \/>\n<meta property=\"og:title\" content=\"Presentaci\u00f3n del curso - Curso de WordPress 2016\" \/>\n<meta property=\"og:description\" content=\"Presentaci\u00f3n del curso: objetivos y contenidos del Curso de WordPress 2016\" \/>\n<meta property=\"og:url\" content=\"https:\/\/cursoswp.educacion.navarra.es\/cursowp2016\/presentacion-del-curso\/\" \/>\n<meta property=\"og:site_name\" content=\"Curso de WordPress 2016\" \/>\n<meta property=\"article:modified_time\" content=\"2019-01-17T11:22:53+00:00\" \/>\n<meta property=\"og:image\" content=\"https:\/\/cursoswp.educacion.navarra.es\/cursowp2016\/wp-content\/uploads\/2016\/02\/ordenador_portatil.jpg\" \/>\n\t<meta property=\"og:image:width\" content=\"1200\" \/>\n\t<meta property=\"og:image:height\" content=\"800\" \/>\n\t<meta property=\"og:image:type\" content=\"image\/jpeg\" \/>\n<meta name=\"twitter:card\" content=\"summary_large_image\" \/>\n<meta name=\"twitter:label1\" content=\"Tiempo de lectura\" \/>\n\t<meta name=\"twitter:data1\" content=\"3 minutos\" \/>\n<script type=\"application\/ld+json\" class=\"yoast-schema-graph\">{\"@context\":\"https:\/\/schema.org\",\"@graph\":[{\"@type\":\"WebPage\",\"@id\":\"https:\/\/cursoswp.educacion.navarra.es\/cursowp2016\/presentacion-del-curso\/\",\"url\":\"https:\/\/cursoswp.educacion.navarra.es\/cursowp2016\/presentacion-del-curso\/\",\"name\":\"Presentaci\u00f3n del curso - Curso de WordPress 2016\",\"isPartOf\":{\"@id\":\"https:\/\/cursoswp.educacion.navarra.es\/cursowp2016\/#website\"},\"datePublished\":\"2016-01-19T13:25:28+00:00\",\"dateModified\":\"2019-01-17T11:22:53+00:00\",\"description\":\"Presentaci\u00f3n del curso: objetivos y contenidos del Curso de WordPress 2016\",\"breadcrumb\":{\"@id\":\"https:\/\/cursoswp.educacion.navarra.es\/cursowp2016\/presentacion-del-curso\/#breadcrumb\"},\"inLanguage\":\"es\",\"potentialAction\":[{\"@type\":\"ReadAction\",\"target\":[\"https:\/\/cursoswp.educacion.navarra.es\/cursowp2016\/presentacion-del-curso\/\"]}]},{\"@type\":\"BreadcrumbList\",\"@id\":\"https:\/\/cursoswp.educacion.navarra.es\/cursowp2016\/presentacion-del-curso\/#breadcrumb\",\"itemListElement\":[{\"@type\":\"ListItem\",\"position\":1,\"name\":\"Portada\",\"item\":\"https:\/\/cursoswp.educacion.navarra.es\/cursowp2016\/\"},{\"@type\":\"ListItem\",\"position\":2,\"name\":\"Presentaci\u00f3n del curso\"}]},{\"@type\":\"WebSite\",\"@id\":\"https:\/\/cursoswp.educacion.navarra.es\/cursowp2016\/#website\",\"url\":\"https:\/\/cursoswp.educacion.navarra.es\/cursowp2016\/\",\"name\":\"Curso de WordPress 2016\",\"description\":\"Curso sobre WordPress en el CAP de Pamplona\",\"potentialAction\":[{\"@type\":\"SearchAction\",\"target\":{\"@type\":\"EntryPoint\",\"urlTemplate\":\"https:\/\/cursoswp.educacion.navarra.es\/cursowp2016\/?s={search_term_string}\"},\"query-input\":\"required name=search_term_string\"}],\"inLanguage\":\"es\"}]}<\/script>\n<!-- \/ Yoast SEO plugin. -->","yoast_head_json":{"title":"Presentaci\u00f3n del curso - Curso de WordPress 2016","description":"Presentaci\u00f3n del curso: objetivos y contenidos del Curso de WordPress 2016","robots":{"index":"index","follow":"follow","max-snippet":"max-snippet:-1","max-image-preview":"max-image-preview:large","max-video-preview":"max-video-preview:-1"},"canonical":"https:\/\/cursoswp.educacion.navarra.es\/cursowp2016\/presentacion-del-curso\/","og_locale":"es_ES","og_type":"article","og_title":"Presentaci\u00f3n del curso - Curso de WordPress 2016","og_description":"Presentaci\u00f3n del curso: objetivos y contenidos del Curso de WordPress 2016","og_url":"https:\/\/cursoswp.educacion.navarra.es\/cursowp2016\/presentacion-del-curso\/","og_site_name":"Curso de WordPress 2016","article_modified_time":"2019-01-17T11:22:53+00:00","og_image":[{"width":1200,"height":800,"url":"https:\/\/cursoswp.educacion.navarra.es\/cursowp2016\/wp-content\/uploads\/2016\/02\/ordenador_portatil.jpg","type":"image\/jpeg"}],"twitter_card":"summary_large_image","twitter_misc":{"Tiempo de lectura":"3 minutos"},"schema":{"@context":"https:\/\/schema.org","@graph":[{"@type":"WebPage","@id":"https:\/\/cursoswp.educacion.navarra.es\/cursowp2016\/presentacion-del-curso\/","url":"https:\/\/cursoswp.educacion.navarra.es\/cursowp2016\/presentacion-del-curso\/","name":"Presentaci\u00f3n del curso - Curso de WordPress 2016","isPartOf":{"@id":"https:\/\/cursoswp.educacion.navarra.es\/cursowp2016\/#website"},"datePublished":"2016-01-19T13:25:28+00:00","dateModified":"2019-01-17T11:22:53+00:00","description":"Presentaci\u00f3n del curso: objetivos y contenidos del Curso de WordPress 2016","breadcrumb":{"@id":"https:\/\/cursoswp.educacion.navarra.es\/cursowp2016\/presentacion-del-curso\/#breadcrumb"},"inLanguage":"es","potentialAction":[{"@type":"ReadAction","target":["https:\/\/cursoswp.educacion.navarra.es\/cursowp2016\/presentacion-del-curso\/"]}]},{"@type":"BreadcrumbList","@id":"https:\/\/cursoswp.educacion.navarra.es\/cursowp2016\/presentacion-del-curso\/#breadcrumb","itemListElement":[{"@type":"ListItem","position":1,"name":"Portada","item":"https:\/\/cursoswp.educacion.navarra.es\/cursowp2016\/"},{"@type":"ListItem","position":2,"name":"Presentaci\u00f3n del curso"}]},{"@type":"WebSite","@id":"https:\/\/cursoswp.educacion.navarra.es\/cursowp2016\/#website","url":"https:\/\/cursoswp.educacion.navarra.es\/cursowp2016\/","name":"Curso de WordPress 2016","description":"Curso sobre WordPress en el CAP de Pamplona","potentialAction":[{"@type":"SearchAction","target":{"@type":"EntryPoint","urlTemplate":"https:\/\/cursoswp.educacion.navarra.es\/cursowp2016\/?s={search_term_string}"},"query-input":"required name=search_term_string"}],"inLanguage":"es"}]}},"jetpack_sharing_enabled":true,"jetpack_shortlink":"https:\/\/wp.me\/P78Xmu-d","jetpack_likes_enabled":true,"_links":{"self":[{"href":"https:\/\/cursoswp.educacion.navarra.es\/cursowp2016\/wp-json\/wp\/v2\/pages\/13"}],"collection":[{"href":"https:\/\/cursoswp.educacion.navarra.es\/cursowp2016\/wp-json\/wp\/v2\/pages"}],"about":[{"href":"https:\/\/cursoswp.educacion.navarra.es\/cursowp2016\/wp-json\/wp\/v2\/types\/page"}],"author":[{"embeddable":true,"href":"https:\/\/cursoswp.educacion.navarra.es\/cursowp2016\/wp-json\/wp\/v2\/users\/1"}],"replies":[{"embeddable":true,"href":"https:\/\/cursoswp.educacion.navarra.es\/cursowp2016\/wp-json\/wp\/v2\/comments?post=13"}],"version-history":[{"count":0,"href":"https:\/\/cursoswp.educacion.navarra.es\/cursowp2016\/wp-json\/wp\/v2\/pages\/13\/revisions"}],"wp:featuredmedia":[{"embeddable":true,"href":"https:\/\/cursoswp.educacion.navarra.es\/cursowp2016\/wp-json\/wp\/v2\/media\/59"}],"wp:attachment":[{"href":"https:\/\/cursoswp.educacion.navarra.es\/cursowp2016\/wp-json\/wp\/v2\/media?parent=13"}],"curies":[{"name":"wp","href":"https:\/\/api.w.org\/{rel}","templated":true}]}}