{"id":108,"date":"2012-01-24T14:18:13","date_gmt":"2012-01-24T13:18:13","guid":{"rendered":"http:\/\/cursoswp.educacion.navarra.es\/cursowp2012\/?page_id=108"},"modified":"2015-05-18T14:09:10","modified_gmt":"2015-05-18T12:09:10","slug":"mapa-del-sitio-web","status":"publish","type":"page","link":"https:\/\/cursoswp.educacion.navarra.es\/cursowp2012\/mapa-del-sitio-web\/","title":{"rendered":"Mapa del sitio web"},"content":{"rendered":"<p>A continuaci\u00f3n se muestra el mapa del sitio web, cuyo contenido est\u00e1 organizado de la misma forma que el men\u00fa principal de la cabecera.<\/p>\n<div class=\"menu-menu-principal-container\"><ul id=\"menu-menu-principal\" class=\"menu\"><li id=\"menu-item-881\" class=\"menu-item menu-item-type-custom menu-item-object-custom menu-item-home menu-item-881\"><a href=\"https:\/\/cursoswp.educacion.navarra.es\/cursowp2012\/\"><i class=\"_mi _before dashicons dashicons-admin-home\" aria-hidden=\"true\"><\/i><span>Inicio<\/span><\/a><\/li>\n<li id=\"menu-item-36\" class=\"menu-item menu-item-type-taxonomy menu-item-object-category menu-item-has-children menu-item-36\"><a href=\"https:\/\/cursoswp.educacion.navarra.es\/cursowp2012\/categoria\/sesiones\/\"><i class=\"_mi _before dashicons dashicons-calendar-alt\" aria-hidden=\"true\" style=\"font-size:2em;\"><\/i><span>Contenido del curso<\/span><\/a>\n<ul class=\"sub-menu\">\n\t<li id=\"menu-item-37\" class=\"menu-item menu-item-type-post_type menu-item-object-post menu-item-37\"><a href=\"https:\/\/cursoswp.educacion.navarra.es\/cursowp2012\/primera-sesion-17-de-enero\/\">Primera sesi\u00f3n: 17 de enero<\/a><\/li>\n\t<li id=\"menu-item-72\" class=\"menu-item menu-item-type-post_type menu-item-object-post menu-item-72\"><a href=\"https:\/\/cursoswp.educacion.navarra.es\/cursowp2012\/segunda-sesion-24-de-enero\/\">Segunda sesi\u00f3n: 24 de enero<\/a><\/li>\n\t<li id=\"menu-item-114\" class=\"menu-item menu-item-type-post_type menu-item-object-post menu-item-114\"><a href=\"https:\/\/cursoswp.educacion.navarra.es\/cursowp2012\/tercera-sesion-31-de-enero\/\">Tercera sesi\u00f3n: 31 de enero<\/a><\/li>\n\t<li id=\"menu-item-247\" class=\"menu-item menu-item-type-post_type menu-item-object-post menu-item-247\"><a href=\"https:\/\/cursoswp.educacion.navarra.es\/cursowp2012\/cuarta-sesion-7-de-febrero\/\">Cuarta sesi\u00f3n: 7 de febrero<\/a><\/li>\n\t<li id=\"menu-item-298\" class=\"menu-item menu-item-type-post_type menu-item-object-post menu-item-298\"><a href=\"https:\/\/cursoswp.educacion.navarra.es\/cursowp2012\/quinta-sesion-14-de-febrero\/\">Quinta sesi\u00f3n: 14 de febrero<\/a><\/li>\n\t<li id=\"menu-item-324\" class=\"menu-item menu-item-type-post_type menu-item-object-post menu-item-324\"><a href=\"https:\/\/cursoswp.educacion.navarra.es\/cursowp2012\/sexta-sesion-28-de-febrero\/\">Sexta sesi\u00f3n: 28 de febrero<\/a><\/li>\n<\/ul>\n<\/li>\n<li id=\"menu-item-42\" class=\"menu-item menu-item-type-taxonomy menu-item-object-category menu-item-has-children menu-item-42\"><a href=\"https:\/\/cursoswp.educacion.navarra.es\/cursowp2012\/categoria\/apoyo-para-las-sesiones\/\"><i class=\"_mi _before dashicons dashicons-welcome-view-site\" aria-hidden=\"true\" style=\"font-size:2em;\"><\/i><span>Apoyo para las sesiones<\/span><\/a>\n<ul class=\"sub-menu\">\n\t<li id=\"menu-item-106\" class=\"menu-item menu-item-type-taxonomy menu-item-object-category menu-item-has-children menu-item-106\"><a href=\"https:\/\/cursoswp.educacion.navarra.es\/cursowp2012\/categoria\/apoyo-para-las-sesiones\/sesion-1\/\">Sesi\u00f3n 1<\/a>\n\t<ul class=\"sub-menu\">\n\t\t<li id=\"menu-item-25\" class=\"menu-item menu-item-type-post_type menu-item-object-post menu-item-25\"><a href=\"https:\/\/cursoswp.educacion.navarra.es\/cursowp2012\/el-entorno-de-trabajo-de-wordpress\/\">El entorno de trabajo de WordPress<\/a><\/li>\n\t\t<li id=\"menu-item-58\" class=\"menu-item menu-item-type-post_type menu-item-object-post menu-item-58\"><a href=\"https:\/\/cursoswp.educacion.navarra.es\/cursowp2012\/configuracion-del-sitio-web\/\">Configuraci\u00f3n del sitio web<\/a><\/li>\n\t\t<li id=\"menu-item-46\" class=\"menu-item menu-item-type-post_type menu-item-object-post menu-item-46\"><a href=\"https:\/\/cursoswp.educacion.navarra.es\/cursowp2012\/creacion-y-edicion-de-entradas\/\">Creaci\u00f3n y edici\u00f3n de entradas<\/a><\/li>\n\t\t<li id=\"menu-item-53\" class=\"menu-item menu-item-type-post_type menu-item-object-post menu-item-53\"><a href=\"https:\/\/cursoswp.educacion.navarra.es\/cursowp2012\/creacion-y-gestion-de-enlaces\/\">Creaci\u00f3n y gesti\u00f3n de enlaces<\/a><\/li>\n\t\t<li id=\"menu-item-54\" class=\"menu-item menu-item-type-post_type menu-item-object-post menu-item-54\"><a href=\"https:\/\/cursoswp.educacion.navarra.es\/cursowp2012\/creacion-y-gestion-de-usuarios\/\">Creaci\u00f3n y gesti\u00f3n de usuarios<\/a><\/li>\n\t<\/ul>\n<\/li>\n\t<li id=\"menu-item-107\" class=\"menu-item menu-item-type-taxonomy menu-item-object-category menu-item-has-children menu-item-107\"><a href=\"https:\/\/cursoswp.educacion.navarra.es\/cursowp2012\/categoria\/apoyo-para-las-sesiones\/sesion-2\/\">Sesi\u00f3n 2<\/a>\n\t<ul class=\"sub-menu\">\n\t\t<li id=\"menu-item-85\" class=\"menu-item menu-item-type-post_type menu-item-object-post menu-item-85\"><a href=\"https:\/\/cursoswp.educacion.navarra.es\/cursowp2012\/instalacion-y-gestion-de-temas\/\">Instalaci\u00f3n y gesti\u00f3n de temas<\/a><\/li>\n\t\t<li id=\"menu-item-88\" class=\"menu-item menu-item-type-post_type menu-item-object-post menu-item-88\"><a href=\"https:\/\/cursoswp.educacion.navarra.es\/cursowp2012\/instalacion-y-gestion-de-plugins\/\">Instalaci\u00f3n y gesti\u00f3n de plugins<\/a><\/li>\n\t\t<li id=\"menu-item-78\" class=\"menu-item menu-item-type-post_type menu-item-object-post menu-item-78\"><a href=\"https:\/\/cursoswp.educacion.navarra.es\/cursowp2012\/creacion-y-gestion-de-menus-personalizados\/\">Creaci\u00f3n y gesti\u00f3n de men\u00fas personalizados<\/a><\/li>\n\t\t<li id=\"menu-item-91\" class=\"menu-item menu-item-type-post_type menu-item-object-post menu-item-91\"><a href=\"https:\/\/cursoswp.educacion.navarra.es\/cursowp2012\/gestion-de-los-widgets\/\">Gesti\u00f3n de los widgets<\/a><\/li>\n\t<\/ul>\n<\/li>\n\t<li id=\"menu-item-141\" class=\"menu-item menu-item-type-taxonomy menu-item-object-category menu-item-has-children menu-item-141\"><a href=\"https:\/\/cursoswp.educacion.navarra.es\/cursowp2012\/categoria\/apoyo-para-las-sesiones\/sesion-3\/\">Sesi\u00f3n 3<\/a>\n\t<ul class=\"sub-menu\">\n\t\t<li id=\"menu-item-148\" class=\"menu-item menu-item-type-post_type menu-item-object-post menu-item-148\"><a href=\"https:\/\/cursoswp.educacion.navarra.es\/cursowp2012\/configuracion-del-plugin-cimy-swift-smtp\/\">Configuraci\u00f3n del plugin Cimy Swift SMTP<\/a><\/li>\n\t\t<li id=\"menu-item-159\" class=\"menu-item menu-item-type-post_type menu-item-object-post menu-item-159\"><a href=\"https:\/\/cursoswp.educacion.navarra.es\/cursowp2012\/criterios-de-seleccion-de-plugins\/\">Criterios de selecci\u00f3n de plugins<\/a><\/li>\n\t\t<li id=\"menu-item-174\" class=\"menu-item menu-item-type-post_type menu-item-object-post menu-item-174\"><a href=\"https:\/\/cursoswp.educacion.navarra.es\/cursowp2012\/criterios-de-seleccion-de-temas\/\">Criterios de selecci\u00f3n de temas<\/a><\/li>\n\t\t<li id=\"menu-item-206\" class=\"menu-item menu-item-type-post_type menu-item-object-post menu-item-206\"><a href=\"https:\/\/cursoswp.educacion.navarra.es\/cursowp2012\/ejemplos-de-sitios-web\/\">Ejemplos de sitios web<\/a><\/li>\n\t<\/ul>\n<\/li>\n\t<li id=\"menu-item-256\" class=\"menu-item menu-item-type-taxonomy menu-item-object-category menu-item-has-children menu-item-256\"><a href=\"https:\/\/cursoswp.educacion.navarra.es\/cursowp2012\/categoria\/apoyo-para-las-sesiones\/sesion-4\/\">Sesi\u00f3n 4<\/a>\n\t<ul class=\"sub-menu\">\n\t\t<li id=\"menu-item-255\" class=\"menu-item menu-item-type-post_type menu-item-object-post menu-item-255\"><a href=\"https:\/\/cursoswp.educacion.navarra.es\/cursowp2012\/caracteristicas-de-la-revista-escolar-online\/\">Caracter\u00edsticas de la revista escolar online<\/a><\/li>\n\t\t<li id=\"menu-item-260\" class=\"menu-item menu-item-type-post_type menu-item-object-post menu-item-260\"><a href=\"https:\/\/cursoswp.educacion.navarra.es\/cursowp2012\/configuracion-linguistica-y-traduccion-de-wordpress\/\">Configuraci\u00f3n ling\u00fc\u00edstica y traducci\u00f3n de WordPress<\/a><\/li>\n\t\t<li id=\"menu-item-264\" class=\"menu-item menu-item-type-post_type menu-item-object-post menu-item-264\"><a href=\"https:\/\/cursoswp.educacion.navarra.es\/cursowp2012\/traduccion-de-wordpress-con-poedit\/\">Traducci\u00f3n de WordPress con PoEdit<\/a><\/li>\n\t\t<li id=\"menu-item-269\" class=\"menu-item menu-item-type-post_type menu-item-object-post menu-item-269\"><a href=\"https:\/\/cursoswp.educacion.navarra.es\/cursowp2012\/creacion-de-sitios-multilingues-con-wpml\/\">Creaci\u00f3n de sitios multiling\u00fces con WPML<\/a><\/li>\n\t<\/ul>\n<\/li>\n\t<li id=\"menu-item-284\" class=\"menu-item menu-item-type-taxonomy menu-item-object-category menu-item-has-children menu-item-284\"><a href=\"https:\/\/cursoswp.educacion.navarra.es\/cursowp2012\/categoria\/apoyo-para-las-sesiones\/sesion-5\/\">Sesi\u00f3n 5<\/a>\n\t<ul class=\"sub-menu\">\n\t\t<li id=\"menu-item-300\" class=\"menu-item menu-item-type-post_type menu-item-object-post menu-item-300\"><a href=\"https:\/\/cursoswp.educacion.navarra.es\/cursowp2012\/instalacion-de-wordpress\/\">Instalaci\u00f3n de WordPress<\/a><\/li>\n\t\t<li id=\"menu-item-303\" class=\"menu-item menu-item-type-post_type menu-item-object-post menu-item-303\"><a href=\"https:\/\/cursoswp.educacion.navarra.es\/cursowp2012\/instalacion-local-de-wordpress\/\">Instalaci\u00f3n local de WordPress<\/a><\/li>\n\t\t<li id=\"menu-item-306\" class=\"menu-item menu-item-type-post_type menu-item-object-post menu-item-306\"><a href=\"https:\/\/cursoswp.educacion.navarra.es\/cursowp2012\/activacion-del-modo-multisitio\/\">Activaci\u00f3n del modo multisitio<\/a><\/li>\n\t\t<li id=\"menu-item-309\" class=\"menu-item menu-item-type-post_type menu-item-object-post menu-item-309\"><a href=\"https:\/\/cursoswp.educacion.navarra.es\/cursowp2012\/configuracion-y-gestion-de-wordpress-multisitio-1\/\">Configuraci\u00f3n y gesti\u00f3n de WordPress multisitio, 1<\/a><\/li>\n\t\t<li id=\"menu-item-318\" class=\"menu-item menu-item-type-post_type menu-item-object-post menu-item-318\"><a href=\"https:\/\/cursoswp.educacion.navarra.es\/cursowp2012\/gestion-de-usuarios-en-entornos-multisitio\/\">Gesti\u00f3n de usuarios en entornos multisitio<\/a><\/li>\n\t<\/ul>\n<\/li>\n\t<li id=\"menu-item-325\" class=\"menu-item menu-item-type-taxonomy menu-item-object-category menu-item-has-children menu-item-325\"><a href=\"https:\/\/cursoswp.educacion.navarra.es\/cursowp2012\/categoria\/apoyo-para-las-sesiones\/sesion-6\/\">Sesi\u00f3n 6<\/a>\n\t<ul class=\"sub-menu\">\n\t\t<li id=\"menu-item-334\" class=\"menu-item menu-item-type-post_type menu-item-object-post menu-item-334\"><a href=\"https:\/\/cursoswp.educacion.navarra.es\/cursowp2012\/configuracion-y-gestion-de-wordpress-multisitio-2\/\">Configuraci\u00f3n y gesti\u00f3n de WordPress multisitio, 2<\/a><\/li>\n\t\t<li id=\"menu-item-336\" class=\"menu-item menu-item-type-post_type menu-item-object-post menu-item-336\"><a href=\"https:\/\/cursoswp.educacion.navarra.es\/cursowp2012\/actualizaciones-y-copias-de-seguridad-de-wordpress\/\">Actualizaciones y copias de seguridad de WordPress<\/a><\/li>\n\t\t<li id=\"menu-item-339\" class=\"menu-item menu-item-type-post_type menu-item-object-post menu-item-339\"><a href=\"https:\/\/cursoswp.educacion.navarra.es\/cursowp2012\/exportacion-e-importacion-del-contenido-de-un-blog-de-wordpress\/\">Exportaci\u00f3n e importaci\u00f3n del contenido de un blog de WordPress<\/a><\/li>\n\t\t<li id=\"menu-item-326\" class=\"menu-item menu-item-type-post_type menu-item-object-post menu-item-326\"><a href=\"https:\/\/cursoswp.educacion.navarra.es\/cursowp2012\/plugins-para-la-administracion-de-multisitios\/\">Plugins para la administraci\u00f3n de multisitios<\/a><\/li>\n\t<\/ul>\n<\/li>\n<\/ul>\n<\/li>\n<li id=\"menu-item-573\" class=\"menu-item menu-item-type-taxonomy menu-item-object-category menu-item-has-children menu-item-573\"><a href=\"https:\/\/cursoswp.educacion.navarra.es\/cursowp2012\/categoria\/materiales-y-recursos\/\"><i class=\"_mi _before dashicons dashicons-wordpress\" aria-hidden=\"true\" style=\"font-size:2em;\"><\/i><span>Materiales y recursos<\/span><\/a>\n<ul class=\"sub-menu\">\n\t<li id=\"menu-item-576\" class=\"menu-item menu-item-type-post_type menu-item-object-post menu-item-576\"><a href=\"https:\/\/cursoswp.educacion.navarra.es\/cursowp2012\/manuales-y-tutoriales-sobre-wordpress\/\">Manuales y tutoriales sobre WordPress<\/a><\/li>\n\t<li id=\"menu-item-574\" class=\"menu-item menu-item-type-post_type menu-item-object-post menu-item-574\"><a href=\"https:\/\/cursoswp.educacion.navarra.es\/cursowp2012\/libros-sobre-wordpress\/\">Libros sobre WordPress<\/a><\/li>\n\t<li id=\"menu-item-579\" class=\"menu-item menu-item-type-post_type menu-item-object-post menu-item-579\"><a href=\"https:\/\/cursoswp.educacion.navarra.es\/cursowp2012\/recursos-de-wordpress-sobre-wordpress\/\">Recursos de WordPress sobre WordPress<\/a><\/li>\n\t<li id=\"menu-item-575\" class=\"menu-item menu-item-type-post_type menu-item-object-post menu-item-575\"><a href=\"https:\/\/cursoswp.educacion.navarra.es\/cursowp2012\/sitios-web-sobre-wordpress\/\">Sitios web sobre WordPress<\/a><\/li>\n\t<li id=\"menu-item-577\" class=\"menu-item menu-item-type-post_type menu-item-object-post menu-item-577\"><a href=\"https:\/\/cursoswp.educacion.navarra.es\/cursowp2012\/plataformas-de-blogs-educativos-basadas-en-wordpress\/\">Plataformas de blogs educativos basadas en WordPress<\/a><\/li>\n\t<li id=\"menu-item-578\" class=\"menu-item menu-item-type-post_type menu-item-object-post menu-item-578\"><a href=\"https:\/\/cursoswp.educacion.navarra.es\/cursowp2012\/wordpress-en-el-pnte\/\">WordPress en el PNTE<\/a><\/li>\n<\/ul>\n<\/li>\n<li id=\"menu-item-22\" class=\"menu-item menu-item-type-taxonomy menu-item-object-category menu-item-has-children menu-item-22\"><a href=\"https:\/\/cursoswp.educacion.navarra.es\/cursowp2012\/categoria\/actividades-complementarias\/\"><i class=\"_mi _before dashicons dashicons-hammer\" aria-hidden=\"true\" style=\"font-size:2em;\"><\/i><span>Actividades<\/span><\/a>\n<ul class=\"sub-menu\">\n\t<li id=\"menu-item-585\" class=\"menu-item menu-item-type-post_type menu-item-object-post menu-item-585\"><a href=\"https:\/\/cursoswp.educacion.navarra.es\/cursowp2012\/actividades-para-despues-de-la-primera-sesion\/\">Actividades para despu\u00e9s de la primera sesi\u00f3n<\/a><\/li>\n\t<li id=\"menu-item-584\" class=\"menu-item menu-item-type-post_type menu-item-object-post menu-item-584\"><a href=\"https:\/\/cursoswp.educacion.navarra.es\/cursowp2012\/actividades-para-despues-de-la-segunda-sesion\/\">Actividades para despu\u00e9s de la segunda sesi\u00f3n<\/a><\/li>\n\t<li id=\"menu-item-583\" class=\"menu-item menu-item-type-post_type menu-item-object-post menu-item-583\"><a href=\"https:\/\/cursoswp.educacion.navarra.es\/cursowp2012\/actividades-para-despues-de-la-tercera-sesion\/\">Actividades para despu\u00e9s de la tercera sesi\u00f3n<\/a><\/li>\n\t<li id=\"menu-item-582\" class=\"menu-item menu-item-type-post_type menu-item-object-post menu-item-582\"><a href=\"https:\/\/cursoswp.educacion.navarra.es\/cursowp2012\/actividades-para-despues-de-la-cuarta-sesion\/\">Actividades para despu\u00e9s de la cuarta sesi\u00f3n<\/a><\/li>\n\t<li id=\"menu-item-581\" class=\"menu-item menu-item-type-post_type menu-item-object-post menu-item-581\"><a href=\"https:\/\/cursoswp.educacion.navarra.es\/cursowp2012\/actividades-para-despues-de-la-quinta-sesion\/\">Actividades para despu\u00e9s de la quinta sesi\u00f3n<\/a><\/li>\n\t<li id=\"menu-item-580\" class=\"menu-item menu-item-type-post_type menu-item-object-post menu-item-580\"><a href=\"https:\/\/cursoswp.educacion.navarra.es\/cursowp2012\/actividades-para-despues-de-la-sexta-sesion\/\">Actividades para despu\u00e9s de la sexta sesi\u00f3n<\/a><\/li>\n<\/ul>\n<\/li>\n<li id=\"menu-item-588\" class=\"oculto menu-item menu-item-type-post_type menu-item-object-page menu-item-588\"><a href=\"https:\/\/cursoswp.educacion.navarra.es\/cursowp2012\/blog-del-curso\/\"><i class=\"_mi _before dashicons dashicons-welcome-widgets-menus\" aria-hidden=\"true\" style=\"font-size:2em;\"><\/i><span>El curso, como blog<\/span><\/a><\/li>\n<li id=\"menu-item-586\" class=\"oculto menu-item menu-item-type-post_type menu-item-object-page menu-item-586\"><a href=\"https:\/\/cursoswp.educacion.navarra.es\/cursowp2012\/mapa-del-sitio-web\/\"><i class=\"_mi _before dashicons dashicons-networking\" aria-hidden=\"true\" style=\"font-size:2em;\"><\/i><span>Mapa del sitio<\/span><\/a><\/li>\n<li id=\"menu-item-587\" class=\"oculto menu-item menu-item-type-post_type menu-item-object-page menu-item-587\"><a href=\"https:\/\/cursoswp.educacion.navarra.es\/cursowp2012\/formulario-de-contacto\/\"><i class=\"_mi _before dashicons dashicons-email-alt\" aria-hidden=\"true\" style=\"font-size:2em;\"><\/i><span>Contacto<\/span><\/a><\/li>\n<\/ul><\/div>\n","protected":false},"excerpt":{"rendered":"<p>A continuaci\u00f3n se muestra el mapa del sitio web, cuyo contenido est\u00e1 organizado de la misma forma que el men\u00fa principal de la cabecera.<\/p>\n","protected":false},"author":1,"featured_media":0,"parent":0,"menu_order":4,"comment_status":"closed","ping_status":"closed","template":"","meta":{"_genesis_hide_title":false,"_genesis_hide_breadcrumbs":false,"_genesis_hide_singular_image":false,"_genesis_hide_footer_widgets":false,"_genesis_custom_body_class":"","_genesis_custom_post_class":"","_genesis_layout":""},"yoast_head":"<!-- This site is optimized with the Yoast SEO plugin v19.13 - https:\/\/yoast.com\/wordpress\/plugins\/seo\/ -->\n<title>Mapa del sitio web - Curso de WordPress 2012<\/title>\n<meta name=\"description\" content=\"Mapa del sitio web Curso de WordPress 2012\" \/>\n<meta name=\"robots\" content=\"index, follow, max-snippet:-1, max-image-preview:large, max-video-preview:-1\" \/>\n<link rel=\"canonical\" href=\"https:\/\/cursoswp.educacion.navarra.es\/cursowp2012\/mapa-del-sitio-web\/\" \/>\n<meta property=\"og:locale\" content=\"es_ES\" \/>\n<meta property=\"og:type\" content=\"article\" \/>\n<meta property=\"og:title\" content=\"Mapa del sitio web - Curso de WordPress 2012\" \/>\n<meta property=\"og:description\" content=\"Mapa del sitio web Curso de WordPress 2012\" \/>\n<meta property=\"og:url\" content=\"https:\/\/cursoswp.educacion.navarra.es\/cursowp2012\/mapa-del-sitio-web\/\" \/>\n<meta property=\"og:site_name\" content=\"Curso de WordPress 2012\" \/>\n<meta property=\"article:modified_time\" content=\"2015-05-18T12:09:10+00:00\" \/>\n<script type=\"application\/ld+json\" class=\"yoast-schema-graph\">{\"@context\":\"https:\/\/schema.org\",\"@graph\":[{\"@type\":\"WebPage\",\"@id\":\"https:\/\/cursoswp.educacion.navarra.es\/cursowp2012\/mapa-del-sitio-web\/\",\"url\":\"https:\/\/cursoswp.educacion.navarra.es\/cursowp2012\/mapa-del-sitio-web\/\",\"name\":\"Mapa del sitio web - Curso de WordPress 2012\",\"isPartOf\":{\"@id\":\"https:\/\/cursoswp.educacion.navarra.es\/cursowp2012\/#website\"},\"datePublished\":\"2012-01-24T13:18:13+00:00\",\"dateModified\":\"2015-05-18T12:09:10+00:00\",\"description\":\"Mapa del sitio web Curso de WordPress 2012\",\"breadcrumb\":{\"@id\":\"https:\/\/cursoswp.educacion.navarra.es\/cursowp2012\/mapa-del-sitio-web\/#breadcrumb\"},\"inLanguage\":\"es\",\"potentialAction\":[{\"@type\":\"ReadAction\",\"target\":[\"https:\/\/cursoswp.educacion.navarra.es\/cursowp2012\/mapa-del-sitio-web\/\"]}]},{\"@type\":\"BreadcrumbList\",\"@id\":\"https:\/\/cursoswp.educacion.navarra.es\/cursowp2012\/mapa-del-sitio-web\/#breadcrumb\",\"itemListElement\":[{\"@type\":\"ListItem\",\"position\":1,\"name\":\"Portada\",\"item\":\"https:\/\/cursoswp.educacion.navarra.es\/cursowp2012\/\"},{\"@type\":\"ListItem\",\"position\":2,\"name\":\"Mapa del sitio web\"}]},{\"@type\":\"WebSite\",\"@id\":\"https:\/\/cursoswp.educacion.navarra.es\/cursowp2012\/#website\",\"url\":\"https:\/\/cursoswp.educacion.navarra.es\/cursowp2012\/\",\"name\":\"Curso de WordPress 2012\",\"description\":\"Curso sobre WordPress multisitio en el CAP de Pamplona\",\"potentialAction\":[{\"@type\":\"SearchAction\",\"target\":{\"@type\":\"EntryPoint\",\"urlTemplate\":\"https:\/\/cursoswp.educacion.navarra.es\/cursowp2012\/?s={search_term_string}\"},\"query-input\":\"required name=search_term_string\"}],\"inLanguage\":\"es\"}]}<\/script>\n<!-- \/ Yoast SEO plugin. -->","yoast_head_json":{"title":"Mapa del sitio web - Curso de WordPress 2012","description":"Mapa del sitio web Curso de WordPress 2012","robots":{"index":"index","follow":"follow","max-snippet":"max-snippet:-1","max-image-preview":"max-image-preview:large","max-video-preview":"max-video-preview:-1"},"canonical":"https:\/\/cursoswp.educacion.navarra.es\/cursowp2012\/mapa-del-sitio-web\/","og_locale":"es_ES","og_type":"article","og_title":"Mapa del sitio web - Curso de WordPress 2012","og_description":"Mapa del sitio web Curso de WordPress 2012","og_url":"https:\/\/cursoswp.educacion.navarra.es\/cursowp2012\/mapa-del-sitio-web\/","og_site_name":"Curso de WordPress 2012","article_modified_time":"2015-05-18T12:09:10+00:00","schema":{"@context":"https:\/\/schema.org","@graph":[{"@type":"WebPage","@id":"https:\/\/cursoswp.educacion.navarra.es\/cursowp2012\/mapa-del-sitio-web\/","url":"https:\/\/cursoswp.educacion.navarra.es\/cursowp2012\/mapa-del-sitio-web\/","name":"Mapa del sitio web - Curso de WordPress 2012","isPartOf":{"@id":"https:\/\/cursoswp.educacion.navarra.es\/cursowp2012\/#website"},"datePublished":"2012-01-24T13:18:13+00:00","dateModified":"2015-05-18T12:09:10+00:00","description":"Mapa del sitio web Curso de WordPress 2012","breadcrumb":{"@id":"https:\/\/cursoswp.educacion.navarra.es\/cursowp2012\/mapa-del-sitio-web\/#breadcrumb"},"inLanguage":"es","potentialAction":[{"@type":"ReadAction","target":["https:\/\/cursoswp.educacion.navarra.es\/cursowp2012\/mapa-del-sitio-web\/"]}]},{"@type":"BreadcrumbList","@id":"https:\/\/cursoswp.educacion.navarra.es\/cursowp2012\/mapa-del-sitio-web\/#breadcrumb","itemListElement":[{"@type":"ListItem","position":1,"name":"Portada","item":"https:\/\/cursoswp.educacion.navarra.es\/cursowp2012\/"},{"@type":"ListItem","position":2,"name":"Mapa del sitio web"}]},{"@type":"WebSite","@id":"https:\/\/cursoswp.educacion.navarra.es\/cursowp2012\/#website","url":"https:\/\/cursoswp.educacion.navarra.es\/cursowp2012\/","name":"Curso de WordPress 2012","description":"Curso sobre WordPress multisitio en el CAP de Pamplona","potentialAction":[{"@type":"SearchAction","target":{"@type":"EntryPoint","urlTemplate":"https:\/\/cursoswp.educacion.navarra.es\/cursowp2012\/?s={search_term_string}"},"query-input":"required name=search_term_string"}],"inLanguage":"es"}]}},"_links":{"self":[{"href":"https:\/\/cursoswp.educacion.navarra.es\/cursowp2012\/wp-json\/wp\/v2\/pages\/108"}],"collection":[{"href":"https:\/\/cursoswp.educacion.navarra.es\/cursowp2012\/wp-json\/wp\/v2\/pages"}],"about":[{"href":"https:\/\/cursoswp.educacion.navarra.es\/cursowp2012\/wp-json\/wp\/v2\/types\/page"}],"author":[{"embeddable":true,"href":"https:\/\/cursoswp.educacion.navarra.es\/cursowp2012\/wp-json\/wp\/v2\/users\/1"}],"replies":[{"embeddable":true,"href":"https:\/\/cursoswp.educacion.navarra.es\/cursowp2012\/wp-json\/wp\/v2\/comments?post=108"}],"version-history":[{"count":0,"href":"https:\/\/cursoswp.educacion.navarra.es\/cursowp2012\/wp-json\/wp\/v2\/pages\/108\/revisions"}],"wp:attachment":[{"href":"https:\/\/cursoswp.educacion.navarra.es\/cursowp2012\/wp-json\/wp\/v2\/media?parent=108"}],"curies":[{"name":"wp","href":"https:\/\/api.w.org\/{rel}","templated":true}]}}